{"id":100462,"date":"2023-06-03T13:21:54","date_gmt":"2023-06-03T13:21:54","guid":{"rendered":"https:\/\/berberedesign.com\/?post_type=product&#038;p=100462"},"modified":"2025-02-22T17:26:26","modified_gmt":"2025-02-22T17:26:26","slug":"pouf-en-cuir-marocain-tan-pouf-en-cuir-marocain-marron","status":"publish","type":"product","link":"https:\/\/berberedesign.com\/fr\/pouf-en-cuir-marocain-tan-pouf-en-cuir-marocain-marron\/","title":{"rendered":"Pouf en cuir maroquin Tan, pouf maroquin marron"},"content":{"rendered":"<p>Transformez votre espace de vie avec ce magnifique pouf marocain en cuir. Fabriqu\u00e9 par des artisans qualifi\u00e9s, ce pouf est en cuir v\u00e9ritable dans une riche teinte marron, offrant un m\u00e9lange de tradition et d'\u00e9l\u00e9gance moderne. Parfait comme repose-pieds, comme si\u00e8ge d'appoint ou comme \u00e9l\u00e9ment d\u00e9coratif, il s'int\u00e8gre parfaitement \u00e0 diff\u00e9rents styles de d\u00e9coration.<\/p>\n<ul>\n<li><strong>Artisanat authentique :<\/strong> Fabriqu\u00e9 \u00e0 la main par des artisans marocains \u00e0 partir de cuir v\u00e9ritable de premi\u00e8re qualit\u00e9.<\/li>\n<li><strong>\u00c9l\u00e9gante tonalit\u00e9 brun tann\u00e9 :<\/strong> Une couleur neutre mais chaude qui rehausse l'esth\u00e9tique de n'importe quelle pi\u00e8ce.<\/li>\n<li><strong>Fonctionnalit\u00e9 polyvalente :<\/strong> Id\u00e9al comme repose-pieds, comme si\u00e8ge suppl\u00e9mentaire ou comme pi\u00e8ce ma\u00eetresse \u00e9l\u00e9gante.<\/li>\n<li><strong>Durable et de longue dur\u00e9e :<\/strong> La construction en cuir robuste garantit des ann\u00e9es d'utilisation fiable.<\/li>\n<li><strong>Design intemporel :<\/strong> L'art marocain traditionnel se m\u00eale \u00e0 la simplicit\u00e9 moderne.<\/li>\n<\/ul>\n<p>Ce pouf marocain en cuir fauve est le compl\u00e9ment id\u00e9al de votre int\u00e9rieur, alliant fonctionnalit\u00e9, durabilit\u00e9 et h\u00e9ritage culturel.<\/p>","protected":false},"excerpt":{"rendered":"<p>Le <strong>Pouf en cuir marocain Tan<\/strong> est l'incarnation de la sophistication, un must-have pour votre espace de vie. Son motif de couture d\u00e9licat, associ\u00e9 au cuir v\u00e9ritable, cr\u00e9e une aura d'\u00e9l\u00e9gance qui hypnotisera les spectateurs. <strong>Ce pouf de style marocain<\/strong> n'est pas seulement un plaisir pour les yeux, mais il est aussi l\u00e9ger et facile \u00e0 d\u00e9placer, ce qui en fait un compl\u00e9ment id\u00e9al pour n'importe quelle pi\u00e8ce de votre maison.<\/p>","protected":false},"featured_media":100467,"comment_status":"open","ping_status":"closed","template":"","meta":[],"product_brand":[],"product_cat":[202,302,204,236],"product_tag":[],"class_list":{"0":"post-100462","1":"product","2":"type-product","3":"status-publish","4":"has-post-thumbnail","6":"product_cat-home-decor","7":"product_cat-leather-poufs","8":"product_cat-moroccan-poufs","9":"product_cat-sale-items","10":"product_shipping_class-free","11":"description-off","13":"first","14":"instock","15":"sale","16":"shipping-taxable","17":"purchasable","18":"product-type-variable"},"jetpack_sharing_enabled":true,"_links":{"self":[{"href":"https:\/\/berberedesign.com\/fr\/wp-json\/wp\/v2\/product\/100462","targetHints":{"allow":["GET"]}}],"collection":[{"href":"https:\/\/berberedesign.com\/fr\/wp-json\/wp\/v2\/product"}],"about":[{"href":"https:\/\/berberedesign.com\/fr\/wp-json\/wp\/v2\/types\/product"}],"replies":[{"embeddable":true,"href":"https:\/\/berberedesign.com\/fr\/wp-json\/wp\/v2\/comments?post=100462"}],"version-history":[{"count":2,"href":"https:\/\/berberedesign.com\/fr\/wp-json\/wp\/v2\/product\/100462\/revisions"}],"predecessor-version":[{"id":106573,"href":"https:\/\/berberedesign.com\/fr\/wp-json\/wp\/v2\/product\/100462\/revisions\/106573"}],"wp:featuredmedia":[{"embeddable":true,"href":"https:\/\/berberedesign.com\/fr\/wp-json\/wp\/v2\/media\/100467"}],"wp:attachment":[{"href":"https:\/\/berberedesign.com\/fr\/wp-json\/wp\/v2\/media?parent=100462"}],"wp:term":[{"taxonomy":"product_brand","embeddable":true,"href":"https:\/\/berberedesign.com\/fr\/wp-json\/wp\/v2\/product_brand?post=100462"},{"taxonomy":"product_cat","embeddable":true,"href":"https:\/\/berberedesign.com\/fr\/wp-json\/wp\/v2\/product_cat?post=100462"},{"taxonomy":"product_tag","embeddable":true,"href":"https:\/\/berberedesign.com\/fr\/wp-json\/wp\/v2\/product_tag?post=100462"}],"curies":[{"name":"wp","href":"https:\/\/api.w.org\/{rel}","templated":true}]}}