{"id":100325,"date":"2023-05-20T18:31:59","date_gmt":"2023-05-20T18:31:59","guid":{"rendered":"https:\/\/berberedesign.com\/?post_type=product&#038;p=100325"},"modified":"2026-02-26T23:08:31","modified_gmt":"2026-02-26T23:08:31","slug":"pouf-en-cuir-veritable-marocain-orne-fait-main-rond-marron","status":"publish","type":"product","link":"https:\/\/berberedesign.com\/fr\/pouf-en-cuir-veritable-marocain-orne-fait-main-rond-marron\/","title":{"rendered":"Pouf marocain en cuir v\u00e9ritable orn\u00e9 fait \u00e0 la main Rond - Marron"},"content":{"rendered":"<p>Rehaussez votre d\u00e9coration int\u00e9rieure avec ce pouf rond en cuir marocain au design ornemental. Fabriqu\u00e9 \u00e0 la main par des artisans qualifi\u00e9s, il met en valeur le savoir-faire exquis et le cuir v\u00e9ritable de premi\u00e8re qualit\u00e9 dans un ton brun chaud. Parfait pour servir de repose-pieds, de si\u00e8ge suppl\u00e9mentaire ou d'accent d\u00e9coratif, ce pouf apporte un m\u00e9lange de tradition et de style moderne \u00e0 votre espace de vie.<\/p>\n<ul>\n<li><strong>Artisanat authentique :<\/strong> Fabriqu\u00e9 \u00e0 la main par des artisans marocains, ce qui garantit des d\u00e9tails uniques et de haute qualit\u00e9.<\/li>\n<li><strong>Cuir v\u00e9ritable de premi\u00e8re qualit\u00e9 :<\/strong> Fabriqu\u00e9 en cuir authentique et durable avec une finition marron riche.<\/li>\n<li><strong>D\u00e9corations ornementales :<\/strong> Les motifs complexes refl\u00e8tent la beaut\u00e9 de l'art marocain.<\/li>\n<li><strong>Utilisation polyvalente :<\/strong> Id\u00e9al comme repose-pieds, comme si\u00e8ge suppl\u00e9mentaire ou comme pi\u00e8ce ma\u00eetresse dans n'importe quelle pi\u00e8ce.<\/li>\n<li><strong>Durable et fonctionnel :<\/strong> La construction robuste garantit une utilisation durable et un attrait intemporel.<\/li>\n<\/ul>\n<p>Ce pouf en cuir marocain orn\u00e9 allie h\u00e9ritage culturel et fonctionnalit\u00e9 moderne, ce qui en fait le compl\u00e9ment id\u00e9al de votre d\u00e9coration int\u00e9rieure.<\/p>\n<p><iframe title=\"Un talent artisanal marocain\" width=\"1200\" height=\"675\" src=\"https:\/\/www.youtube.com\/embed\/c_10xM47nDw?feature=oembed&#038;enablejsapi=1&#038;origin=https:\/\/berberedesign.com\" frameborder=\"0\" allow=\"accelerometer; autoplay; clipboard-write; encrypted-media; gyroscope; picture-in-picture; web-share\" referrerpolicy=\"strict-origin-when-cross-origin\" allowfullscreen><\/iframe><\/p>","protected":false},"excerpt":{"rendered":"<p>Faites l'exp\u00e9rience de la somptuosit\u00e9 avec le <strong>Pouf marocain en cuir v\u00e9ritable orn\u00e9 fait \u00e0 la main Rond<\/strong>. Les artisans marocains qualifi\u00e9s ont m\u00e9ticuleusement fabriqu\u00e9 chaque pi\u00e8ce. <strong>pouf rond en cuir Marron<\/strong>Ce qui en fait une pi\u00e8ce unique et incomparable. Le pouf offre une qualit\u00e9 in\u00e9gal\u00e9e, des formes polyvalentes et un design complexe auquel il est difficile de r\u00e9sister.<\/p>","protected":false},"featured_media":102411,"comment_status":"open","ping_status":"closed","template":"","meta":[],"product_brand":[],"product_cat":[234,202,302,204,232,236],"product_tag":[],"class_list":{"0":"post-100325","1":"product","2":"type-product","3":"status-publish","4":"has-post-thumbnail","6":"product_cat-best-sellers","7":"product_cat-home-decor","8":"product_cat-leather-poufs","9":"product_cat-moroccan-poufs","10":"product_cat-new-arrivals","11":"product_cat-sale-items","12":"product_shipping_class-free","13":"description-off","15":"first","16":"instock","17":"sale","18":"shipping-taxable","19":"purchasable","20":"product-type-variable"},"jetpack_sharing_enabled":true,"_links":{"self":[{"href":"https:\/\/berberedesign.com\/fr\/wp-json\/wp\/v2\/product\/100325","targetHints":{"allow":["GET"]}}],"collection":[{"href":"https:\/\/berberedesign.com\/fr\/wp-json\/wp\/v2\/product"}],"about":[{"href":"https:\/\/berberedesign.com\/fr\/wp-json\/wp\/v2\/types\/product"}],"replies":[{"embeddable":true,"href":"https:\/\/berberedesign.com\/fr\/wp-json\/wp\/v2\/comments?post=100325"}],"version-history":[{"count":3,"href":"https:\/\/berberedesign.com\/fr\/wp-json\/wp\/v2\/product\/100325\/revisions"}],"predecessor-version":[{"id":106814,"href":"https:\/\/berberedesign.com\/fr\/wp-json\/wp\/v2\/product\/100325\/revisions\/106814"}],"wp:featuredmedia":[{"embeddable":true,"href":"https:\/\/berberedesign.com\/fr\/wp-json\/wp\/v2\/media\/102411"}],"wp:attachment":[{"href":"https:\/\/berberedesign.com\/fr\/wp-json\/wp\/v2\/media?parent=100325"}],"wp:term":[{"taxonomy":"product_brand","embeddable":true,"href":"https:\/\/berberedesign.com\/fr\/wp-json\/wp\/v2\/product_brand?post=100325"},{"taxonomy":"product_cat","embeddable":true,"href":"https:\/\/berberedesign.com\/fr\/wp-json\/wp\/v2\/product_cat?post=100325"},{"taxonomy":"product_tag","embeddable":true,"href":"https:\/\/berberedesign.com\/fr\/wp-json\/wp\/v2\/product_tag?post=100325"}],"curies":[{"name":"wp","href":"https:\/\/api.w.org\/{rel}","templated":true}]}}