{"id":95064,"date":"2023-05-14T13:37:31","date_gmt":"2023-05-14T13:37:31","guid":{"rendered":"https:\/\/divifurnitureshop.divifixer.com\/?page_id=987500456"},"modified":"2023-10-14T21:17:18","modified_gmt":"2023-10-14T21:17:18","slug":"politique-dexpedition","status":"publish","type":"page","link":"https:\/\/berberedesign.com\/fr\/politique-dexpedition\/","title":{"rendered":"Politique d'exp\u00e9dition"},"content":{"rendered":"[et_pb_section fb_built=\"1\u2033 admin_label=\"section\" _builder_version=\"4.16\u2033 global_colors_info=\"{}\"][et_pb_row admin_label=\"row\" _builder_version=\"4.16\u2033 background_size=\"initial\" background_position=\"top_left\" background_repeat=\"repeat\" global_colors_info=\"{}\"][et_pb_column type=\"4_4\u2033 _builder_version=\"4.16\u2033 custom_padding=\"|||\" global_colors_info=\"{}\" custom_padding__hover=\"|||\"][et_pb_text admin_label=\"Texte\" _builder_version=\"4.21.0\u2033 background_size=\"initial\" background_position=\"top_left\" background_repeat=\"repeat\" hover_enabled=\"0\u2033 global_colors_info=\"{}\" sticky_enabled=\"0\u2033]<p><b>Voici notre politique d'exp\u00e9dition.<\/b><\/p>\n<p><!-- \/wp:post-content --><\/p>\n<p><!-- wp:paragraph --><\/p>\n<h3>Politique d'exp\u00e9dition :<\/h3>\n<p>&nbsp;<\/p>\n<p><!-- \/wp:paragraph --><\/p>\n<p><span class=\"NormalTextRun SCXW196480511 BCX8\">Nous avons le plaisir d'annoncer notre politique d'exp\u00e9dition, qui offre des services gratuits vers la plupart des destinations internationales. Nous visons une livraison rapide dans les 2 \u00e0 3 jours ouvrables en utilisant DHL Express, un service r\u00e9put\u00e9 de \"porte \u00e0 porte\". L'exp\u00e9dition internationale ne comprend pas les droits d'importation, mais en raison de notre accord de libre-\u00e9change avec le Maroc, les clients am\u00e9ricains ne seront pas soumis aux taxes d'importation. Nous <\/span><span class=\"NormalTextRun SCXW196480511 BCX8\">conseiller<\/span><span class=\"NormalTextRun SCXW196480511 BCX8\"> v\u00e9rifier les tarifs douaniers de votre pays avant de passer votre commande.<\/span><\/p>\n<p><!-- \/wp:paragraph --><\/p>[\/et_pb_text][\/et_pb_column][\/et_pb_row][\/et_pb_section]","protected":false},"excerpt":{"rendered":"<p>[et_pb_section fb_built=&#8221;1&#8243; admin_label=&#8221;section&#8221; _builder_version=&#8221;4.16&#8243; global_colors_info=&#8221;{}&#8221;][et_pb_row admin_label=&#8221;row&#8221; _builder_version=&#8221;4.16&#8243; background_size=&#8221;initial&#8221; background_position=&#8221;top_left&#8221; background_repeat=&#8221;repeat&#8221; global_colors_info=&#8221;{}&#8221;][et_pb_column type=&#8221;4_4&#8243; _builder_version=&#8221;4.16&#8243; custom_padding=&#8221;|||&#8221; global_colors_info=&#8221;{}&#8221; custom_padding__hover=&#8221;|||&#8221;][et_pb_text admin_label=&#8221;Text&#8221; _builder_version=&#8221;4.21.0&#8243; background_size=&#8221;initial&#8221; background_position=&#8221;top_left&#8221; background_repeat=&#8221;repeat&#8221; hover_enabled=&#8221;0&#8243; global_colors_info=&#8221;{}&#8221; sticky_enabled=&#8221;0&#8243;] Here&#8217;s our Shipping Policy. Shipping Policy: &nbsp; We are pleased to announce our shipping policy, offering complimentary services to most international destinations. We aim for prompt delivery within 2-3 business days&hellip;<\/p>","protected":false},"author":8,"featured_media":0,"parent":0,"menu_order":0,"comment_status":"closed","ping_status":"closed","template":"","meta":{"footnotes":""},"class_list":["post-95064","page","type-page","status-publish","hentry","description-off"],"jetpack_sharing_enabled":true,"_links":{"self":[{"href":"https:\/\/berberedesign.com\/fr\/wp-json\/wp\/v2\/pages\/95064","targetHints":{"allow":["GET"]}}],"collection":[{"href":"https:\/\/berberedesign.com\/fr\/wp-json\/wp\/v2\/pages"}],"about":[{"href":"https:\/\/berberedesign.com\/fr\/wp-json\/wp\/v2\/types\/page"}],"author":[{"embeddable":true,"href":"https:\/\/berberedesign.com\/fr\/wp-json\/wp\/v2\/users\/8"}],"replies":[{"embeddable":true,"href":"https:\/\/berberedesign.com\/fr\/wp-json\/wp\/v2\/comments?post=95064"}],"version-history":[{"count":0,"href":"https:\/\/berberedesign.com\/fr\/wp-json\/wp\/v2\/pages\/95064\/revisions"}],"wp:attachment":[{"href":"https:\/\/berberedesign.com\/fr\/wp-json\/wp\/v2\/media?parent=95064"}],"curies":[{"name":"wp","href":"https:\/\/api.w.org\/{rel}","templated":true}]}}