{"id":869,"date":"2020-01-01T11:38:23","date_gmt":"2020-01-01T11:38:23","guid":{"rendered":"https:\/\/berberedesign.com\/blog-2\/"},"modified":"2025-01-03T18:54:49","modified_gmt":"2025-01-03T18:54:49","slug":"blog","status":"publish","type":"page","link":"https:\/\/berberedesign.com\/fr\/info\/blog\/","title":{"rendered":"Blog"},"content":{"rendered":"<div data-elementor-type=\"wp-page\" data-elementor-id=\"869\" class=\"elementor elementor-869\" data-elementor-post-type=\"page\">\n\t\t\t\t\t\t<section class=\"elementor-section elementor-top-section elementor-element elementor-element-c211fa5 elementor-section-boxed elementor-section-height-default elementor-section-height-default\" data-id=\"c211fa5\" data-element_type=\"section\">\n\t\t\t\t\t\t<div class=\"elementor-container elementor-column-gap-wider\">\n\t\t\t\t\t<div class=\"elementor-column elementor-col-100 elementor-top-column elementor-element elementor-element-855861c\" data-id=\"855861c\" data-element_type=\"column\">\n\t\t\t<div class=\"elementor-widget-wrap elementor-element-populated\">\n\t\t\t\t\t\t<div class=\"elementor-element elementor-element-3611717 img-align-top icon-box-vertical-align-top image-vertical-align-start preserve-img-ratio-cover slide-h-position-left elementor-widget elementor-widget-the7-elements-simple-posts\" data-id=\"3611717\" data-element_type=\"widget\" data-widget_type=\"the7-elements-simple-posts.default\">\n\t\t\t\t<div class=\"elementor-widget-container\">\n\t\t\t\t\t<div class=\"the7-simple-widget-posts the7-elementor-widget the7-elements-simple-posts-3611717 show-all-pages\" data-post-limit=\"-1\" data-pagination-mode=\"standard\" data-scroll-offset=\"\">\t\t\t<div class=\"dt-css-grid custom-pagination-handler\" data-columns=\"{&quot;d&quot;:3,&quot;t&quot;:2,&quot;p&quot;:1,&quot;wd&quot;:&quot;&quot;}\">\n\t\t\t\t\t\t\t\t\t<div class=\"wf-cell visible\">\n\t\t\t\t\t\t<article class=\"post visible wrapper post-100596 type-post status-publish format-standard has-post-thumbnail hentry category-blogs category-127 description-off\">\n\n\t\t\t\t\t\t\t<div class=\"post-content-wrapper\">\n\t\t\t\t\t\t\t\t\t\t\t\t\t\t\t\t\t<div class=\"the7-simple-post-thumb\">\n\t\t\t\t\t\t\t\t\t\t<a class=\"post-thumbnail-rollover layzr-bg img-css-resize-wrapper\" aria-label=\"Image article\" href=\"https:\/\/berberedesign.com\/fr\/quels-sont-les-differents-types-de-tapis-marocains\/\"><img fetchpriority=\"high\" decoding=\"async\" width=\"1000\" height=\"430\" src=\"data:image\/svg+xml,%3Csvg%20xmlns%3D&#039;http%3A%2F%2Fwww.w3.org%2F2000%2Fsvg&#039;%20viewBox%3D&#039;0%200%201000%20430&#039;%2F%3E\" class=\"attachment-full size-full preload-me aspect lazy lazy-load\" alt=\"Quels sont les diff\u00e9rents types de tapis marocains ?\" sizes=\"(max-width: 1000px) 100vw, 1000px\" style=\"--ratio: 1000 \/ 430;\" data-src=\"https:\/\/berberedesign.com\/wp-content\/uploads\/2023\/06\/What-are-the-different-types-of-Moroccan-rugs-New.webp\" loading=\"eager\" data-srcset=\"https:\/\/berberedesign.com\/wp-content\/uploads\/2023\/06\/What-are-the-different-types-of-Moroccan-rugs-New.webp 1000w, https:\/\/berberedesign.com\/wp-content\/uploads\/2023\/06\/What-are-the-different-types-of-Moroccan-rugs-New-300x129.webp 300w, https:\/\/berberedesign.com\/wp-content\/uploads\/2023\/06\/What-are-the-different-types-of-Moroccan-rugs-New-768x330.webp 768w, https:\/\/berberedesign.com\/wp-content\/uploads\/2023\/06\/What-are-the-different-types-of-Moroccan-rugs-New-18x8.webp 18w, https:\/\/berberedesign.com\/wp-content\/uploads\/2023\/06\/What-are-the-different-types-of-Moroccan-rugs-New-20x9.webp 20w, https:\/\/berberedesign.com\/wp-content\/uploads\/2023\/06\/What-are-the-different-types-of-Moroccan-rugs-New-64x28.webp 64w, https:\/\/berberedesign.com\/wp-content\/uploads\/2023\/06\/What-are-the-different-types-of-Moroccan-rugs-New-980x421.webp 980w, https:\/\/berberedesign.com\/wp-content\/uploads\/2023\/06\/What-are-the-different-types-of-Moroccan-rugs-New-480x206.webp 480w\" title=\"\"><span class=\"the7-hover-icon\"><svg xmlns=\"http:\/\/www.w3.org\/2000\/svg\" viewbox=\"0 0 24 24\" width=\"24\" height=\"24\"><path fill=\"none\" d=\"M0 0h24v24H0z\"><\/path><path d=\"M5 10c-1.1 0-2 .9-2 2s.9 2 2 2 2-.9 2-2-.9-2-2-2zm14 0c-1.1 0-2 .9-2 2s.9 2 2 2 2-.9 2-2-.9-2-2-2zm-7 0c-1.1 0-2 .9-2 2s.9 2 2 2 2-.9 2-2-.9-2-2-2z\"><\/path><\/svg><\/span><\/a>\t\t\t\t\t\t\t\t\t<\/div>\n\t\t\t\t\t\t\t\t\t\t\t\t\t\t\t\t<div class=\"post-entry-content\">\n\t\t\t\t\t\t\t\t\t<h5 class=\"heading\"><a href=\"https:\/\/berberedesign.com\/fr\/quels-sont-les-differents-types-de-tapis-marocains\/\" rel=\"bookmark\" title=\"D\u00e9couvrez le monde cach\u00e9 des tapis marocains : 7 styles uniques dont vous ignoriez l&#039;existence\" class=\"post-title\">D\u00e9couvrez le monde cach\u00e9 des tapis marocains : 7 styles uniques dont vous ignoriez l'existence<\/a><\/h5><div class=\"entry-meta\"><span class=\"meta-item data-link\"><time class=\"entry-date updated\" datetime=\"2023-06-07T18:15:48+00:00\">7 juin 2023<\/time><\/span><\/div><p class=\"short-description\">\u00a0 Lorsque la plupart des gens pensent aux tapis marocains, ils s'imaginent un seul style - peut-\u00eatre le minimaliste Beni Ourain ou une pi\u00e8ce aux couleurs vives vue dans un magazine de style de vie. Mais la v\u00e9rit\u00e9 est bien plus fascinante. Il existe de nombreux types de tapis marocains, chacun avec des motifs, des origines et des techniques de tissage uniques qui refl\u00e8tent la richesse du Maroc...<\/p>\t\t\t\t\t\t\t\t<\/div>\n\t\t\t\t\t\t\t<\/div>\n\t\t\t\t\t\t<\/article>\n\t\t\t\t\t<\/div>\t\t\t\t\t\t\t\t\t\t<div class=\"wf-cell visible\">\n\t\t\t\t\t\t<article class=\"post visible wrapper post-97583 type-post status-publish format-standard has-post-thumbnail hentry category-blogs tag-is-morocco-safe tag-moroccan-people tag-morocco-continent tag-morocco-in-the-world tag-morocco-language tag-morocco-religion tag-where-is-morocco-located-in-africa tag-where-is-morocco-located-in-the-world-and-africa category-127 description-off\">\n\n\t\t\t\t\t\t\t<div class=\"post-content-wrapper\">\n\t\t\t\t\t\t\t\t\t\t\t\t\t\t\t\t\t<div class=\"the7-simple-post-thumb\">\n\t\t\t\t\t\t\t\t\t\t<a class=\"post-thumbnail-rollover layzr-bg img-css-resize-wrapper\" aria-label=\"Image article\" href=\"https:\/\/berberedesign.com\/fr\/ou-se-situe-le-maroc-dans-le-monde\/\"><img decoding=\"async\" width=\"1280\" height=\"854\" src=\"data:image\/svg+xml,%3Csvg%20xmlns%3D&#039;http%3A%2F%2Fwww.w3.org%2F2000%2Fsvg&#039;%20viewBox%3D&#039;0%200%201280%20854&#039;%2F%3E\" class=\"attachment-full size-full preload-me aspect lazy lazy-load\" alt=\"Maroc Beau pays\" sizes=\"(max-width: 1280px) 100vw, 1280px\" style=\"--ratio: 1280 \/ 854;\" data-src=\"https:\/\/berberedesign.com\/wp-content\/uploads\/2021\/07\/Untitled-design-25.png\" loading=\"eager\" data-srcset=\"https:\/\/berberedesign.com\/wp-content\/uploads\/2021\/07\/Untitled-design-25.png 1280w, https:\/\/berberedesign.com\/wp-content\/uploads\/2021\/07\/Untitled-design-25-300x200.png 300w, https:\/\/berberedesign.com\/wp-content\/uploads\/2021\/07\/Untitled-design-25-1024x683.png 1024w, https:\/\/berberedesign.com\/wp-content\/uploads\/2021\/07\/Untitled-design-25-768x512.png 768w, https:\/\/berberedesign.com\/wp-content\/uploads\/2021\/07\/Untitled-design-25-18x12.png 18w, https:\/\/berberedesign.com\/wp-content\/uploads\/2021\/07\/Untitled-design-25-1064x710.png 1064w, https:\/\/berberedesign.com\/wp-content\/uploads\/2021\/07\/Untitled-design-25-20x13.png 20w, https:\/\/berberedesign.com\/wp-content\/uploads\/2021\/07\/Untitled-design-25-64x43.png 64w, https:\/\/berberedesign.com\/wp-content\/uploads\/2021\/07\/Untitled-design-25-1080x721.png 1080w, https:\/\/berberedesign.com\/wp-content\/uploads\/2021\/07\/Untitled-design-25-980x654.png 980w, https:\/\/berberedesign.com\/wp-content\/uploads\/2021\/07\/Untitled-design-25-480x320.png 480w\" title=\"\"><span class=\"the7-hover-icon\"><svg xmlns=\"http:\/\/www.w3.org\/2000\/svg\" viewbox=\"0 0 24 24\" width=\"24\" height=\"24\"><path fill=\"none\" d=\"M0 0h24v24H0z\"><\/path><path d=\"M5 10c-1.1 0-2 .9-2 2s.9 2 2 2 2-.9 2-2-.9-2-2-2zm14 0c-1.1 0-2 .9-2 2s.9 2 2 2 2-.9 2-2-.9-2-2-2zm-7 0c-1.1 0-2 .9-2 2s.9 2 2 2 2-.9 2-2-.9-2-2-2z\"><\/path><\/svg><\/span><\/a>\t\t\t\t\t\t\t\t\t<\/div>\n\t\t\t\t\t\t\t\t\t\t\t\t\t\t\t\t<div class=\"post-entry-content\">\n\t\t\t\t\t\t\t\t\t<h5 class=\"heading\"><a href=\"https:\/\/berberedesign.com\/fr\/ou-se-situe-le-maroc-dans-le-monde\/\" rel=\"bookmark\" title=\"O\u00f9 se situe le Maroc dans le monde\" class=\"post-title\">O\u00f9 se situe le Maroc dans le monde<\/a><\/h5><div class=\"entry-meta\"><span class=\"meta-item data-link\"><time class=\"entry-date updated\" datetime=\"2021-07-16T06:49:14+00:00\">16 juillet 2021<\/time><\/span><\/div><p class=\"short-description\">O\u00f9 se situe le Maroc dans le monde et en Afrique ? Situ\u00e9 dans la partie nord-ouest du continent africain, le Maroc est un pays souverain qui s'enorgueillit de sa fronti\u00e8re avec l'oc\u00e9an Atlantique \u00e0 l'ouest et la mer M\u00e9diterran\u00e9e au nord. Bord\u00e9 par l'Alg\u00e9rie \u00e0 l'est et la Mauritanie au sud, le Maroc est un pays...<\/p>\t\t\t\t\t\t\t\t<\/div>\n\t\t\t\t\t\t\t<\/div>\n\t\t\t\t\t\t<\/article>\n\t\t\t\t\t<\/div>\t\t\t\t\t\t\t\t\t\t<div class=\"wf-cell visible\">\n\t\t\t\t\t\t<article class=\"post visible wrapper post-97721 type-post status-publish format-standard has-post-thumbnail hentry category-blogs category-127 description-off\">\n\n\t\t\t\t\t\t\t<div class=\"post-content-wrapper\">\n\t\t\t\t\t\t\t\t\t\t\t\t\t\t\t\t\t<div class=\"the7-simple-post-thumb\">\n\t\t\t\t\t\t\t\t\t\t<a class=\"post-thumbnail-rollover layzr-bg img-css-resize-wrapper\" aria-label=\"Image article\" href=\"https:\/\/berberedesign.com\/fr\/explorer-les-saveurs-de-la-cuisine-marocaine-au-restaurant-marocain\/\"><img decoding=\"async\" width=\"1000\" height=\"667\" src=\"data:image\/svg+xml,%3Csvg%20xmlns%3D&#039;http%3A%2F%2Fwww.w3.org%2F2000%2Fsvg&#039;%20viewBox%3D&#039;0%200%201000%20667&#039;%2F%3E\" class=\"attachment-full size-full preload-me aspect lazy lazy-load\" alt=\"\" sizes=\"(max-width: 1000px) 100vw, 1000px\" style=\"--ratio: 1000 \/ 667;\" data-src=\"https:\/\/berberedesign.com\/wp-content\/uploads\/2021\/07\/e3dbfeee6f.jpeg\" loading=\"eager\" data-srcset=\"https:\/\/berberedesign.com\/wp-content\/uploads\/2021\/07\/e3dbfeee6f.jpeg 1000w, https:\/\/berberedesign.com\/wp-content\/uploads\/2021\/07\/e3dbfeee6f-300x200.jpeg 300w, https:\/\/berberedesign.com\/wp-content\/uploads\/2021\/07\/e3dbfeee6f-768x512.jpeg 768w, https:\/\/berberedesign.com\/wp-content\/uploads\/2021\/07\/e3dbfeee6f-18x12.jpeg 18w, https:\/\/berberedesign.com\/wp-content\/uploads\/2021\/07\/e3dbfeee6f-20x13.jpeg 20w, https:\/\/berberedesign.com\/wp-content\/uploads\/2021\/07\/e3dbfeee6f-64x43.jpeg 64w, https:\/\/berberedesign.com\/wp-content\/uploads\/2021\/07\/e3dbfeee6f-980x654.jpeg 980w, https:\/\/berberedesign.com\/wp-content\/uploads\/2021\/07\/e3dbfeee6f-480x320.jpeg 480w\" title=\"\"><span class=\"the7-hover-icon\"><svg xmlns=\"http:\/\/www.w3.org\/2000\/svg\" viewbox=\"0 0 24 24\" width=\"24\" height=\"24\"><path fill=\"none\" d=\"M0 0h24v24H0z\"><\/path><path d=\"M5 10c-1.1 0-2 .9-2 2s.9 2 2 2 2-.9 2-2-.9-2-2-2zm14 0c-1.1 0-2 .9-2 2s.9 2 2 2 2-.9 2-2-.9-2-2-2zm-7 0c-1.1 0-2 .9-2 2s.9 2 2 2 2-.9 2-2-.9-2-2-2z\"><\/path><\/svg><\/span><\/a>\t\t\t\t\t\t\t\t\t<\/div>\n\t\t\t\t\t\t\t\t\t\t\t\t\t\t\t\t<div class=\"post-entry-content\">\n\t\t\t\t\t\t\t\t\t<h5 class=\"heading\"><a href=\"https:\/\/berberedesign.com\/fr\/explorer-les-saveurs-de-la-cuisine-marocaine-au-restaurant-marocain\/\" rel=\"bookmark\" title=\"Explorer les saveurs de la cuisine marocaine au (restaurant marocain)\" class=\"post-title\">Explorer les saveurs de la cuisine marocaine au (restaurant marocain)<\/a><\/h5><div class=\"entry-meta\"><span class=\"meta-item data-link\"><time class=\"entry-date updated\" datetime=\"2021-07-16T06:48:54+00:00\">16 juillet 2021<\/time><\/span><\/div><p class=\"short-description\">Explorer les saveurs de la cuisine marocaine au (Restaurant marocain) La cuisine marocaine est une fusion vibrante et savoureuse d'influences m\u00e9diterran\u00e9ennes, arabes et africaines. Au (Restaurant marocain), les convives peuvent d\u00e9couvrir les saveurs riches et exotiques de ce pays d'Afrique du Nord dans une atmosph\u00e8re chaleureuse et accueillante. Des tajines aromatiques au couscous moelleux, le menu offre une...<\/p>\t\t\t\t\t\t\t\t<\/div>\n\t\t\t\t\t\t\t<\/div>\n\t\t\t\t\t\t<\/article>\n\t\t\t\t\t<\/div>\t\t\t\t\t\t\t\t\t\t<div class=\"wf-cell visible\">\n\t\t\t\t\t\t<article class=\"post visible wrapper post-91343 type-post status-publish format-standard has-post-thumbnail hentry category-blogs category-127 description-off\">\n\n\t\t\t\t\t\t\t<div class=\"post-content-wrapper\">\n\t\t\t\t\t\t\t\t\t\t\t\t\t\t\t\t\t<div class=\"the7-simple-post-thumb\">\n\t\t\t\t\t\t\t\t\t\t<a class=\"post-thumbnail-rollover layzr-bg img-css-resize-wrapper\" aria-label=\"Image article\" href=\"https:\/\/berberedesign.com\/fr\/tout-ce-quil-faut-savoir-sur-le-tapis-marocain\/\"><img decoding=\"async\" width=\"1280\" height=\"854\" src=\"data:image\/svg+xml,%3Csvg%20xmlns%3D&#039;http%3A%2F%2Fwww.w3.org%2F2000%2Fsvg&#039;%20viewBox%3D&#039;0%200%201280%20854&#039;%2F%3E\" class=\"attachment-full size-full preload-me aspect lazy lazy-load\" alt=\"tapis marocain \u00e0 carreaux beni ourain\" sizes=\"(max-width: 1280px) 100vw, 1280px\" style=\"--ratio: 1280 \/ 854;\" data-src=\"https:\/\/berberedesign.com\/wp-content\/uploads\/2021\/07\/moroccan-beni-ourain-checkered-rug.webp\" loading=\"eager\" data-srcset=\"https:\/\/berberedesign.com\/wp-content\/uploads\/2021\/07\/moroccan-beni-ourain-checkered-rug.webp 1280w, https:\/\/berberedesign.com\/wp-content\/uploads\/2021\/07\/moroccan-beni-ourain-checkered-rug-300x200.webp 300w, https:\/\/berberedesign.com\/wp-content\/uploads\/2021\/07\/moroccan-beni-ourain-checkered-rug-1024x683.webp 1024w, https:\/\/berberedesign.com\/wp-content\/uploads\/2021\/07\/moroccan-beni-ourain-checkered-rug-768x512.webp 768w, https:\/\/berberedesign.com\/wp-content\/uploads\/2021\/07\/moroccan-beni-ourain-checkered-rug-18x12.webp 18w, https:\/\/berberedesign.com\/wp-content\/uploads\/2021\/07\/moroccan-beni-ourain-checkered-rug-1064x710.webp 1064w, https:\/\/berberedesign.com\/wp-content\/uploads\/2021\/07\/moroccan-beni-ourain-checkered-rug-20x13.webp 20w, https:\/\/berberedesign.com\/wp-content\/uploads\/2021\/07\/moroccan-beni-ourain-checkered-rug-64x43.webp 64w, https:\/\/berberedesign.com\/wp-content\/uploads\/2021\/07\/moroccan-beni-ourain-checkered-rug-1080x721.webp 1080w, https:\/\/berberedesign.com\/wp-content\/uploads\/2021\/07\/moroccan-beni-ourain-checkered-rug-980x654.webp 980w, https:\/\/berberedesign.com\/wp-content\/uploads\/2021\/07\/moroccan-beni-ourain-checkered-rug-480x320.webp 480w\" title=\"\"><span class=\"the7-hover-icon\"><svg xmlns=\"http:\/\/www.w3.org\/2000\/svg\" viewbox=\"0 0 24 24\" width=\"24\" height=\"24\"><path fill=\"none\" d=\"M0 0h24v24H0z\"><\/path><path d=\"M5 10c-1.1 0-2 .9-2 2s.9 2 2 2 2-.9 2-2-.9-2-2-2zm14 0c-1.1 0-2 .9-2 2s.9 2 2 2 2-.9 2-2-.9-2-2-2zm-7 0c-1.1 0-2 .9-2 2s.9 2 2 2 2-.9 2-2-.9-2-2-2z\"><\/path><\/svg><\/span><\/a>\t\t\t\t\t\t\t\t\t<\/div>\n\t\t\t\t\t\t\t\t\t\t\t\t\t\t\t\t<div class=\"post-entry-content\">\n\t\t\t\t\t\t\t\t\t<h5 class=\"heading\"><a href=\"https:\/\/berberedesign.com\/fr\/tout-ce-quil-faut-savoir-sur-le-tapis-marocain\/\" rel=\"bookmark\" title=\"Tout ce que vous devez savoir sur le tapis marocain\" class=\"post-title\">Tout ce que vous devez savoir sur le tapis marocain<\/a><\/h5><div class=\"entry-meta\"><span class=\"meta-item data-link\"><time class=\"entry-date updated\" datetime=\"2021-07-16T06:48:32+00:00\">16 juillet 2021<\/time><\/span><\/div><p class=\"short-description\">Qu'est-ce qu'un tapis marocain ? Les tapis de style marocain sont des textiles tiss\u00e9s \u00e0 la main par les Berb\u00e8res d'Afrique du Nord. Ces tapis sont connus pour leurs motifs uniques, leurs couleurs vives et leurs textures douces. Ils sont fabriqu\u00e9s \u00e0 l'aide de techniques traditionnelles transmises de g\u00e9n\u00e9ration en g\u00e9n\u00e9ration. Les tapis de style marocain sont fabriqu\u00e9s \u00e0 partir de mat\u00e9riaux naturels....<\/p>\t\t\t\t\t\t\t\t<\/div>\n\t\t\t\t\t\t\t<\/div>\n\t\t\t\t\t\t<\/article>\n\t\t\t\t\t<\/div>\t\t\t\t\t\t\t\t\t\t<div class=\"wf-cell visible\">\n\t\t\t\t\t\t<article class=\"post visible wrapper post-99539 type-post status-publish format-standard has-post-thumbnail hentry category-blogs category-127 description-off\">\n\n\t\t\t\t\t\t\t<div class=\"post-content-wrapper\">\n\t\t\t\t\t\t\t\t\t\t\t\t\t\t\t\t\t<div class=\"the7-simple-post-thumb\">\n\t\t\t\t\t\t\t\t\t\t<a class=\"post-thumbnail-rollover layzr-bg img-css-resize-wrapper\" aria-label=\"Image article\" href=\"https:\/\/berberedesign.com\/fr\/femmes-marocaines\/\"><img decoding=\"async\" width=\"1000\" height=\"430\" src=\"data:image\/svg+xml,%3Csvg%20xmlns%3D&#039;http%3A%2F%2Fwww.w3.org%2F2000%2Fsvg&#039;%20viewBox%3D&#039;0%200%201000%20430&#039;%2F%3E\" class=\"attachment-full size-full preload-me aspect lazy lazy-load\" alt=\"femmes marocaines\" sizes=\"(max-width: 1000px) 100vw, 1000px\" style=\"--ratio: 1000 \/ 430;\" data-src=\"https:\/\/berberedesign.com\/wp-content\/uploads\/2021\/07\/Untitled-design-45.png\" loading=\"eager\" data-srcset=\"https:\/\/berberedesign.com\/wp-content\/uploads\/2021\/07\/Untitled-design-45.png 1000w, https:\/\/berberedesign.com\/wp-content\/uploads\/2021\/07\/Untitled-design-45-300x129.png 300w, https:\/\/berberedesign.com\/wp-content\/uploads\/2021\/07\/Untitled-design-45-768x330.png 768w, https:\/\/berberedesign.com\/wp-content\/uploads\/2021\/07\/Untitled-design-45-18x8.png 18w, https:\/\/berberedesign.com\/wp-content\/uploads\/2021\/07\/Untitled-design-45-20x9.png 20w, https:\/\/berberedesign.com\/wp-content\/uploads\/2021\/07\/Untitled-design-45-64x28.png 64w, https:\/\/berberedesign.com\/wp-content\/uploads\/2021\/07\/Untitled-design-45-980x421.png 980w, https:\/\/berberedesign.com\/wp-content\/uploads\/2021\/07\/Untitled-design-45-480x206.png 480w\" title=\"\"><span class=\"the7-hover-icon\"><svg xmlns=\"http:\/\/www.w3.org\/2000\/svg\" viewbox=\"0 0 24 24\" width=\"24\" height=\"24\"><path fill=\"none\" d=\"M0 0h24v24H0z\"><\/path><path d=\"M5 10c-1.1 0-2 .9-2 2s.9 2 2 2 2-.9 2-2-.9-2-2-2zm14 0c-1.1 0-2 .9-2 2s.9 2 2 2 2-.9 2-2-.9-2-2-2zm-7 0c-1.1 0-2 .9-2 2s.9 2 2 2 2-.9 2-2-.9-2-2-2z\"><\/path><\/svg><\/span><\/a>\t\t\t\t\t\t\t\t\t<\/div>\n\t\t\t\t\t\t\t\t\t\t\t\t\t\t\t\t<div class=\"post-entry-content\">\n\t\t\t\t\t\t\t\t\t<h5 class=\"heading\"><a href=\"https:\/\/berberedesign.com\/fr\/femmes-marocaines\/\" rel=\"bookmark\" title=\"Femmes marocaines\" class=\"post-title\">Femmes marocaines<\/a><\/h5><div class=\"entry-meta\"><span class=\"meta-item data-link\"><time class=\"entry-date updated\" datetime=\"2021-07-16T06:48:07+00:00\">16 juillet 2021<\/time><\/span><\/div><p class=\"short-description\">Pourquoi les femmes marocaines sont-elles connues ? Les femmes marocaines sont connues pour leur beaut\u00e9, leur intelligence et leurs valeurs culturelles fortes. Elles sont souvent d\u00e9crites comme exotiques et myst\u00e9rieuses, avec un m\u00e9lange unique d'influences arabes, africaines et europ\u00e9ennes. Les Marocaines sont \u00e9galement connues pour leur hospitalit\u00e9 et leur chaleur envers les visiteurs, qui se sentent les bienvenus et \u00e0 l'aise dans...<\/p>\t\t\t\t\t\t\t\t<\/div>\n\t\t\t\t\t\t\t<\/div>\n\t\t\t\t\t\t<\/article>\n\t\t\t\t\t<\/div>\t\t\t\t\t\t\t\t<\/div>\n\t\t<\/div>\t\t\t\t<\/div>\n\t\t\t\t<\/div>\n\t\t\t\t\t<\/div>\n\t\t<\/div>\n\t\t\t\t\t<\/div>\n\t\t<\/section>\n\t\t\t\t<\/div>","protected":false},"excerpt":{"rendered":"","protected":false},"author":8,"featured_media":0,"parent":5691,"menu_order":0,"comment_status":"closed","ping_status":"closed","template":"","meta":{"footnotes":""},"class_list":["post-869","page","type-page","status-publish","hentry","category-127","description-off"],"jetpack_sharing_enabled":true,"_links":{"self":[{"href":"https:\/\/berberedesign.com\/fr\/wp-json\/wp\/v2\/pages\/869","targetHints":{"allow":["GET"]}}],"collection":[{"href":"https:\/\/berberedesign.com\/fr\/wp-json\/wp\/v2\/pages"}],"about":[{"href":"https:\/\/berberedesign.com\/fr\/wp-json\/wp\/v2\/types\/page"}],"author":[{"embeddable":true,"href":"https:\/\/berberedesign.com\/fr\/wp-json\/wp\/v2\/users\/8"}],"replies":[{"embeddable":true,"href":"https:\/\/berberedesign.com\/fr\/wp-json\/wp\/v2\/comments?post=869"}],"version-history":[{"count":1,"href":"https:\/\/berberedesign.com\/fr\/wp-json\/wp\/v2\/pages\/869\/revisions"}],"predecessor-version":[{"id":104146,"href":"https:\/\/berberedesign.com\/fr\/wp-json\/wp\/v2\/pages\/869\/revisions\/104146"}],"up":[{"embeddable":true,"href":"https:\/\/berberedesign.com\/fr\/wp-json\/wp\/v2\/pages\/5691"}],"wp:attachment":[{"href":"https:\/\/berberedesign.com\/fr\/wp-json\/wp\/v2\/media?parent=869"}],"curies":[{"name":"wp","href":"https:\/\/api.w.org\/{rel}","templated":true}]}}