{"id":347,"date":"2019-12-12T09:25:07","date_gmt":"2019-12-12T09:25:07","guid":{"rendered":"https:\/\/berberedesign.com\/about-us-2\/"},"modified":"2025-01-03T19:20:04","modified_gmt":"2025-01-03T19:20:04","slug":"a-propos-de-nous","status":"publish","type":"page","link":"https:\/\/berberedesign.com\/fr\/info\/a-propos-de-nous\/","title":{"rendered":"A propos de nous"},"content":{"rendered":"<div data-elementor-type=\"wp-page\" data-elementor-id=\"347\" class=\"elementor elementor-347\" data-elementor-post-type=\"page\">\n\t\t\t\t\t\t<section class=\"elementor-section elementor-top-section elementor-element elementor-element-b048c3b elementor-section-boxed elementor-section-height-default elementor-section-height-default\" data-id=\"b048c3b\" data-element_type=\"section\">\n\t\t\t\t\t\t<div class=\"elementor-container elementor-column-gap-wider\">\n\t\t\t\t\t<div class=\"elementor-column elementor-col-100 elementor-top-column elementor-element elementor-element-daaa58f\" data-id=\"daaa58f\" data-element_type=\"column\">\n\t\t\t<div class=\"elementor-widget-wrap elementor-element-populated\">\n\t\t\t\t\t\t<div class=\"elementor-element elementor-element-c901889 elementor-widget elementor-widget-image\" data-id=\"c901889\" data-element_type=\"widget\" data-widget_type=\"image.default\">\n\t\t\t\t<div class=\"elementor-widget-container\">\n\t\t\t\t\t\t\t\t\t\t\t\t\t\t\t<img fetchpriority=\"high\" decoding=\"async\" width=\"553\" height=\"369\" src=\"https:\/\/berberedesign.com\/wp-content\/uploads\/2024\/06\/114334.jpg\" class=\"attachment-full size-full wp-image-102353\" alt=\"\" srcset=\"https:\/\/berberedesign.com\/wp-content\/uploads\/2024\/06\/114334.jpg 553w, https:\/\/berberedesign.com\/wp-content\/uploads\/2024\/06\/114334-300x200.jpg 300w, https:\/\/berberedesign.com\/wp-content\/uploads\/2024\/06\/114334-18x12.jpg 18w, https:\/\/berberedesign.com\/wp-content\/uploads\/2024\/06\/114334-20x13.jpg 20w, https:\/\/berberedesign.com\/wp-content\/uploads\/2024\/06\/114334-64x43.jpg 64w, https:\/\/berberedesign.com\/wp-content\/uploads\/2024\/06\/114334-480x320.jpg 480w\" sizes=\"(max-width: 553px) 100vw, 553px\" title=\"\">\t\t\t\t\t\t\t\t\t\t\t\t\t\t\t<\/div>\n\t\t\t\t<\/div>\n\t\t\t\t\t<\/div>\n\t\t<\/div>\n\t\t\t\t\t<\/div>\n\t\t<\/section>\n\t\t\t\t<section class=\"elementor-section elementor-top-section elementor-element elementor-element-3124d68 elementor-section-boxed elementor-section-height-default elementor-section-height-default\" data-id=\"3124d68\" data-element_type=\"section\">\n\t\t\t\t\t\t<div class=\"elementor-container elementor-column-gap-wider\">\n\t\t\t\t\t<div class=\"elementor-column elementor-col-100 elementor-top-column elementor-element elementor-element-df99ffe\" data-id=\"df99ffe\" data-element_type=\"column\">\n\t\t\t<div class=\"elementor-widget-wrap elementor-element-populated\">\n\t\t\t\t\t\t<div class=\"elementor-element elementor-element-3adcfdf elementor-widget elementor-widget-heading\" data-id=\"3adcfdf\" data-element_type=\"widget\" data-widget_type=\"heading.default\">\n\t\t\t\t<div class=\"elementor-widget-container\">\n\t\t\t\t\t<h3 class=\"elementor-heading-title elementor-size-default\">Donner vie \u00e0 la culture par le design<\/h3>\t\t\t\t<\/div>\n\t\t\t\t<\/div>\n\t\t\t\t<div class=\"elementor-element elementor-element-1411e16 elementor-widget elementor-widget-spacer\" data-id=\"1411e16\" data-element_type=\"widget\" data-widget_type=\"spacer.default\">\n\t\t\t\t<div class=\"elementor-widget-container\">\n\t\t\t\t\t\t\t<div class=\"elementor-spacer\">\n\t\t\t<div class=\"elementor-spacer-inner\"><\/div>\n\t\t<\/div>\n\t\t\t\t\t\t<\/div>\n\t\t\t\t<\/div>\n\t\t\t\t<div class=\"elementor-element elementor-element-7945834 elementor-widget elementor-widget-text-editor\" data-id=\"7945834\" data-element_type=\"widget\" data-widget_type=\"text-editor.default\">\n\t\t\t\t<div class=\"elementor-widget-container\">\n\t\t\t\t\t\t\t\t\t<p>Bienvenue \u00e0 Berbere Design - o\u00f9 les r\u00eaves rencontrent la r\u00e9alit\u00e9<\/p>\n<p>Berbere Design est plus qu'une marque - c'est une mission d'autonomisation des femmes par le design, profond\u00e9ment enracin\u00e9e dans un r\u00eave d'enfance partag\u00e9 par nos fondateurs et les femmes de leur communaut\u00e9. Inspir\u00e9s par la vision entrepreneuriale de leur m\u00e8re, deux fr\u00e8res jumeaux et leur s\u0153ur ont transform\u00e9 son id\u00e9e en r\u00e9alit\u00e9, en cr\u00e9ant une plateforme qui c\u00e9l\u00e8bre l'artisanat berb\u00e8re tout en favorisant l'ind\u00e9pendance \u00e9conomique.<\/p><p>D\u00e9di\u00e9 \u00e0 la pr\u00e9servation des techniques berb\u00e8res traditionnelles, Berbere Design propose des tapis, des poufs en cuir et des produits artisanaux authentiques, faits \u00e0 la main, qui incarnent l'esprit de notre communaut\u00e9. En soutenant les femmes artisans avec des moyens de subsistance durables, nous nous assurons que l'h\u00e9ritage et l'art prosp\u00e8rent pour les g\u00e9n\u00e9rations \u00e0 venir. Nous pensons que le design a le pouvoir de transformer les vies, d'unir les cultures et de raconter des histoires de r\u00e9silience et de cr\u00e9ativit\u00e9. Rejoignez-nous dans ce voyage d'autonomisation et de tradition.<\/p>\t\t\t\t\t\t\t\t<\/div>\n\t\t\t\t<\/div>\n\t\t\t\t\t<\/div>\n\t\t<\/div>\n\t\t\t\t\t<\/div>\n\t\t<\/section>\n\t\t\t\t<section class=\"elementor-section elementor-top-section elementor-element elementor-element-8ac2375 elementor-section-boxed elementor-section-height-default elementor-section-height-default\" data-id=\"8ac2375\" data-element_type=\"section\">\n\t\t\t\t\t\t<div class=\"elementor-container elementor-column-gap-wider\">\n\t\t\t\t\t<div class=\"elementor-column elementor-col-50 elementor-top-column elementor-element elementor-element-5ef5c38\" data-id=\"5ef5c38\" data-element_type=\"column\">\n\t\t\t<div class=\"elementor-widget-wrap elementor-element-populated\">\n\t\t\t\t\t\t<div class=\"elementor-element elementor-element-87a0491 elementor-widget elementor-widget-image\" data-id=\"87a0491\" data-element_type=\"widget\" data-widget_type=\"image.default\">\n\t\t\t\t<div class=\"elementor-widget-container\">\n\t\t\t\t\t\t\t\t\t\t\t\t\t\t\t<img decoding=\"async\" src=\"https:\/\/berberedesign.com\/wp-content\/uploads\/elementor\/thumbs\/VXIcDu-qpsm6yxtobpokx6t1ltp14jxazwg2jm9jzst3mk9rk.jpg\" title=\"VXIcDu.jpg\" alt=\"VXIcDu.jpg\" loading=\"lazy\">\t\t\t\t\t\t\t\t\t\t\t\t\t\t\t<\/div>\n\t\t\t\t<\/div>\n\t\t\t\t\t<\/div>\n\t\t<\/div>\n\t\t\t\t<div class=\"elementor-column elementor-col-50 elementor-top-column elementor-element elementor-element-70e400a\" data-id=\"70e400a\" data-element_type=\"column\">\n\t\t\t<div class=\"elementor-widget-wrap elementor-element-populated\">\n\t\t\t\t\t\t<div class=\"elementor-element elementor-element-2282bbe elementor-widget elementor-widget-heading\" data-id=\"2282bbe\" data-element_type=\"widget\" data-widget_type=\"heading.default\">\n\t\t\t\t<div class=\"elementor-widget-container\">\n\t\t\t\t\t<h3 class=\"elementor-heading-title elementor-size-default\">Notre vision<\/h3>\t\t\t\t<\/div>\n\t\t\t\t<\/div>\n\t\t\t\t<div class=\"elementor-element elementor-element-7eb025f elementor-widget elementor-widget-spacer\" data-id=\"7eb025f\" data-element_type=\"widget\" data-widget_type=\"spacer.default\">\n\t\t\t\t<div class=\"elementor-widget-container\">\n\t\t\t\t\t\t\t<div class=\"elementor-spacer\">\n\t\t\t<div class=\"elementor-spacer-inner\"><\/div>\n\t\t<\/div>\n\t\t\t\t\t\t<\/div>\n\t\t\t\t<\/div>\n\t\t\t\t<div class=\"elementor-element elementor-element-137e715 elementor-widget elementor-widget-text-editor\" data-id=\"137e715\" data-element_type=\"widget\" data-widget_type=\"text-editor.default\">\n\t\t\t\t<div class=\"elementor-widget-container\">\n\t\t\t\t\t\t\t\t\t<p>Berbere Design soutient les femmes artisans locales tout en pr\u00e9servant l'h\u00e9ritage berb\u00e8re. Nous encourageons l'artisanat authentique, le commerce \u00e9quitable et les pratiques durables, favorisant ainsi la croissance \u00e9conomique et la transformation sociale. Plus qu'une marque, nous sommes un mouvement qui c\u00e9l\u00e8bre la culture, la durabilit\u00e9 et l'autonomisation des femmes.<\/p>\t\t\t\t\t\t\t\t<\/div>\n\t\t\t\t<\/div>\n\t\t\t\t\t<\/div>\n\t\t<\/div>\n\t\t\t\t\t<\/div>\n\t\t<\/section>\n\t\t\t\t<section class=\"elementor-section elementor-top-section elementor-element elementor-element-d6b9dbd elementor-reverse-tablet elementor-reverse-mobile elementor-section-boxed elementor-section-height-default elementor-section-height-default\" data-id=\"d6b9dbd\" data-element_type=\"section\">\n\t\t\t\t\t\t<div class=\"elementor-container elementor-column-gap-wider\">\n\t\t\t\t\t<div class=\"elementor-column elementor-col-50 elementor-top-column elementor-element elementor-element-d5ee7f4\" data-id=\"d5ee7f4\" data-element_type=\"column\">\n\t\t\t<div class=\"elementor-widget-wrap elementor-element-populated\">\n\t\t\t\t\t\t<div class=\"elementor-element elementor-element-281c757 elementor-widget elementor-widget-heading\" data-id=\"281c757\" data-element_type=\"widget\" data-widget_type=\"heading.default\">\n\t\t\t\t<div class=\"elementor-widget-container\">\n\t\t\t\t\t<h3 class=\"elementor-heading-title elementor-size-default\">Nos valeurs<\/h3>\t\t\t\t<\/div>\n\t\t\t\t<\/div>\n\t\t\t\t<div class=\"elementor-element elementor-element-e3e8ebd elementor-widget elementor-widget-spacer\" data-id=\"e3e8ebd\" data-element_type=\"widget\" data-widget_type=\"spacer.default\">\n\t\t\t\t<div class=\"elementor-widget-container\">\n\t\t\t\t\t\t\t<div class=\"elementor-spacer\">\n\t\t\t<div class=\"elementor-spacer-inner\"><\/div>\n\t\t<\/div>\n\t\t\t\t\t\t<\/div>\n\t\t\t\t<\/div>\n\t\t\t\t<div class=\"elementor-element elementor-element-ffc76e6 content-align-left icon-box-vertical-align-top icon-position-left icon-vertical-align-start elementor-widget elementor-widget-the7_icon_box_grid_widget\" data-id=\"ffc76e6\" data-element_type=\"widget\" data-widget_type=\"the7_icon_box_grid_widget.default\">\n\t\t\t\t<div class=\"elementor-widget-container\">\n\t\t\t\t\t<div class=\"the7-box-grid-wrapper the7-elementor-widget loading-effect-none the7_icon_box_grid_widget-ffc76e6\">\t\t\t<div class=\"dt-css-grid\">\n\t\t\t\t\t\t\t\t\t<div class=\"wf-cell shown\">\n\t\t\t\t\t\t<div class=\"the7-icon-box-grid\">\t\t\t\t\t\t\t<div class=\"box-content-wrapper\">\n\t\t\t\t\t\t\t\t\t\t\t\t\t\t\t\t\t<a class=\"elementor-icon-div\" aria-label=\"La qualit\u00e9 plut\u00f4t que la quantit\u00e9\">\t\t\t\t\t\t\t\t\t\t<div class=\"elementor-icon\">\n\t\t\t\t\t\t\t\t\t\t\t<svg xmlns=\"http:\/\/www.w3.org\/2000\/svg\" viewbox=\"0 0 24 24\" width=\"24\" height=\"24\"><path fill=\"none\" d=\"M0 0H24V24H0z\"><\/path><path d=\"M12.001 4.529c2.349-2.109 5.979-2.039 8.242.228 2.262 2.268 2.34 5.88.236 8.236l-8.48 8.492-8.478-8.492c-2.104-2.356-2.025-5.974.236-8.236 2.265-2.264 5.888-2.34 8.244-.228zm6.826 1.641c-1.5-1.502-3.92-1.563-5.49-.153l-1.335 1.198-1.336-1.197c-1.575-1.412-3.99-1.35-5.494.154-1.49 1.49-1.565 3.875-.192 5.451L12 18.654l7.02-7.03c1.374-1.577 1.299-3.959-.193-5.454z\"><\/path><\/svg>\t\t\t\t\t\t\t\t\t\t<\/div>\n\t\t\t\t\t\t\t\t\t<\/a>\t\t\t\t\t\t\t\t\t\t\t\t\t\t\t\t<div class=\"box-content\">\n\t\t\t\t\t\t\t\t\t\t\t\t\t\t\t\t\t\t\t\t\t\t\t\t\t\t\t\t\t<h4 class=\"box-heading\">\n\t\t\t\t\t\t\t\t\t\t\t<a aria-label=\"La qualit\u00e9 plut\u00f4t que la quantit\u00e9\">\t\t\t\t\t\t\t\t\t\t\t\tLa qualit\u00e9 plut\u00f4t que la quantit\u00e9\t\t\t\t\t\t\t\t\t\t\t<\/a>\t\t\t\t\t\t\t\t\t\t<\/h4>\n\t\t\t\t\t\t\t\t\t\t\t\t\t\t\t\t\t\t\t\t\t\t\t\t\t\t\t\t\t\t\t\t\t\t\t<\/div>\n\t\t\t\t\t\t\t<\/div>\n\t\t\t\t\t\t<\/div>\t\t\t\t\t<\/div>\n\t\t\t\t\t\t\t\t\t<div class=\"wf-cell shown\">\n\t\t\t\t\t\t<div class=\"the7-icon-box-grid\">\t\t\t\t\t\t\t<div class=\"box-content-wrapper\">\n\t\t\t\t\t\t\t\t\t\t\t\t\t\t\t\t\t<a class=\"elementor-icon-div\" aria-label=\"Impact \u00e9cologique positif\">\t\t\t\t\t\t\t\t\t\t<div class=\"elementor-icon\">\n\t\t\t\t\t\t\t\t\t\t\t<svg xmlns=\"http:\/\/www.w3.org\/2000\/svg\" viewbox=\"0 0 24 24\" width=\"24\" height=\"24\"><path fill=\"none\" d=\"M0 0h24v24H0z\"><\/path><path d=\"M12 22C6.477 22 2 17.523 2 12S6.477 2 12 2s10 4.477 10 10-4.477 10-10 10zm-2.29-2.333A17.9 17.9 0 0 1 8.027 13H4.062a8.008 8.008 0 0 0 5.648 6.667zM10.03 13c.151 2.439.848 4.73 1.97 6.752A15.905 15.905 0 0 0 13.97 13h-3.94zm9.908 0h-3.965a17.9 17.9 0 0 1-1.683 6.667A8.008 8.008 0 0 0 19.938 13zM4.062 11h3.965A17.9 17.9 0 0 1 9.71 4.333 8.008 8.008 0 0 0 4.062 11zm5.969 0h3.938A15.905 15.905 0 0 0 12 4.248 15.905 15.905 0 0 0 10.03 11zm4.259-6.667A17.9 17.9 0 0 1 15.973 11h3.965a8.008 8.008 0 0 0-5.648-6.667z\"><\/path><\/svg>\t\t\t\t\t\t\t\t\t\t<\/div>\n\t\t\t\t\t\t\t\t\t<\/a>\t\t\t\t\t\t\t\t\t\t\t\t\t\t\t\t<div class=\"box-content\">\n\t\t\t\t\t\t\t\t\t\t\t\t\t\t\t\t\t\t\t\t\t\t\t\t\t\t\t\t\t<h4 class=\"box-heading\">\n\t\t\t\t\t\t\t\t\t\t\t<a aria-label=\"Impact \u00e9cologique positif\">\t\t\t\t\t\t\t\t\t\t\t\tImpact \u00e9cologique positif\t\t\t\t\t\t\t\t\t\t\t<\/a>\t\t\t\t\t\t\t\t\t\t<\/h4>\n\t\t\t\t\t\t\t\t\t\t\t\t\t\t\t\t\t\t\t\t\t\t\t\t\t\t\t\t\t\t\t\t\t\t\t<\/div>\n\t\t\t\t\t\t\t<\/div>\n\t\t\t\t\t\t<\/div>\t\t\t\t\t<\/div>\n\t\t\t\t\t\t\t\t\t<div class=\"wf-cell shown\">\n\t\t\t\t\t\t<div class=\"the7-icon-box-grid\">\t\t\t\t\t\t\t<div class=\"box-content-wrapper\">\n\t\t\t\t\t\t\t\t\t\t\t\t\t\t\t\t\t<a class=\"elementor-icon-div\" aria-label=\"Vari\u00e9t\u00e9 de produits\">\t\t\t\t\t\t\t\t\t\t<div class=\"elementor-icon\">\n\t\t\t\t\t\t\t\t\t\t\t<svg xmlns=\"http:\/\/www.w3.org\/2000\/svg\" viewbox=\"0 0 24 24\" width=\"24\" height=\"24\"><path fill=\"none\" d=\"M0 0h24v24H0z\"><\/path><path d=\"M20 22H4a1 1 0 0 1-1-1V3a1 1 0 0 1 1-1h16a1 1 0 0 1 1 1v18a1 1 0 0 1-1 1zm-1-2V4H5v16h14zM9 6v2a3 3 0 0 0 6 0V6h2v2A5 5 0 0 1 7 8V6h2z\"><\/path><\/svg>\t\t\t\t\t\t\t\t\t\t<\/div>\n\t\t\t\t\t\t\t\t\t<\/a>\t\t\t\t\t\t\t\t\t\t\t\t\t\t\t\t<div class=\"box-content\">\n\t\t\t\t\t\t\t\t\t\t\t\t\t\t\t\t\t\t\t\t\t\t\t\t\t\t\t\t\t<h4 class=\"box-heading\">\n\t\t\t\t\t\t\t\t\t\t\t<a aria-label=\"Vari\u00e9t\u00e9 de produits\">\t\t\t\t\t\t\t\t\t\t\t\tVari\u00e9t\u00e9 de produits\t\t\t\t\t\t\t\t\t\t\t<\/a>\t\t\t\t\t\t\t\t\t\t<\/h4>\n\t\t\t\t\t\t\t\t\t\t\t\t\t\t\t\t\t\t\t\t\t\t\t\t\t\t\t\t\t\t\t\t\t\t\t<\/div>\n\t\t\t\t\t\t\t<\/div>\n\t\t\t\t\t\t<\/div>\t\t\t\t\t<\/div>\n\t\t\t\t\t\t\t\t\t<div class=\"wf-cell shown\">\n\t\t\t\t\t\t<div class=\"the7-icon-box-grid\">\t\t\t\t\t\t\t<div class=\"box-content-wrapper\">\n\t\t\t\t\t\t\t\t\t\t\t\t\t\t\t\t\t<a class=\"elementor-icon-div\" aria-label=\"Paiements s\u00fbrs et faciles\">\t\t\t\t\t\t\t\t\t\t<div class=\"elementor-icon\">\n\t\t\t\t\t\t\t\t\t\t\t<svg xmlns=\"http:\/\/www.w3.org\/2000\/svg\" viewbox=\"0 0 24 24\" width=\"24\" height=\"24\"><path fill=\"none\" d=\"M0 0h24v24H0z\"><\/path><path d=\"M11 2l7.298 2.28a1 1 0 0 1 .702.955V7h2a1 1 0 0 1 1 1v2H9V8a1 1 0 0 1 1-1h7V5.97l-6-1.876L5 5.97v7.404a4 4 0 0 0 1.558 3.169l.189.136L11 19.58 14.782 17H10a1 1 0 0 1-1-1v-4h13v4a1 1 0 0 1-1 1l-3.22.001c-.387.51-.857.96-1.4 1.33L11 22l-5.38-3.668A6 6 0 0 1 3 13.374V5.235a1 1 0 0 1 .702-.954L11 2z\"><\/path><\/svg>\t\t\t\t\t\t\t\t\t\t<\/div>\n\t\t\t\t\t\t\t\t\t<\/a>\t\t\t\t\t\t\t\t\t\t\t\t\t\t\t\t<div class=\"box-content\">\n\t\t\t\t\t\t\t\t\t\t\t\t\t\t\t\t\t\t\t\t\t\t\t\t\t\t\t\t\t<h4 class=\"box-heading\">\n\t\t\t\t\t\t\t\t\t\t\t<a aria-label=\"Paiements s\u00fbrs et faciles\">\t\t\t\t\t\t\t\t\t\t\t\tPaiements s\u00fbrs et faciles\t\t\t\t\t\t\t\t\t\t\t<\/a>\t\t\t\t\t\t\t\t\t\t<\/h4>\n\t\t\t\t\t\t\t\t\t\t\t\t\t\t\t\t\t\t\t\t\t\t\t\t\t\t\t\t\t\t\t\t\t\t\t<\/div>\n\t\t\t\t\t\t\t<\/div>\n\t\t\t\t\t\t<\/div>\t\t\t\t\t<\/div>\n\t\t\t\t\t\t\t<\/div>\n\t\t<\/div>\t\t\t\t<\/div>\n\t\t\t\t<\/div>\n\t\t\t\t\t<\/div>\n\t\t<\/div>\n\t\t\t\t<div class=\"elementor-column elementor-col-50 elementor-top-column elementor-element elementor-element-046352f\" data-id=\"046352f\" data-element_type=\"column\">\n\t\t\t<div class=\"elementor-widget-wrap elementor-element-populated\">\n\t\t\t\t\t\t<div class=\"elementor-element elementor-element-74b3f14 elementor-widget elementor-widget-image\" data-id=\"74b3f14\" data-element_type=\"widget\" data-widget_type=\"image.default\">\n\t\t\t\t<div class=\"elementor-widget-container\">\n\t\t\t\t\t\t\t\t\t\t\t\t\t\t\t<img decoding=\"async\" src=\"https:\/\/berberedesign.com\/wp-content\/uploads\/elementor\/thumbs\/new-Moroccan-Tifinagh-Characters-Rug-for-room-q7ykxd4umc76toc3uheh40fibwibnr78u803i0bmuo.webp\" title=\"nouveau Tapis marocain Tifinagh Characters pour chambre\" alt=\"nouveau Tapis marocain Tifinagh Characters pour chambre\" loading=\"lazy\">\t\t\t\t\t\t\t\t\t\t\t\t\t\t\t<\/div>\n\t\t\t\t<\/div>\n\t\t\t\t\t<\/div>\n\t\t<\/div>\n\t\t\t\t\t<\/div>\n\t\t<\/section>\n\t\t\t\t<\/div>","protected":false},"excerpt":{"rendered":"<p>Bringing Culture to Life through Design Welcome to Berbere Design \u2013 where dreams meet reality Berbere Design is more than a brand\u2014it\u2019s a mission to empower women through design, deeply rooted in a childhood dream shared by our founders and the women of their community. Inspired by their mother\u2019s entrepreneurial vision, twin brothers and their&hellip;<\/p>","protected":false},"author":8,"featured_media":0,"parent":5691,"menu_order":0,"comment_status":"closed","ping_status":"closed","template":"","meta":{"footnotes":""},"class_list":["post-347","page","type-page","status-publish","hentry"],"jetpack_sharing_enabled":true,"_links":{"self":[{"href":"https:\/\/berberedesign.com\/fr\/wp-json\/wp\/v2\/pages\/347","targetHints":{"allow":["GET"]}}],"collection":[{"href":"https:\/\/berberedesign.com\/fr\/wp-json\/wp\/v2\/pages"}],"about":[{"href":"https:\/\/berberedesign.com\/fr\/wp-json\/wp\/v2\/types\/page"}],"author":[{"embeddable":true,"href":"https:\/\/berberedesign.com\/fr\/wp-json\/wp\/v2\/users\/8"}],"replies":[{"embeddable":true,"href":"https:\/\/berberedesign.com\/fr\/wp-json\/wp\/v2\/comments?post=347"}],"version-history":[{"count":12,"href":"https:\/\/berberedesign.com\/fr\/wp-json\/wp\/v2\/pages\/347\/revisions"}],"predecessor-version":[{"id":104164,"href":"https:\/\/berberedesign.com\/fr\/wp-json\/wp\/v2\/pages\/347\/revisions\/104164"}],"up":[{"embeddable":true,"href":"https:\/\/berberedesign.com\/fr\/wp-json\/wp\/v2\/pages\/5691"}],"wp:attachment":[{"href":"https:\/\/berberedesign.com\/fr\/wp-json\/wp\/v2\/media?parent=347"}],"curies":[{"name":"wp","href":"https:\/\/api.w.org\/{rel}","templated":true}]}}