{"id":14,"date":"2023-05-17T17:19:30","date_gmt":"2023-05-17T17:19:30","guid":{"rendered":"https:\/\/berberedesign.com\/?page_id=14"},"modified":"2025-02-09T16:14:29","modified_gmt":"2025-02-09T16:14:29","slug":"remboursements","status":"publish","type":"page","link":"https:\/\/berberedesign.com\/fr\/remboursements\/","title":{"rendered":"Politique de remboursement et de retour"},"content":{"rendered":"<div data-elementor-type=\"wp-page\" data-elementor-id=\"14\" class=\"elementor elementor-14\" data-elementor-post-type=\"page\">\n\t\t\t\t<div class=\"elementor-element elementor-element-2ee723f7 e-flex e-con-boxed e-con e-parent\" data-id=\"2ee723f7\" data-element_type=\"container\">\n\t\t\t\t\t<div class=\"e-con-inner\">\n\t\t\t\t<div class=\"elementor-element elementor-element-23672f61 elementor-widget elementor-widget-text-editor\" data-id=\"23672f61\" data-element_type=\"widget\" data-widget_type=\"text-editor.default\">\n\t\t\t\t<div class=\"elementor-widget-container\">\n\t\t\t\t\t\t\t\t\t<p>\u00a0<\/p><p><strong>1. Les retours :<\/strong><br \/>Nous acceptons les retours dans un d\u00e9lai de <strong>30 jours<\/strong> de la r\u00e9ception. Les articles doivent \u00eatre dans leur \u00e9tat d'origine, non utilis\u00e9s, avec toutes les \u00e9tiquettes attach\u00e9es.<\/p><p><strong>2. Remboursement :<\/strong><br \/>Une fois votre retour re\u00e7u et inspect\u00e9, un remboursement sera effectu\u00e9 sur votre mode de paiement initial. Les frais d'exp\u00e9dition ne sont pas remboursables.<\/p><p><strong>3. Frais de retour :<\/strong><br \/>Les frais de retour sont \u00e0 la charge du client. Nous recommandons d'utiliser un service d'exp\u00e9dition avec suivi ou de souscrire une assurance pour les articles d'une certaine valeur, car nous ne pouvons pas garantir la r\u00e9ception de l'article retourn\u00e9.<\/p><p><strong>4. Articles endommag\u00e9s ou d\u00e9fectueux :<\/strong><br \/>Si vous recevez un article endommag\u00e9 ou d\u00e9fectueux, veuillez nous contacter dans les d\u00e9lais suivants <strong>7 jours<\/strong> pour un remboursement complet ou un remplacement.<\/p><p><strong>5. Nous contacter :<\/strong><br \/>Pour les retours, les \u00e9changes ou toute autre question, veuillez nous contacter \u00e0 l'adresse suivante <a href=\"mailto:contact@berberedesign.com\">contact@berberedesign.com<\/a><\/p><div class=\"SDV7ef\">\u00a0<\/div><p>.<\/p>\t\t\t\t\t\t\t\t<\/div>\n\t\t\t\t<\/div>\n\t\t\t\t\t<\/div>\n\t\t\t\t<\/div>\n\t\t\t\t<\/div>","protected":false},"excerpt":{"rendered":"<p>\u00a0 1. Returns:We accept returns within 30 days of receipt. Items must be in original, unused condition with all tags attached. 2. Refunds:Once your return is received and inspected, a refund will be processed to your original payment method. Shipping costs are non-refundable. 3. Return Shipping Costs:Customers are responsible for paying the return shipping costs.&hellip;<\/p>","protected":false},"author":8,"featured_media":0,"parent":0,"menu_order":0,"comment_status":"closed","ping_status":"closed","template":"","meta":{"footnotes":""},"class_list":["post-14","page","type-page","status-publish","hentry"],"jetpack_sharing_enabled":true,"_links":{"self":[{"href":"https:\/\/berberedesign.com\/fr\/wp-json\/wp\/v2\/pages\/14","targetHints":{"allow":["GET"]}}],"collection":[{"href":"https:\/\/berberedesign.com\/fr\/wp-json\/wp\/v2\/pages"}],"about":[{"href":"https:\/\/berberedesign.com\/fr\/wp-json\/wp\/v2\/types\/page"}],"author":[{"embeddable":true,"href":"https:\/\/berberedesign.com\/fr\/wp-json\/wp\/v2\/users\/8"}],"replies":[{"embeddable":true,"href":"https:\/\/berberedesign.com\/fr\/wp-json\/wp\/v2\/comments?post=14"}],"version-history":[{"count":3,"href":"https:\/\/berberedesign.com\/fr\/wp-json\/wp\/v2\/pages\/14\/revisions"}],"predecessor-version":[{"id":106313,"href":"https:\/\/berberedesign.com\/fr\/wp-json\/wp\/v2\/pages\/14\/revisions\/106313"}],"wp:attachment":[{"href":"https:\/\/berberedesign.com\/fr\/wp-json\/wp\/v2\/media?parent=14"}],"curies":[{"name":"wp","href":"https:\/\/api.w.org\/{rel}","templated":true}]}}