{"id":106314,"date":"2025-02-09T16:24:38","date_gmt":"2025-02-09T16:24:38","guid":{"rendered":"https:\/\/berberedesign.com\/?page_id=106314"},"modified":"2025-02-09T16:35:23","modified_gmt":"2025-02-09T16:35:23","slug":"politique-de-confidentialite","status":"publish","type":"page","link":"https:\/\/berberedesign.com\/fr\/politique-de-confidentialite\/","title":{"rendered":"Politique de confidentialit\u00e9"},"content":{"rendered":"<div data-elementor-type=\"wp-page\" data-elementor-id=\"106314\" class=\"elementor elementor-106314\" data-elementor-post-type=\"page\">\n\t\t\t\t<div class=\"elementor-element elementor-element-1235968 e-flex e-con-boxed e-con e-parent\" data-id=\"1235968\" data-element_type=\"container\">\n\t\t\t\t\t<div class=\"e-con-inner\">\n\t\t\t\t<div class=\"elementor-element elementor-element-e0b7a47 elementor-widget elementor-widget-text-editor\" data-id=\"e0b7a47\" data-element_type=\"widget\" data-widget_type=\"text-editor.default\">\n\t\t\t\t<div class=\"elementor-widget-container\">\n\t\t\t\t\t\t\t\t\t<p><strong>1. Collecte d'informations :<\/strong><br \/>Nous recueillons des informations personnelles, notamment votre nom, votre adresse, votre adresse \u00e9lectronique et vos donn\u00e9es de paiement, lorsque vous passez une commande ou que vous nous contactez.<\/p><p><strong>2. Utilisation des informations :<\/strong><br \/>Nous utilisons vos informations pour traiter les commandes, fournir un service \u00e0 la client\u00e8le et am\u00e9liorer nos offres.<\/p><p><strong>3. S\u00e9curit\u00e9 des donn\u00e9es :<\/strong><br \/>Nous mettons en \u0153uvre des mesures de s\u00e9curit\u00e9 pour prot\u00e9ger vos donn\u00e9es personnelles.<\/p><p><strong>4. Partage avec des tiers :<\/strong><br \/>Nous ne vendons ni ne louons vos informations personnelles. Toutefois, nous pouvons partager des donn\u00e9es avec des prestataires de services tiers pour le traitement des commandes.<\/p><p><strong>5. Les cookies :<\/strong><br \/>Nous utilisons des cookies pour am\u00e9liorer votre exp\u00e9rience d'utilisateur et analyser le trafic sur le site.<\/p><p><strong>6. Vos droits :<\/strong><br \/>Vous pouvez mettre \u00e0 jour ou supprimer vos informations en nous contactant directement.<\/p><p>Pour plus d'informations, veuillez nous contacter \u00e0 l'adresse suivante <a href=\"mailto:contact@berberedesign.com\"><span data-contrast=\"none\">contact@berberedesign.com<\/span><\/a>.<\/p>\t\t\t\t\t\t\t\t<\/div>\n\t\t\t\t<\/div>\n\t\t\t\t\t<\/div>\n\t\t\t\t<\/div>\n\t\t\t\t<\/div>","protected":false},"excerpt":{"rendered":"<p>1. Information Collection:We collect personal information, including your name, address, email, and payment details, when you place an order or contact us. 2. Use of Information:We use your information to process orders, provide customer service, and improve our offerings. 3. Data Security:We implement security measures to protect your personal data. 4. Third-Party Sharing:We do not&hellip;<\/p>","protected":false},"author":8,"featured_media":0,"parent":0,"menu_order":0,"comment_status":"closed","ping_status":"closed","template":"","meta":{"footnotes":""},"class_list":["post-106314","page","type-page","status-publish","hentry"],"jetpack_sharing_enabled":true,"_links":{"self":[{"href":"https:\/\/berberedesign.com\/fr\/wp-json\/wp\/v2\/pages\/106314","targetHints":{"allow":["GET"]}}],"collection":[{"href":"https:\/\/berberedesign.com\/fr\/wp-json\/wp\/v2\/pages"}],"about":[{"href":"https:\/\/berberedesign.com\/fr\/wp-json\/wp\/v2\/types\/page"}],"author":[{"embeddable":true,"href":"https:\/\/berberedesign.com\/fr\/wp-json\/wp\/v2\/users\/8"}],"replies":[{"embeddable":true,"href":"https:\/\/berberedesign.com\/fr\/wp-json\/wp\/v2\/comments?post=106314"}],"version-history":[{"count":4,"href":"https:\/\/berberedesign.com\/fr\/wp-json\/wp\/v2\/pages\/106314\/revisions"}],"predecessor-version":[{"id":106318,"href":"https:\/\/berberedesign.com\/fr\/wp-json\/wp\/v2\/pages\/106314\/revisions\/106318"}],"wp:attachment":[{"href":"https:\/\/berberedesign.com\/fr\/wp-json\/wp\/v2\/media?parent=106314"}],"curies":[{"name":"wp","href":"https:\/\/api.w.org\/{rel}","templated":true}]}}