{"id":106306,"date":"2025-02-09T16:05:10","date_gmt":"2025-02-09T16:05:10","guid":{"rendered":"https:\/\/berberedesign.com\/?page_id=106306"},"modified":"2025-02-09T16:08:12","modified_gmt":"2025-02-09T16:08:12","slug":"politique-de-paiement","status":"publish","type":"page","link":"https:\/\/berberedesign.com\/fr\/politique-de-paiement\/","title":{"rendered":"Politique de paiement"},"content":{"rendered":"<div data-elementor-type=\"wp-page\" data-elementor-id=\"106306\" class=\"elementor elementor-106306\" data-elementor-post-type=\"page\">\n\t\t\t\t<div class=\"elementor-element elementor-element-706fe3e e-flex e-con-boxed e-con e-parent\" data-id=\"706fe3e\" data-element_type=\"container\">\n\t\t\t\t\t<div class=\"e-con-inner\">\n\t\t\t\t<div class=\"elementor-element elementor-element-c2e4997 elementor-widget elementor-widget-text-editor\" data-id=\"c2e4997\" data-element_type=\"widget\" data-widget_type=\"text-editor.default\">\n\t\t\t\t<div class=\"elementor-widget-container\">\n\t\t\t\t\t\t\t\t\t<p>\u00a0<\/p><p><strong>1. M\u00e9thodes de paiement accept\u00e9es :<\/strong><br \/>Nous acceptons les modes de paiement suivants :<\/p><ul><li><strong>Cartes de cr\u00e9dit\/d\u00e9bit<\/strong>: Visa, MasterCard, American Express<\/li><li><strong>PayPal<\/strong><\/li><li><strong>Virements bancaires<\/strong> (pour les commandes importantes)<\/li><li><strong>Apple Pay<\/strong> \/ <strong>Google Pay<\/strong><\/li><\/ul><p><strong>2. Monnaie :<\/strong><br \/>Toutes les transactions sont trait\u00e9es en\u00a0<strong> USD<\/strong>. Si vous payez avec une autre devise, votre banque peut appliquer des frais de conversion.<\/p><p><strong>3. S\u00e9curit\u00e9 des paiements :<\/strong><br \/>Vos donn\u00e9es de paiement sont crypt\u00e9es et trait\u00e9es en toute s\u00e9curit\u00e9 par des fournisseurs tiers de confiance. Nous ne conservons pas les informations relatives aux cartes de cr\u00e9dit.<\/p><p><strong>4. Confirmation de paiement :<\/strong><br \/>Vous recevrez un e-mail de confirmation de commande apr\u00e8s avoir effectu\u00e9 votre paiement. Si vous ne le recevez pas, veuillez v\u00e9rifier votre dossier de courrier ind\u00e9sirable ou nous contacter.<\/p><p><strong>5. Transactions \u00e9chou\u00e9es :<\/strong><br \/>Si votre paiement \u00e9choue, veuillez rev\u00e9rifier vos coordonn\u00e9es ou essayer une autre m\u00e9thode de paiement. En cas de probl\u00e8me persistant, contactez-nous \u00e0 l'adresse suivante <a href=\"mailto:contact@berberedesign.com\">contact@berberedesign.com<\/a><\/p><div class=\"SDV7ef\">\u00a0<\/div><p>.<\/p>\t\t\t\t\t\t\t\t<\/div>\n\t\t\t\t<\/div>\n\t\t\t\t\t<\/div>\n\t\t\t\t<\/div>\n\t\t\t\t<\/div>","protected":false},"excerpt":{"rendered":"<p>\u00a0 1. Accepted Payment Methods:We accept the following payment methods: Credit\/Debit Cards: Visa, MasterCard, American Express PayPal Bank Transfers (for large orders) Apple Pay \/ Google Pay 2. Currency:All transactions are processed in\u00a0 USD. If paying with another currency, your bank may apply conversion fees. 3. Payment Security:Your payment details are encrypted and processed securely&hellip;<\/p>","protected":false},"author":8,"featured_media":0,"parent":0,"menu_order":0,"comment_status":"closed","ping_status":"closed","template":"","meta":{"footnotes":""},"class_list":["post-106306","page","type-page","status-publish","hentry"],"jetpack_sharing_enabled":true,"_links":{"self":[{"href":"https:\/\/berberedesign.com\/fr\/wp-json\/wp\/v2\/pages\/106306","targetHints":{"allow":["GET"]}}],"collection":[{"href":"https:\/\/berberedesign.com\/fr\/wp-json\/wp\/v2\/pages"}],"about":[{"href":"https:\/\/berberedesign.com\/fr\/wp-json\/wp\/v2\/types\/page"}],"author":[{"embeddable":true,"href":"https:\/\/berberedesign.com\/fr\/wp-json\/wp\/v2\/users\/8"}],"replies":[{"embeddable":true,"href":"https:\/\/berberedesign.com\/fr\/wp-json\/wp\/v2\/comments?post=106306"}],"version-history":[{"count":4,"href":"https:\/\/berberedesign.com\/fr\/wp-json\/wp\/v2\/pages\/106306\/revisions"}],"predecessor-version":[{"id":106310,"href":"https:\/\/berberedesign.com\/fr\/wp-json\/wp\/v2\/pages\/106306\/revisions\/106310"}],"wp:attachment":[{"href":"https:\/\/berberedesign.com\/fr\/wp-json\/wp\/v2\/media?parent=106306"}],"curies":[{"name":"wp","href":"https:\/\/api.w.org\/{rel}","templated":true}]}}