{"id":106301,"date":"2025-02-09T16:01:38","date_gmt":"2025-02-09T16:01:38","guid":{"rendered":"https:\/\/berberedesign.com\/?page_id=106301"},"modified":"2025-02-09T16:03:12","modified_gmt":"2025-02-09T16:03:12","slug":"politique-dexpedition-2","status":"publish","type":"page","link":"https:\/\/berberedesign.com\/fr\/politique-dexpedition-2\/","title":{"rendered":"Politique d'exp\u00e9dition"},"content":{"rendered":"<div data-elementor-type=\"wp-page\" data-elementor-id=\"106301\" class=\"elementor elementor-106301\" data-elementor-post-type=\"page\">\n\t\t\t\t<div class=\"elementor-element elementor-element-86feb4d e-flex e-con-boxed e-con e-parent\" data-id=\"86feb4d\" data-element_type=\"container\">\n\t\t\t\t\t<div class=\"e-con-inner\">\n\t\t\t\t<div class=\"elementor-element elementor-element-2414cbd elementor-widget elementor-widget-text-editor\" data-id=\"2414cbd\" data-element_type=\"widget\" data-widget_type=\"text-editor.default\">\n\t\t\t\t<div class=\"elementor-widget-container\">\n\t\t\t\t\t\t\t\t\t<p>\u00a0<\/p><p><strong>1. Destinations d'exp\u00e9dition :<\/strong><br \/>Nous sommes fiers d'exp\u00e9dier nos tapis berb\u00e8res artisanaux et nos articles de d\u00e9coration dans le monde entier. Veuillez noter que les d\u00e9lais de livraison peuvent varier en fonction de votre lieu de r\u00e9sidence.<\/p><p><strong>2. D\u00e9lai de traitement :<\/strong><br \/>Toutes les commandes sont trait\u00e9es dans un d\u00e9lai de <strong>1-3 jours ouvrables<\/strong>. Les articles personnalis\u00e9s ou fabriqu\u00e9s sur commande peuvent n\u00e9cessiter un d\u00e9lai suppl\u00e9mentaire, qui sera pr\u00e9cis\u00e9 sur la page du produit.<\/p><p><strong>3. D\u00e9lais et co\u00fbts d'exp\u00e9dition :<\/strong><\/p><ul><li><strong>Exp\u00e9dition internationale :<\/strong> 7-14 jours ouvrables, en fonction de votre lieu de r\u00e9sidence.<\/li><li><strong>Frais d'exp\u00e9dition :<\/strong> livraison gratuite.<\/li><\/ul><p><strong>4. Douanes, droits et taxes :<\/strong><br \/>Les commandes internationales peuvent \u00eatre soumises \u00e0 des droits de douane ou \u00e0 des taxes, qui sont \u00e0 la charge du client. Veuillez v\u00e9rifier les r\u00e9glementations locales pour plus d'informations.<\/p><p><strong>5. Suivi de votre commande :<\/strong><br \/>Une fois votre commande exp\u00e9di\u00e9e, vous recevrez un courriel de confirmation avec un num\u00e9ro de suivi. Vous pouvez suivre votre envoi sur notre site web ou sur le portail du transporteur.<\/p><p><strong>6. D\u00e9lais d'exp\u00e9dition :<\/strong><br \/>Bien que nous nous efforcions de respecter les d\u00e9lais de livraison, des retards peuvent survenir en raison du d\u00e9douanement, des jours f\u00e9ri\u00e9s ou de circonstances impr\u00e9vues. Nous vous remercions de votre compr\u00e9hension.<\/p><p><strong>7. Paquets perdus ou endommag\u00e9s :<\/strong><br \/>Si votre commande est endommag\u00e9e ou n'arrive pas dans les d\u00e9lais pr\u00e9vus, veuillez nous contacter \u00e0 l'adresse suivante <a href=\"mailto:contact@berberedesign.com\">contact@berberedesign.com<\/a> \u00e0 l'int\u00e9rieur <strong>7 jours<\/strong> de la date de livraison pr\u00e9vue.<\/p><p><strong>8. Nous contacter :<\/strong><br \/>Pour toute question relative \u00e0 l'exp\u00e9dition, veuillez nous contacter \u00e0 l'adresse suivante <a href=\"mailto:contact@berberedesign.com\"><strong>contact@berberedesign.com<\/strong><\/a>.<\/p>\t\t\t\t\t\t\t\t<\/div>\n\t\t\t\t<\/div>\n\t\t\t\t\t<\/div>\n\t\t\t\t<\/div>\n\t\t\t\t<\/div>","protected":false},"excerpt":{"rendered":"<p>\u00a0 1. Shipping Destinations:We proudly ship our handcrafted Berber rugs and home d\u00e9cor items worldwide. Please note that delivery times may vary based on your location. 2. Processing Time:All orders are processed within 1-3 business days. Custom or made-to-order items may require additional time, which will be specified on the product page. 3. Shipping Times&hellip;<\/p>","protected":false},"author":8,"featured_media":0,"parent":0,"menu_order":0,"comment_status":"closed","ping_status":"closed","template":"","meta":{"footnotes":""},"class_list":["post-106301","page","type-page","status-publish","hentry"],"jetpack_sharing_enabled":true,"_links":{"self":[{"href":"https:\/\/berberedesign.com\/fr\/wp-json\/wp\/v2\/pages\/106301","targetHints":{"allow":["GET"]}}],"collection":[{"href":"https:\/\/berberedesign.com\/fr\/wp-json\/wp\/v2\/pages"}],"about":[{"href":"https:\/\/berberedesign.com\/fr\/wp-json\/wp\/v2\/types\/page"}],"author":[{"embeddable":true,"href":"https:\/\/berberedesign.com\/fr\/wp-json\/wp\/v2\/users\/8"}],"replies":[{"embeddable":true,"href":"https:\/\/berberedesign.com\/fr\/wp-json\/wp\/v2\/comments?post=106301"}],"version-history":[{"count":5,"href":"https:\/\/berberedesign.com\/fr\/wp-json\/wp\/v2\/pages\/106301\/revisions"}],"predecessor-version":[{"id":107187,"href":"https:\/\/berberedesign.com\/fr\/wp-json\/wp\/v2\/pages\/106301\/revisions\/107187"}],"wp:attachment":[{"href":"https:\/\/berberedesign.com\/fr\/wp-json\/wp\/v2\/media?parent=106301"}],"curies":[{"name":"wp","href":"https:\/\/api.w.org\/{rel}","templated":true}]}}