{"id":100667,"date":"2023-06-08T19:10:09","date_gmt":"2023-06-08T19:10:09","guid":{"rendered":"https:\/\/berberedesign.com\/?page_id=100667"},"modified":"2025-02-09T16:43:11","modified_gmt":"2025-02-09T16:43:11","slug":"conditions-generales-2","status":"publish","type":"page","link":"https:\/\/berberedesign.com\/fr\/conditions-generales-2\/","title":{"rendered":"Conditions g\u00e9n\u00e9rales d'utilisation"},"content":{"rendered":"<div data-elementor-type=\"wp-page\" data-elementor-id=\"100667\" class=\"elementor elementor-100667\" data-elementor-post-type=\"page\">\n\t\t\t\t<div class=\"elementor-element elementor-element-6c039020 e-flex e-con-boxed e-con e-parent\" data-id=\"6c039020\" data-element_type=\"container\">\n\t\t\t\t\t<div class=\"e-con-inner\">\n\t\t\t\t<div class=\"elementor-element elementor-element-1594eaf elementor-widget elementor-widget-text-editor\" data-id=\"1594eaf\" data-element_type=\"widget\" data-widget_type=\"text-editor.default\">\n\t\t\t\t<div class=\"elementor-widget-container\">\n\t\t\t\t\t\t\t\t\t<p><strong>1. Informations g\u00e9n\u00e9rales :<\/strong><br \/>En utilisant <strong><a href=\"https:\/\/berberedesign.com\/fr\/\" target=\"_new\" rel=\"noopener\">www.berberedesign.com<\/a><\/strong>vous acceptez ces conditions. Big M Solutions, situ\u00e9 \u00e0 <strong>1111B S Governors Ave STE 7173, Dover, DE 19904<\/strong>se r\u00e9serve le droit de modifier ces conditions \u00e0 tout moment et sans pr\u00e9avis.<\/p><p><strong>2. Commandes et paiements :<\/strong><br \/>Nous acceptons diff\u00e9rents modes de paiement, y compris les cartes de cr\u00e9dit et PayPal. Toutes les commandes sont soumises \u00e0 l'acceptation et \u00e0 la disponibilit\u00e9.<\/p><p><strong>3. Exp\u00e9dition :<\/strong><br \/>Les frais d'exp\u00e9dition sont calcul\u00e9s au moment du paiement. Les clients internationaux peuvent \u00eatre soumis \u00e0 des droits de douane et \u00e0 des taxes.<\/p><p><strong>4. Retours et remboursements :<\/strong><br \/>Veuillez consulter notre <strong><a href=\"https:\/\/berberedesign.com\/fr\/remboursements\/\">Remboursement et retours<\/a> Politique<\/strong> pour obtenir des informations sur les retours.<\/p><p><strong>5. Limitation de la responsabilit\u00e9 :<\/strong><br \/>Big M Solutions n'est pas responsable des dommages qui pourraient r\u00e9sulter de l'utilisation de ce site ou des produits achet\u00e9s.<\/p><p><strong>6. Politique de confidentialit\u00e9 :<\/strong><br \/>Nous respectons votre vie priv\u00e9e. Veuillez consulter notre <a href=\"https:\/\/berberedesign.com\/fr\/politique-de-confidentialite\/\"><strong>Politique de confidentialit\u00e9<\/strong><\/a> pour plus de d\u00e9tails sur la mani\u00e8re dont nous collectons et traitons vos donn\u00e9es.<\/p>\t\t\t\t\t\t\t\t<\/div>\n\t\t\t\t<\/div>\n\t\t\t\t\t<\/div>\n\t\t\t\t<\/div>\n\t\t\t\t<\/div>","protected":false},"excerpt":{"rendered":"<p>1. General Information:By using www.berberedesign.com, you agree to these terms. Big M Solutions, located at 1111B S Governors Ave STE 7173, Dover, DE 19904, reserves the right to change these terms at any time without prior notice. 2. Orders and Payments:We accept various payment methods, including credit cards and PayPal. All orders are subject to&hellip;<\/p>","protected":false},"author":8,"featured_media":0,"parent":0,"menu_order":0,"comment_status":"closed","ping_status":"closed","template":"","meta":{"footnotes":""},"class_list":["post-100667","page","type-page","status-publish","hentry"],"jetpack_sharing_enabled":true,"_links":{"self":[{"href":"https:\/\/berberedesign.com\/fr\/wp-json\/wp\/v2\/pages\/100667","targetHints":{"allow":["GET"]}}],"collection":[{"href":"https:\/\/berberedesign.com\/fr\/wp-json\/wp\/v2\/pages"}],"about":[{"href":"https:\/\/berberedesign.com\/fr\/wp-json\/wp\/v2\/types\/page"}],"author":[{"embeddable":true,"href":"https:\/\/berberedesign.com\/fr\/wp-json\/wp\/v2\/users\/8"}],"replies":[{"embeddable":true,"href":"https:\/\/berberedesign.com\/fr\/wp-json\/wp\/v2\/comments?post=100667"}],"version-history":[{"count":6,"href":"https:\/\/berberedesign.com\/fr\/wp-json\/wp\/v2\/pages\/100667\/revisions"}],"predecessor-version":[{"id":106325,"href":"https:\/\/berberedesign.com\/fr\/wp-json\/wp\/v2\/pages\/100667\/revisions\/106325"}],"wp:attachment":[{"href":"https:\/\/berberedesign.com\/fr\/wp-json\/wp\/v2\/media?parent=100667"}],"curies":[{"name":"wp","href":"https:\/\/api.w.org\/{rel}","templated":true}]}}