{"id":99022,"date":"2021-07-15T09:39:57","date_gmt":"2021-07-15T09:39:57","guid":{"rendered":"https:\/\/divifurnitureshop.divifixer.com\/?post_type=product&#038;p=178"},"modified":"2025-03-24T10:08:01","modified_gmt":"2025-03-24T10:08:01","slug":"alfombra-kilim-bereber-marroqui","status":"publish","type":"product","link":"https:\/\/berberedesign.com\/es\/alfombra-kilim-bereber-marroqui\/","title":{"rendered":"Cautivadora alfombra bereber marroqu\u00ed Kilim"},"content":{"rendered":"<p>Sum\u00e9rjase en el rico patrimonio cultural de Marruecos con nuestra exquisita Alfombra Kilim Bereber Marroqu\u00ed. Tejida a mano por h\u00e1biles artesanos, esta alfombra muestra la belleza atemporal de la artesan\u00eda bereber, Cada detalle intrincado cuenta una historia, lo que refleja las tradiciones y la historia del pueblo bereber, Los colores vibrantes y patrones geom\u00e9tricos capturan sin esfuerzo la esencia del dise\u00f1o marroqu\u00ed, a\u00f1adiendo un toque de elegancia ex\u00f3tica a cualquier espacio.<\/p>\n<p>Fabricada en lana de alta calidad, nuestra alfombra bereber marroqu\u00ed no s\u00f3lo es visualmente llamativa, sino tambi\u00e9n duradera y resistente. Est\u00e1 dise\u00f1ada para soportar el uso diario y el tr\u00e1fico peatonal, manteniendo su suavidad y textura, Ya sea colocado en una sala de estar, dormitorio o pasillo, esta alfombra sirve como un punto focal cautivadora, creando un ambiente c\u00e1lido y acogedor. Su estilo vers\u00e1til complementa una amplia gama de est\u00e9ticas interiores, desde la moderna y minimalista a la bohemia y ecl\u00e9ctica.<\/p>\n<p><img fetchpriority=\"high\" decoding=\"async\" class=\"aligncenter wp-image-101241 size-large\" src=\"https:\/\/berberedesign.com\/wp-content\/uploads\/2021\/07\/kilim-Berber-Moroccan-Rug-1024x683.webp\" alt=\"Alfombra kilim bereber marroqu\u00ed\" width=\"1024\" height=\"683\" title=\"\" srcset=\"https:\/\/berberedesign.com\/wp-content\/uploads\/2021\/07\/kilim-Berber-Moroccan-Rug-1024x683.webp 1024w, https:\/\/berberedesign.com\/wp-content\/uploads\/2021\/07\/kilim-Berber-Moroccan-Rug-300x200.webp 300w, https:\/\/berberedesign.com\/wp-content\/uploads\/2021\/07\/kilim-Berber-Moroccan-Rug-768x512.webp 768w, https:\/\/berberedesign.com\/wp-content\/uploads\/2021\/07\/kilim-Berber-Moroccan-Rug-18x12.webp 18w, https:\/\/berberedesign.com\/wp-content\/uploads\/2021\/07\/kilim-Berber-Moroccan-Rug-1064x710.webp 1064w, https:\/\/berberedesign.com\/wp-content\/uploads\/2021\/07\/kilim-Berber-Moroccan-Rug-20x13.webp 20w, https:\/\/berberedesign.com\/wp-content\/uploads\/2021\/07\/kilim-Berber-Moroccan-Rug-64x43.webp 64w, https:\/\/berberedesign.com\/wp-content\/uploads\/2021\/07\/kilim-Berber-Moroccan-Rug-1080x721.webp 1080w, https:\/\/berberedesign.com\/wp-content\/uploads\/2021\/07\/kilim-Berber-Moroccan-Rug-980x654.webp 980w, https:\/\/berberedesign.com\/wp-content\/uploads\/2021\/07\/kilim-Berber-Moroccan-Rug-480x320.webp 480w, https:\/\/berberedesign.com\/wp-content\/uploads\/2021\/07\/kilim-Berber-Moroccan-Rug.webp 1280w\" sizes=\"(max-width: 1024px) 100vw, 1024px\"><\/p>\n<p>D\u00e9jese seducir por la alfombra bereber marroqu\u00ed y eleve la decoraci\u00f3n de su hogar con su belleza atemporal y su significado cultural. Experimente la comodidad y el arte de esta pieza notable, con lo que un toque de bereber alfombra marroqu\u00ed a su espacio de vida.<\/p>\n<h3><strong>Informaci\u00f3n adicional:\u00a0<\/strong><\/h3>\n<p>Tipo de producto: Alfombra hecha a mano<\/p>\n<p>Material: Lana<\/p>\n<p>Composici\u00f3n: Lana 100%<\/p>\n<p>Estilo: Beni Ourain<\/p>\n<p>Color: blanco, marr\u00f3n y verde<\/p>\n<p>Tama\u00f1o: 3,28 x 5,41 ft \/ 100\u00d7165 cm<\/p>\n<p>Nota: Como cada alfombra se teje a mano, puede haber ligeras variaciones en las dimensiones y el peso, lo que a\u00f1ade singularidad y car\u00e1cter al producto.<\/p>\n<p>Si necesita el peso y las dimensiones espec\u00edficas de una alfombra Kilim bereber marroqu\u00ed en particular, indique el tama\u00f1o o modelo deseado y estar\u00e9 encantada de ayudarle.<\/p>\n<p>&nbsp;<\/p>","protected":false},"excerpt":{"rendered":"<p>Eleve su decoraci\u00f3n con nuestra alfombra Kilim bereber marroqu\u00ed, una impresionante mezcla de arte tradicional y estilo contempor\u00e1neo.<\/p>","protected":false},"featured_media":102528,"comment_status":"open","ping_status":"closed","template":"","meta":[],"product_brand":[],"product_cat":[234,195,232,190,319,236,318],"product_tag":[],"class_list":{"0":"post-99022","1":"product","2":"type-product","3":"status-publish","4":"has-post-thumbnail","6":"product_cat-best-sellers","7":"product_cat-kilim-rugs","8":"product_cat-new-arrivals","9":"product_cat-rugs","10":"product_cat-rugs-wool-handcrafted-benches","11":"product_cat-sale-items","12":"product_cat-wool","13":"product_shipping_class-free","14":"description-off","16":"first","17":"instock","18":"shipping-taxable","19":"purchasable","20":"product-type-simple"},"jetpack_sharing_enabled":true,"_links":{"self":[{"href":"https:\/\/berberedesign.com\/es\/wp-json\/wp\/v2\/product\/99022","targetHints":{"allow":["GET"]}}],"collection":[{"href":"https:\/\/berberedesign.com\/es\/wp-json\/wp\/v2\/product"}],"about":[{"href":"https:\/\/berberedesign.com\/es\/wp-json\/wp\/v2\/types\/product"}],"replies":[{"embeddable":true,"href":"https:\/\/berberedesign.com\/es\/wp-json\/wp\/v2\/comments?post=99022"}],"version-history":[{"count":1,"href":"https:\/\/berberedesign.com\/es\/wp-json\/wp\/v2\/product\/99022\/revisions"}],"predecessor-version":[{"id":105325,"href":"https:\/\/berberedesign.com\/es\/wp-json\/wp\/v2\/product\/99022\/revisions\/105325"}],"wp:featuredmedia":[{"embeddable":true,"href":"https:\/\/berberedesign.com\/es\/wp-json\/wp\/v2\/media\/102528"}],"wp:attachment":[{"href":"https:\/\/berberedesign.com\/es\/wp-json\/wp\/v2\/media?parent=99022"}],"wp:term":[{"taxonomy":"product_brand","embeddable":true,"href":"https:\/\/berberedesign.com\/es\/wp-json\/wp\/v2\/product_brand?post=99022"},{"taxonomy":"product_cat","embeddable":true,"href":"https:\/\/berberedesign.com\/es\/wp-json\/wp\/v2\/product_cat?post=99022"},{"taxonomy":"product_tag","embeddable":true,"href":"https:\/\/berberedesign.com\/es\/wp-json\/wp\/v2\/product_tag?post=99022"}],"curies":[{"name":"wp","href":"https:\/\/api.w.org\/{rel}","templated":true}]}}