{"id":98792,"date":"2021-07-15T09:39:57","date_gmt":"2021-07-15T09:39:57","guid":{"rendered":"https:\/\/divifurnitureshop.divifixer.com\/?post_type=product&#038;p=172"},"modified":"2025-12-29T23:34:25","modified_gmt":"2025-12-29T23:34:25","slug":"sabra-marroqui-almohada-de-seda-cactus-verde","status":"publish","type":"product","link":"https:\/\/berberedesign.com\/es\/sabra-marroqui-almohada-de-seda-cactus-verde\/","title":{"rendered":"Almohada de seda Sabra marroqu\u00ed - Funda de almohada verde"},"content":{"rendered":"<p>\u00bfBusca un toque bohemio y \u00fanico para a\u00f1adir a la decoraci\u00f3n de su hogar? Nuestra p\u00e1gina <strong>Almohadas de seda hechas a mano con cactus marroqu\u00edes<\/strong> \u00a1son el complemento perfecto! Hecho de tejido a mano vintage <strong>Alfombras marroqu\u00edes Sabra<\/strong>Cada funda de almohada es \u00fanica.<\/p>\n<p>Hay muchas historias en torno a los or\u00edgenes de Sabra, el material utilizado para hacer estos hermosos <strong>Almohadas bereberes marroqu\u00edes<\/strong>. Algunos dicen que est\u00e1 hecha de seda sabra natural, cuidadosamente tejida y te\u00f1ida en una gama de colores. Otros afirman que es una fibra de ray\u00f3n importada de varios pa\u00edses y utilizada por los artesanos marroqu\u00edes para crear alfombras y tejidos impresionantes.<\/p>\n<p>Independientemente de su origen, los productos Sabra son incre\u00edblemente populares por su capacidad para captar la esencia del rico patrimonio cultural de Marruecos. Estas almohadas bereberes son ligeras y tienen un brillo sutil, lo que las convierte en las favoritas de los clientes.<\/p>\n<p><img fetchpriority=\"high\" decoding=\"async\" class=\"aligncenter wp-image-100352 size-large\" src=\"https:\/\/berberedesign.com\/wp-content\/uploads\/2021\/07\/background-1280_854-1024x683.jpg\" alt=\"Sabra Cactus Funda de almohada de seda verde\" width=\"1024\" height=\"683\" title=\"\" srcset=\"https:\/\/berberedesign.com\/wp-content\/uploads\/2021\/07\/background-1280_854-1024x683.jpg 1024w, https:\/\/berberedesign.com\/wp-content\/uploads\/2021\/07\/background-1280_854-300x200.jpg 300w, https:\/\/berberedesign.com\/wp-content\/uploads\/2021\/07\/background-1280_854-768x512.jpg 768w, https:\/\/berberedesign.com\/wp-content\/uploads\/2021\/07\/background-1280_854-1536x1025.jpg 1536w, https:\/\/berberedesign.com\/wp-content\/uploads\/2021\/07\/background-1280_854-18x12.jpg 18w, https:\/\/berberedesign.com\/wp-content\/uploads\/2021\/07\/background-1280_854-1064x710.jpg 1064w, https:\/\/berberedesign.com\/wp-content\/uploads\/2021\/07\/background-1280_854-20x13.jpg 20w, https:\/\/berberedesign.com\/wp-content\/uploads\/2021\/07\/background-1280_854-64x43.jpg 64w, https:\/\/berberedesign.com\/wp-content\/uploads\/2021\/07\/background-1280_854-1080x721.jpg 1080w, https:\/\/berberedesign.com\/wp-content\/uploads\/2021\/07\/background-1280_854-1280x854.jpg 1280w, https:\/\/berberedesign.com\/wp-content\/uploads\/2021\/07\/background-1280_854-980x654.jpg 980w, https:\/\/berberedesign.com\/wp-content\/uploads\/2021\/07\/background-1280_854-480x320.jpg 480w, https:\/\/berberedesign.com\/wp-content\/uploads\/2021\/07\/background-1280_854.jpg 1920w\" sizes=\"(max-width: 1024px) 100vw, 1024px\"><\/p>\n<p>Disponibles en varios tama\u00f1os y colores, nuestros cojines bereberes marroqu\u00edes Sabra a\u00f1adir\u00e1n un toque de encanto a cualquier espacio. Con un tama\u00f1o de 45 x 45 cm, son perfectos para a\u00f1adir un toque acogedor y elegante a tu hogar.<\/p>","protected":false},"excerpt":{"rendered":"<p>Transforme su espacio vital en un lugar de car\u00e1cter y encanto con la exquisita decoraci\u00f3n marroqu\u00ed. Nuestro <strong>Almohada de seda marroqu\u00ed Sabra Cactus<\/strong> &#8211; <strong>Funda de coj\u00edn verde<\/strong> es un complemento perfecto para crear un aura visual fascinante y elevar sus estancias. Estos cojines marroqu\u00edes, impregnados de colores y dise\u00f1os aut\u00e9nticos, dar\u00e1n a su espacio una sensaci\u00f3n de singularidad sin igual y lo har\u00e1n sentir realmente especial.<\/p>","protected":false},"featured_media":100355,"comment_status":"open","ping_status":"closed","template":"","meta":[],"product_brand":[],"product_cat":[234,198,197,199,232,196,200,236,201],"product_tag":[],"class_list":{"0":"post-98792","1":"product","2":"type-product","3":"status-publish","4":"has-post-thumbnail","6":"product_cat-best-sellers","7":"product_cat-embroidered-cushions","8":"product_cat-handwoven-berber-pillows","9":"product_cat-kilim-pillow-covers","10":"product_cat-new-arrivals","11":"product_cat-pillows-and-cushions","12":"product_cat-pom-pom-cushions","13":"product_cat-sale-items","14":"product_cat-vintage-berber-pillows","15":"product_shipping_class-free","16":"description-off","18":"first","19":"instock","20":"featured","21":"shipping-taxable","22":"purchasable","23":"product-type-simple"},"jetpack_sharing_enabled":true,"_links":{"self":[{"href":"https:\/\/berberedesign.com\/es\/wp-json\/wp\/v2\/product\/98792","targetHints":{"allow":["GET"]}}],"collection":[{"href":"https:\/\/berberedesign.com\/es\/wp-json\/wp\/v2\/product"}],"about":[{"href":"https:\/\/berberedesign.com\/es\/wp-json\/wp\/v2\/types\/product"}],"replies":[{"embeddable":true,"href":"https:\/\/berberedesign.com\/es\/wp-json\/wp\/v2\/comments?post=98792"}],"version-history":[{"count":0,"href":"https:\/\/berberedesign.com\/es\/wp-json\/wp\/v2\/product\/98792\/revisions"}],"wp:featuredmedia":[{"embeddable":true,"href":"https:\/\/berberedesign.com\/es\/wp-json\/wp\/v2\/media\/100355"}],"wp:attachment":[{"href":"https:\/\/berberedesign.com\/es\/wp-json\/wp\/v2\/media?parent=98792"}],"wp:term":[{"taxonomy":"product_brand","embeddable":true,"href":"https:\/\/berberedesign.com\/es\/wp-json\/wp\/v2\/product_brand?post=98792"},{"taxonomy":"product_cat","embeddable":true,"href":"https:\/\/berberedesign.com\/es\/wp-json\/wp\/v2\/product_cat?post=98792"},{"taxonomy":"product_tag","embeddable":true,"href":"https:\/\/berberedesign.com\/es\/wp-json\/wp\/v2\/product_tag?post=98792"}],"curies":[{"name":"wp","href":"https:\/\/api.w.org\/{rel}","templated":true}]}}