{"id":97218,"date":"2021-07-15T09:39:58","date_gmt":"2021-07-15T09:39:58","guid":{"rendered":"https:\/\/divifurnitureshop.divifixer.com\/?post_type=product&#038;p=188"},"modified":"2025-02-20T20:15:13","modified_gmt":"2025-02-20T20:15:13","slug":"puf-marroqui-de-cuero-genuino-puf-cuadrado-marron-caramelo","status":"publish","type":"product","link":"https:\/\/berberedesign.com\/es\/puf-marroqui-de-cuero-genuino-puf-cuadrado-marron-caramelo\/","title":{"rendered":"Puf cuadrado marroqu\u00ed de cuero aut\u00e9ntico - Puf marr\u00f3n caramelo"},"content":{"rendered":"<p>A\u00f1ada un toque de elegancia marroqu\u00ed a su sal\u00f3n con este puf cuadrado de piel hecho a mano. Fabricado en piel aut\u00e9ntica, este puf presenta c\u00e1lidos tonos marrones y caramelo que combinan tradici\u00f3n y modernidad. Perfecto como reposapi\u00e9s, como asiento extra o como elegante elemento decorativo, complementa cualquier estilo de decoraci\u00f3n sin esfuerzo.<\/p>\n<ul>\n<li><strong>Aut\u00e9ntica artesan\u00eda:<\/strong> Hecho a mano por artesanos marroqu\u00edes con piel aut\u00e9ntica de primera calidad.<\/li>\n<li><strong>Tonos marrones y caramelo:<\/strong> Una paleta c\u00e1lida y neutra que complementa una gran variedad de interiores.<\/li>\n<li><strong>Uso vers\u00e1til:<\/strong> Ideal como reposapi\u00e9s, asiento adicional o acento decorativo.<\/li>\n<li><strong>Duradero y de larga duraci\u00f3n:<\/strong> Su robusta construcci\u00f3n garantiza que seguir\u00e1 siendo un b\u00e1sico con estilo durante a\u00f1os.<\/li>\n<\/ul>\n<p>Transforme su hogar con este puf marroqu\u00ed de piel, que combina estilo, comodidad y herencia cultural.<\/p>\n<p><iframe title=\"Un talento de la artesan\u00eda marroqu\u00ed\" width=\"1200\" height=\"675\" src=\"https:\/\/www.youtube.com\/embed\/c_10xM47nDw?feature=oembed&#038;enablejsapi=1&#038;origin=https:\/\/berberedesign.com\" frameborder=\"0\" allow=\"accelerometer; autoplay; clipboard-write; encrypted-media; gyroscope; picture-in-picture; web-share\" referrerpolicy=\"strict-origin-when-cross-origin\" allowfullscreen><\/iframe><\/p>","protected":false},"excerpt":{"rendered":"<p>Del\u00e9itese con la felpa <strong>confort<\/strong> de este impresionante y \u00fanico <strong>puf marr\u00f3n caramelo<\/strong>meticulosamente elaborado a partir de <strong>puf marroqu\u00ed de cuero aut\u00e9ntico<\/strong>. El relleno suave y acogedor le permitir\u00e1 sentarse y relajarse, por lo que es una opci\u00f3n ideal para un reposapi\u00e9s, una otomana, o una pieza de acento llamativo. este vers\u00e1til de <strong>Puf marr\u00f3n caramelo<\/strong>\u00a0complementar\u00e1 con facilidad cualquier decoraci\u00f3n interior.<\/p>","protected":false},"featured_media":102394,"comment_status":"open","ping_status":"closed","template":"","meta":[],"product_brand":[],"product_cat":[234,202,302,204,232,236],"product_tag":[],"class_list":{"0":"post-97218","1":"product","2":"type-product","3":"status-publish","4":"has-post-thumbnail","6":"product_cat-best-sellers","7":"product_cat-home-decor","8":"product_cat-leather-poufs","9":"product_cat-moroccan-poufs","10":"product_cat-new-arrivals","11":"product_cat-sale-items","12":"product_shipping_class-free","13":"description-off","15":"first","16":"instock","17":"sale","18":"shipping-taxable","19":"purchasable","20":"product-type-variable"},"jetpack_sharing_enabled":true,"_links":{"self":[{"href":"https:\/\/berberedesign.com\/es\/wp-json\/wp\/v2\/product\/97218","targetHints":{"allow":["GET"]}}],"collection":[{"href":"https:\/\/berberedesign.com\/es\/wp-json\/wp\/v2\/product"}],"about":[{"href":"https:\/\/berberedesign.com\/es\/wp-json\/wp\/v2\/types\/product"}],"replies":[{"embeddable":true,"href":"https:\/\/berberedesign.com\/es\/wp-json\/wp\/v2\/comments?post=97218"}],"version-history":[{"count":2,"href":"https:\/\/berberedesign.com\/es\/wp-json\/wp\/v2\/product\/97218\/revisions"}],"predecessor-version":[{"id":106815,"href":"https:\/\/berberedesign.com\/es\/wp-json\/wp\/v2\/product\/97218\/revisions\/106815"}],"wp:featuredmedia":[{"embeddable":true,"href":"https:\/\/berberedesign.com\/es\/wp-json\/wp\/v2\/media\/102394"}],"wp:attachment":[{"href":"https:\/\/berberedesign.com\/es\/wp-json\/wp\/v2\/media?parent=97218"}],"wp:term":[{"taxonomy":"product_brand","embeddable":true,"href":"https:\/\/berberedesign.com\/es\/wp-json\/wp\/v2\/product_brand?post=97218"},{"taxonomy":"product_cat","embeddable":true,"href":"https:\/\/berberedesign.com\/es\/wp-json\/wp\/v2\/product_cat?post=97218"},{"taxonomy":"product_tag","embeddable":true,"href":"https:\/\/berberedesign.com\/es\/wp-json\/wp\/v2\/product_tag?post=97218"}],"curies":[{"name":"wp","href":"https:\/\/api.w.org\/{rel}","templated":true}]}}