{"id":96066,"date":"2021-07-15T09:39:56","date_gmt":"2021-07-15T09:39:56","guid":{"rendered":"https:\/\/divifurnitureshop.divifixer.com\/?post_type=product&#038;p=168"},"modified":"2026-03-31T17:23:21","modified_gmt":"2026-03-31T17:23:21","slug":"alfombra-marroqui-najma","status":"publish","type":"product","link":"https:\/\/berberedesign.com\/es\/alfombra-marroqui-najma\/","title":{"rendered":"Impresionante alfombra marroqu\u00ed Najma - Tesoro de Beni Ourain"},"content":{"rendered":"<p>Del\u00e9itese con la encantadora belleza de nuestra alfombra Najma, una verdadera obra maestra que captura la esencia del dise\u00f1o bereber marroqu\u00ed. Tejida a mano con meticulosa atenci\u00f3n al detalle, esta alfombra est\u00e1 hecha de lana 100%, garantizando comodidad y durabilidad.<\/p>\n<p>La alfombra Najma presenta un cautivador fondo blanco, s\u00edmbolo de pureza y tranquilidad, que la convierte en un complemento vers\u00e1til para cualquier interior. A lo largo de su superficie, encontrar\u00e1 una dispersi\u00f3n de estrellas, cada una dise\u00f1ada de forma \u00fanica con colores vibrantes que evocan una sensaci\u00f3n de capricho y alegr\u00eda. Estos motivos celestiales rinden homenaje a las maravillas celestes que han fascinado e inspirado a las culturas a lo largo de la historia. Con unas medidas de [250x150cm - 8.20\u00d74.92 ft ], esta alfombra es perfecta para a\u00f1adir un toque de elegancia marroqu\u00ed a su sal\u00f3n, dormitorio o cualquier espacio que anhele un toque de calidez y car\u00e1cter. Las fibras de lana de felpa proporcionan una textura suave y acogedora bajo los pies, invit\u00e1ndote a hundirte en su lujoso abrazo.<\/p>\n<p><img fetchpriority=\"high\" decoding=\"async\" class=\"aligncenter wp-image-101235 size-large\" src=\"https:\/\/berberedesign.com\/wp-content\/uploads\/2021\/07\/Najma-Berber-design-rug-new-design-1-1024x683.webp\" alt=\"Alfombra de dise\u00f1o bereber Najma nuevo dise\u00f1o\" width=\"1024\" height=\"683\" title=\"\" srcset=\"https:\/\/berberedesign.com\/wp-content\/uploads\/2021\/07\/Najma-Berber-design-rug-new-design-1-1024x683.webp 1024w, https:\/\/berberedesign.com\/wp-content\/uploads\/2021\/07\/Najma-Berber-design-rug-new-design-1-300x200.webp 300w, https:\/\/berberedesign.com\/wp-content\/uploads\/2021\/07\/Najma-Berber-design-rug-new-design-1-768x512.webp 768w, https:\/\/berberedesign.com\/wp-content\/uploads\/2021\/07\/Najma-Berber-design-rug-new-design-1-18x12.webp 18w, https:\/\/berberedesign.com\/wp-content\/uploads\/2021\/07\/Najma-Berber-design-rug-new-design-1-1064x710.webp 1064w, https:\/\/berberedesign.com\/wp-content\/uploads\/2021\/07\/Najma-Berber-design-rug-new-design-1-20x13.webp 20w, https:\/\/berberedesign.com\/wp-content\/uploads\/2021\/07\/Najma-Berber-design-rug-new-design-1-64x43.webp 64w, https:\/\/berberedesign.com\/wp-content\/uploads\/2021\/07\/Najma-Berber-design-rug-new-design-1-1080x721.webp 1080w, https:\/\/berberedesign.com\/wp-content\/uploads\/2021\/07\/Najma-Berber-design-rug-new-design-1-980x654.webp 980w, https:\/\/berberedesign.com\/wp-content\/uploads\/2021\/07\/Najma-Berber-design-rug-new-design-1-480x320.webp 480w, https:\/\/berberedesign.com\/wp-content\/uploads\/2021\/07\/Najma-Berber-design-rug-new-design-1.webp 1280w\" sizes=\"(max-width: 1024px) 100vw, 1024px\"><\/p>\n<p>La alfombra Najma combina a la perfecci\u00f3n la artesan\u00eda tradicional con una est\u00e9tica contempor\u00e1nea, por lo que es una opci\u00f3n vers\u00e1til que complementa una amplia gama de estilos de interior. Tanto si su decoraci\u00f3n se inclina hacia el minimalismo moderno como si adopta el encanto ecl\u00e9ctico, esta alfombra realzar\u00e1 sin esfuerzo el ambiente de su espacio.<\/p>\n<p>Abrace el encanto de la herencia marroqu\u00ed y las maravillas celestiales con la alfombra Najma. Cada alfombra es una obra de arte \u00fanica, que lleva la marca de los h\u00e1biles artesanos que la elaboraron. Al traer esta exquisita pieza a su hogar, no s\u00f3lo a\u00f1ade un toque de lujo, sino que tambi\u00e9n apoya la preservaci\u00f3n de la artesan\u00eda tradicional marroqu\u00ed.<\/p>\n<p>Transforme su espacio con la belleza et\u00e9rea de la alfombra Najma y deje que sus estrellas iluminen su entorno, creando una atm\u00f3sfera de confort, encanto y estilo atemporal.<\/p>","protected":false},"excerpt":{"rendered":"<p>Presentamos nuestra exquisita alfombra marroqu\u00ed Najma, una pieza impresionante que combina la elegancia atemporal del dise\u00f1o bereber marroqu\u00ed con un toque de encanto celestial. Hecha a mano por artesanos expertos, esta alfombra de lana 100% cuenta con un hermoso fondo blanco adornado con encantadoras estrellas en varios colores. La alfombra Najma aporta sin esfuerzo calidez, estilo y un toque de maravilla celestial a cualquier espacio.<\/p>","protected":false},"featured_media":102550,"comment_status":"open","ping_status":"closed","template":"","meta":[],"product_brand":[],"product_cat":[232,192,190,319,318],"product_tag":[],"class_list":{"0":"post-96066","1":"product","2":"type-product","3":"status-publish","4":"has-post-thumbnail","6":"product_cat-new-arrivals","7":"product_cat-beni-ourain-rugs","8":"product_cat-rugs","9":"product_cat-rugs-wool-handcrafted-benches","10":"product_cat-wool","11":"product_shipping_class-free","12":"description-off","14":"first","15":"instock","16":"shipping-taxable","17":"purchasable","18":"product-type-simple"},"jetpack_sharing_enabled":true,"_links":{"self":[{"href":"https:\/\/berberedesign.com\/es\/wp-json\/wp\/v2\/product\/96066","targetHints":{"allow":["GET"]}}],"collection":[{"href":"https:\/\/berberedesign.com\/es\/wp-json\/wp\/v2\/product"}],"about":[{"href":"https:\/\/berberedesign.com\/es\/wp-json\/wp\/v2\/types\/product"}],"replies":[{"embeddable":true,"href":"https:\/\/berberedesign.com\/es\/wp-json\/wp\/v2\/comments?post=96066"}],"version-history":[{"count":1,"href":"https:\/\/berberedesign.com\/es\/wp-json\/wp\/v2\/product\/96066\/revisions"}],"predecessor-version":[{"id":105327,"href":"https:\/\/berberedesign.com\/es\/wp-json\/wp\/v2\/product\/96066\/revisions\/105327"}],"wp:featuredmedia":[{"embeddable":true,"href":"https:\/\/berberedesign.com\/es\/wp-json\/wp\/v2\/media\/102550"}],"wp:attachment":[{"href":"https:\/\/berberedesign.com\/es\/wp-json\/wp\/v2\/media?parent=96066"}],"wp:term":[{"taxonomy":"product_brand","embeddable":true,"href":"https:\/\/berberedesign.com\/es\/wp-json\/wp\/v2\/product_brand?post=96066"},{"taxonomy":"product_cat","embeddable":true,"href":"https:\/\/berberedesign.com\/es\/wp-json\/wp\/v2\/product_cat?post=96066"},{"taxonomy":"product_tag","embeddable":true,"href":"https:\/\/berberedesign.com\/es\/wp-json\/wp\/v2\/product_tag?post=96066"}],"curies":[{"name":"wp","href":"https:\/\/api.w.org\/{rel}","templated":true}]}}