{"id":94458,"date":"2021-07-15T09:39:57","date_gmt":"2021-07-15T09:39:57","guid":{"rendered":"https:\/\/divifurnitureshop.divifixer.com\/?post_type=product&#038;p=186"},"modified":"2025-08-28T04:43:18","modified_gmt":"2025-08-28T04:43:18","slug":"alfombra-azilal-colorburst-alfombra-azilal-autentica","status":"publish","type":"product","link":"https:\/\/berberedesign.com\/es\/alfombra-azilal-colorburst-alfombra-azilal-autentica\/","title":{"rendered":"Exquisita alfombra Azilal Colorburst - Alfombra Azilal aut\u00e9ntica"},"content":{"rendered":"<p>[et_pb_section fb_built=\"1\u2033 make_equal=\"on\" use_custom_gutter=\"on\" gutter_width=\"2\u2033 specialty=\"on\" _builder_version=\"4.16\u2033 _module_preset=\"default\" inner_max_width=\"1170px\" global_colors_info=\"{}\"][et_pb_column type=\"1_4\u2033 _builder_version=\"4.\u00a116\u2033 custom_padding=\"|||\" global_colors_info=\"{}\" custom_padding__hover=\"|||\"][et_pb_sidebar show_border=\"off\" module_id=\"sidebar\" _builder_version=\"4.16\u2033 _module_preset=\"default\" custom_css_main_element=\"width:100% !important;\" global_colors_info=\"{}\"][\/et_pb_sidebar][\/et_pb_column][et_pb_column type=\"3_4\u2033 specialty_columns=\"3\u2033 _builder_version=\"4.16\u2033 custom_padding=\"|||\" global_colors_info=\"{}\" custom_padding__hover=\"||\"][et_pb_row_inner _builder_version=\"4.16\u2033 _module_preset=\"default\" global_colors_info=\"{}\"][et_pb_column_inner saved_specialty_column_type=\"3_4\u2033 _builder_version=\"4.16\u2033 _module_preset=\"default\" global_colors_info=\"{}\"][et_pb_wc_cart_notice _builder_version=\"4.16\u2033 _module_preset=\"default\" global_colors_info=\"{}\"][et_pb_wc_cart_notice _builder_version=\"4.16\u2033 _module_preset=\"default\" global_colors_info=\"{}\"][\/et_pb_wc_cart_notice][\/et_pb_column_inner][\/et_pb_row_inner][et_pb_row_inner column_structure=\"1_2,1_2\u2033 _builder_version=\"4.16\u2033 _module_preset=\"default\" global_colors_info=\"{}\"][et_pb_column_inner type=\"1_2\u2033 saved_specialty_column_type=\"3_4\u2033 _builder_version=\"4.16\u2033 _module_preset=\"default\" global_colors_info=\"{}\"][et_pb_wc_images _builder_version=\"4.16\u2033 _module_preset=\"default\" global_colors_info=\"{}\"][\/et_pb_wc_images][\/et_pb_column_inner][et_pb_column_inner type=\"1_2\u2033 saved_specialty_column_type=\"3_4\u2033 _builder_version=\"4.16\u2033 _module_preset=\"default\" global_colors_info=\"{}\"][et_pb_wc_title _builder_version=\"4.16\u2033 _module_preset=\"default\" global_colors_info=\"{}\"][\/et_pb_wc_title][et_pb_wc_rating _builder_version=\"4.\u00a116\u2033 _module_preset=\"default\" custom_css_main_element=\"color: var(-color-1);\" custom_css_text=\"color: var(-color-2);\" global_colors_info=\"{}\"][\/et_pb_wc_rating][et_pb_wc_price _builder_version=\"4.16\u2033 _module_preset=\"default\" custom_css_main_element=\"color: var(-color-1) !important;\" custom_css_text=\"color: var(-color-1) !important;\" custom_css_before_sale_price=\"color: var(-color-1) !important;\" custom_css_sale_price=\"color: var(-color-1) !important;\" global_colors_info=\"{}\"][\/et_pb_wc_price][et_pb_wc_description _builder_version=\"4.16\u2033 _module_preset=\"default\" global_colors_info=\"{}\"][\/et_pb_wc_description][et_pb_wc_add_to_cart _builder_version=\"4.16\u2033 _module_preset=\"default\" global_colors_info=\"{}\"][\/et_pb_wc_add_to_cart][et_pb_wc_additional_info _builder_version=\"4.16\u2033 _module_preset=\"default\" global_colors_info=\"{}\"][\/et_pb_wc_price16\u2033 _module_preset=\"default\" global_colors_info=\"{}\"][\/et_pb_wc_additional_info][\/et_pb_column_inner][\/et_pb_row_inner][et_pb_row_inner _builder_version=\"4.16\u2033 _module_preset=\"default\" global_colors_info=\"{}\"][et_pb_column_inner saved_specialty_column_type=\"3_4\u2033 _builder_version=\"4.16\u2033 _module_preset=\"default\" global_colors_info=\"{}\"][et_pb_wc_tabs _builder_version=\"4.16\u2033 _module_preset=\"default\" global_colors_info=\"{}\"][\/et_pb_wc_tabs][\/et_pb_column_inner][\/et_pb_row_inner][et_pb_row_inner _builder_version=\"4.16\u2033 _module_preset=\"default\" global_colors_info=\"{}\"][et_pb_column_inner saved_specialty_column_type=\"3_4\u2033 _builder_version=\"4.16\u2033 _module_preset=\"default\" global_colors_info=\"{}\"][et_pb_wc_related_products icon_hover_color=\"RGBA(0,0,0,0)\" hover_overlay_color=\"RGBA(0,0,0,0)\" module_class=\"dct_shop_v1\u2033 _builder_version=\"4.16\u2033 _module_preset=\"default\" global_colors_info=\"{}\"][\/et_pb_wc_related_products][\/et_pb_column_inner][\/et_pb_row_inner][et_pb_row_inner _builder_version=\"4.16\u2033 _module_preset=\"default\" global_colors_info=\"{}\"][et_pb_column_inner saved_specialty_column_type=\"3_4\u2033 _builder_version=\"4.16\u2033 _module_preset=\"default\" global_colors_info=\"{}\"][et_pb_wc_upsells icon_hover_color=\"RGBA(0,0,0,0)\" hover_overlay_color=\"RGBA(0,0,0,0)\" admin_label=\"Woo Upsell\" module_class=\"dct_shop_v1\u2033 _builder_version=\"4.16\u2033 _module_preset=\"default\" global_colors_info=\"{}\"][\/et_pb_wc_upsells][\/et_pb_column_inner][\/et_pb_row_inner][\/et_pb_column][\/et_pb_section]<\/p>","protected":false},"excerpt":{"rendered":"<p>Presentamos nuestra alfombra Azilal Colorburst, una cautivadora y aut\u00e9ntica obra maestra de la alfombra azilal marroqu\u00ed. Sum\u00e9rjase en sus vibrantes colores e intrincados patrones, a\u00f1adiendo un toque de elegancia ex\u00f3tica a su espacio.<\/p>","protected":false},"featured_media":101868,"comment_status":"open","ping_status":"closed","template":"","meta":[],"product_brand":[],"product_cat":[234,193,232,190,319,236,318],"product_tag":[],"class_list":{"0":"post-94458","1":"product","2":"type-product","3":"status-publish","4":"has-post-thumbnail","6":"product_cat-best-sellers","7":"product_cat-azilal-rugs","8":"product_cat-new-arrivals","9":"product_cat-rugs","10":"product_cat-rugs-wool-handcrafted-benches","11":"product_cat-sale-items","12":"product_cat-wool","13":"product_shipping_class-free","14":"description-off","16":"first","17":"outofstock","18":"shipping-taxable","19":"purchasable","20":"product-type-simple"},"jetpack_sharing_enabled":true,"_links":{"self":[{"href":"https:\/\/berberedesign.com\/es\/wp-json\/wp\/v2\/product\/94458","targetHints":{"allow":["GET"]}}],"collection":[{"href":"https:\/\/berberedesign.com\/es\/wp-json\/wp\/v2\/product"}],"about":[{"href":"https:\/\/berberedesign.com\/es\/wp-json\/wp\/v2\/types\/product"}],"replies":[{"embeddable":true,"href":"https:\/\/berberedesign.com\/es\/wp-json\/wp\/v2\/comments?post=94458"}],"version-history":[{"count":1,"href":"https:\/\/berberedesign.com\/es\/wp-json\/wp\/v2\/product\/94458\/revisions"}],"predecessor-version":[{"id":105324,"href":"https:\/\/berberedesign.com\/es\/wp-json\/wp\/v2\/product\/94458\/revisions\/105324"}],"wp:featuredmedia":[{"embeddable":true,"href":"https:\/\/berberedesign.com\/es\/wp-json\/wp\/v2\/media\/101868"}],"wp:attachment":[{"href":"https:\/\/berberedesign.com\/es\/wp-json\/wp\/v2\/media?parent=94458"}],"wp:term":[{"taxonomy":"product_brand","embeddable":true,"href":"https:\/\/berberedesign.com\/es\/wp-json\/wp\/v2\/product_brand?post=94458"},{"taxonomy":"product_cat","embeddable":true,"href":"https:\/\/berberedesign.com\/es\/wp-json\/wp\/v2\/product_cat?post=94458"},{"taxonomy":"product_tag","embeddable":true,"href":"https:\/\/berberedesign.com\/es\/wp-json\/wp\/v2\/product_tag?post=94458"}],"curies":[{"name":"wp","href":"https:\/\/api.w.org\/{rel}","templated":true}]}}