{"id":93993,"date":"2021-07-15T09:39:57","date_gmt":"2021-07-15T09:39:57","guid":{"rendered":"https:\/\/divifurnitureshop.divifixer.com\/?post_type=product&#038;p=187"},"modified":"2026-03-28T03:48:26","modified_gmt":"2026-03-28T03:48:26","slug":"cactus-marroqui-almohada-de-seda-funda-naranja","status":"publish","type":"product","link":"https:\/\/berberedesign.com\/es\/cactus-marroqui-almohada-de-seda-funda-naranja\/","title":{"rendered":"Almohada de seda Cactus marroqu\u00ed Funda naranja"},"content":{"rendered":"<h1>\u00bfBusca una forma de dar un toque de color a su hogar?<\/h1>\n<p>Considere la <strong>Almohada de seda Cactus marroqu\u00ed Funda naranja<\/strong> que actualmente est\u00e1 a la venta. Fabricado en <strong>seda de cactus de alta calidad<\/strong>Esta funda de almohada presenta intrincados dise\u00f1os y motivos inspirados en la tradici\u00f3n. <strong>Decoraci\u00f3n marroqu\u00ed<\/strong>. El vibrante tono naranja es seguro para hacer una declaraci\u00f3n audaz en cualquier habitaci\u00f3n. Esta funda de almohada no s\u00f3lo es elegante, sino tambi\u00e9n funcional y c\u00f3moda, por lo que es un gran complemento para cualquier sof\u00e1, silla o cama. Junto con el <strong>Almohada de seda Cactus marroqu\u00ed Funda naranja<\/strong>Adem\u00e1s, hay muchas otras opciones de cojines marroqu\u00edes que pueden realzar la decoraci\u00f3n de tu hogar.<\/p>\n<p><img fetchpriority=\"high\" decoding=\"async\" class=\"aligncenter wp-image-100780 size-large\" src=\"https:\/\/berberedesign.com\/wp-content\/uploads\/2021\/07\/background-1280_854-1-1024x683.jpg\" alt=\"Orange cactus marroqu\u00ed funda de almohada de seda amazon\" width=\"1024\" height=\"683\" title=\"\" srcset=\"https:\/\/berberedesign.com\/wp-content\/uploads\/2021\/07\/background-1280_854-1-1024x683.jpg 1024w, https:\/\/berberedesign.com\/wp-content\/uploads\/2021\/07\/background-1280_854-1-300x200.jpg 300w, https:\/\/berberedesign.com\/wp-content\/uploads\/2021\/07\/background-1280_854-1-768x512.jpg 768w, https:\/\/berberedesign.com\/wp-content\/uploads\/2021\/07\/background-1280_854-1-1536x1025.jpg 1536w, https:\/\/berberedesign.com\/wp-content\/uploads\/2021\/07\/background-1280_854-1-18x12.jpg 18w, https:\/\/berberedesign.com\/wp-content\/uploads\/2021\/07\/background-1280_854-1-1064x710.jpg 1064w, https:\/\/berberedesign.com\/wp-content\/uploads\/2021\/07\/background-1280_854-1-20x13.jpg 20w, https:\/\/berberedesign.com\/wp-content\/uploads\/2021\/07\/background-1280_854-1-64x43.jpg 64w, https:\/\/berberedesign.com\/wp-content\/uploads\/2021\/07\/background-1280_854-1-1080x721.jpg 1080w, https:\/\/berberedesign.com\/wp-content\/uploads\/2021\/07\/background-1280_854-1-1280x854.jpg 1280w, https:\/\/berberedesign.com\/wp-content\/uploads\/2021\/07\/background-1280_854-1-980x654.jpg 980w, https:\/\/berberedesign.com\/wp-content\/uploads\/2021\/07\/background-1280_854-1-480x320.jpg 480w, https:\/\/berberedesign.com\/wp-content\/uploads\/2021\/07\/background-1280_854-1.jpg 1920w\" sizes=\"(max-width: 1024px) 100vw, 1024px\"><\/p>\n<p>disponible en una gama de colores y tama\u00f1os para complementar cualquier decoraci\u00f3n. Los m\u00e1s peque\u00f1os <strong>45 x 45 cm<\/strong> es ideal para espacios de acento en los que desee a\u00f1adir un toque de color. Disfrute del lujoso tacto de la seda de cactus con nuestra almohada lumbar, disponible en un llamativo tono naranja. Aproveche nuestras rebajas en la almohada lumbar de seda de cactus o h\u00e1gase con una imitaci\u00f3n de la popular almohada lumbar de seda de cactus. <strong>Almohada de seda Cactus marroqu\u00ed Funda naranja<\/strong>\u00a0hoy.<\/p>\n<p>&nbsp;<\/p>","protected":false},"excerpt":{"rendered":"<p>Descubra el atractivo vibrante y ex\u00f3tico de nuestra almohada lumbar de seda de cactus. Esta impresionante adici\u00f3n a la decoraci\u00f3n de su hogar cuenta con una llamativa funda de almohada de seda de cactus marroqu\u00ed de color naranja que actualmente est\u00e1 a la venta. No pierda la oportunidad de a\u00f1adir esta pieza \u00fanica y hermosa a su colecci\u00f3n.<\/p>","protected":false},"featured_media":100783,"comment_status":"open","ping_status":"closed","template":"","meta":[],"product_brand":[],"product_cat":[234,198,197,199,232,196,200,236,201],"product_tag":[138,136,135,137],"class_list":{"0":"post-93993","1":"product","2":"type-product","3":"status-publish","4":"has-post-thumbnail","6":"product_cat-best-sellers","7":"product_cat-embroidered-cushions","8":"product_cat-handwoven-berber-pillows","9":"product_cat-kilim-pillow-covers","10":"product_cat-new-arrivals","11":"product_cat-pillows-and-cushions","12":"product_cat-pom-pom-cushions","13":"product_cat-sale-items","14":"product_cat-vintage-berber-pillows","15":"product_tag-moroccan-cactus-silk","16":"product_tag-moroccan-cactus-silk-pillow-orange-cover","17":"product_tag-moroccan-cushions","18":"product_tag-range-pillow-cover","19":"product_shipping_class-free","20":"description-off","22":"first","23":"instock","24":"shipping-taxable","25":"purchasable","26":"product-type-simple"},"jetpack_sharing_enabled":true,"_links":{"self":[{"href":"https:\/\/berberedesign.com\/es\/wp-json\/wp\/v2\/product\/93993","targetHints":{"allow":["GET"]}}],"collection":[{"href":"https:\/\/berberedesign.com\/es\/wp-json\/wp\/v2\/product"}],"about":[{"href":"https:\/\/berberedesign.com\/es\/wp-json\/wp\/v2\/types\/product"}],"replies":[{"embeddable":true,"href":"https:\/\/berberedesign.com\/es\/wp-json\/wp\/v2\/comments?post=93993"}],"version-history":[{"count":0,"href":"https:\/\/berberedesign.com\/es\/wp-json\/wp\/v2\/product\/93993\/revisions"}],"wp:featuredmedia":[{"embeddable":true,"href":"https:\/\/berberedesign.com\/es\/wp-json\/wp\/v2\/media\/100783"}],"wp:attachment":[{"href":"https:\/\/berberedesign.com\/es\/wp-json\/wp\/v2\/media?parent=93993"}],"wp:term":[{"taxonomy":"product_brand","embeddable":true,"href":"https:\/\/berberedesign.com\/es\/wp-json\/wp\/v2\/product_brand?post=93993"},{"taxonomy":"product_cat","embeddable":true,"href":"https:\/\/berberedesign.com\/es\/wp-json\/wp\/v2\/product_cat?post=93993"},{"taxonomy":"product_tag","embeddable":true,"href":"https:\/\/berberedesign.com\/es\/wp-json\/wp\/v2\/product_tag?post=93993"}],"curies":[{"name":"wp","href":"https:\/\/api.w.org\/{rel}","templated":true}]}}