{"id":91097,"date":"2021-07-15T09:39:57","date_gmt":"2021-07-15T09:39:57","guid":{"rendered":"https:\/\/divifurnitureshop.divifixer.com\/?post_type=product&#038;p=175"},"modified":"2025-02-22T17:26:48","modified_gmt":"2025-02-22T17:26:48","slug":"la-alfombra-azilal-beige-super-suave-alfombra-marroqui","status":"publish","type":"product","link":"https:\/\/berberedesign.com\/es\/la-alfombra-azilal-beige-super-suave-alfombra-marroqui\/","title":{"rendered":"La Alfombra Azilal Beige S\u00faper Suave Alfombra Marroqu\u00ed"},"content":{"rendered":"<p>La Alfombra Azilal Beige S\u00faper Suave Alfombra Marroqu\u00ed es el art\u00edculo ideal para cualquiera que busque un producto que pueda fusionar los impresionantes dise\u00f1os de las alfombras marroqu\u00edes y la lujosa sensaci\u00f3n de un Azilal. Esta Alfombra Bereber Tribal est\u00e1 h\u00e1bilmente anudada a mano en Azilal, Marruecos, y viene con intrincados patrones y un color blanco beige que a\u00f1ade un ambiente boho c\u00e1lido y acogedor a cualquier dormitorio o sala de estar.<\/p>\n<p>El generoso tama\u00f1o de 150 cm x 250 cm -4'92\" X 8'20\" hace de esta Alfombra Abstracta Beni una pieza destacada que puede hacer una declaraci\u00f3n en cualquier espacio. Con su excepcional artesan\u00eda y su acogedora y sofisticada sensaci\u00f3n, es una pieza imprescindible para aquellos que quieren elevar el aspecto y la sensaci\u00f3n de su hogar.<\/p>\n<p><img fetchpriority=\"high\" decoding=\"async\" class=\"wp-image-100450 size-large\" src=\"https:\/\/berberedesign.com\/wp-content\/uploads\/2023\/05\/4-5-1024x682.jpg\" alt=\"\" width=\"1024\" height=\"682\" title=\"\"><\/p>\n<p>Si busca un producto que combine a la perfecci\u00f3n la belleza de los dise\u00f1os de las alfombras marroqu\u00edes con el tacto afelpado de un azilal bereber, la alfombra marroqu\u00ed Azilal Beige Super Soft es la elecci\u00f3n perfecta. Anudada a mano con precisi\u00f3n en Azilal, Marruecos, cuenta con intrincados dise\u00f1os y un color blanco beige que a\u00f1ade un ambiente boho c\u00e1lido y acogedor a cualquier sala de estar o dormitorio.<\/p>\n<p>Esta alfombra bereber tribal se convertir\u00e1 sin duda en el centro de atenci\u00f3n y en un complemento atemporal de su decoraci\u00f3n, tanto si decide colocarla en su sal\u00f3n como en su dormitorio o en cualquier otro espacio. As\u00ed que adelante y disfrutar del lujo de Marruecos Berber hoy.<\/p>","protected":false},"excerpt":{"rendered":"<p><strong>Berberedesign<\/strong> presenta <strong>Alfombra Azilal Beige Super Soft<\/strong> que hace flotar la habitaci\u00f3n con sofisticaci\u00f3n y decoraci\u00f3n. Este <strong>Berberedesign<\/strong> La alfombra acolchada es adecuada para decorar suelos de madera con un encantador aura de magnificencia beige. Adem\u00e1s, evita que se acumule el polvo, manteniendo toda la casa limpia y ordenada a la vez que a\u00f1ade elegancia a su espacio.<\/p>","protected":false},"featured_media":101869,"comment_status":"open","ping_status":"closed","template":"","meta":[],"product_brand":[],"product_cat":[234,193,232,190,319,236,318],"product_tag":[],"class_list":{"0":"post-91097","1":"product","2":"type-product","3":"status-publish","4":"has-post-thumbnail","6":"product_cat-best-sellers","7":"product_cat-azilal-rugs","8":"product_cat-new-arrivals","9":"product_cat-rugs","10":"product_cat-rugs-wool-handcrafted-benches","11":"product_cat-sale-items","12":"product_cat-wool","13":"product_shipping_class-free","14":"description-off","16":"first","17":"instock","18":"featured","19":"shipping-taxable","20":"purchasable","21":"product-type-simple"},"jetpack_sharing_enabled":true,"_links":{"self":[{"href":"https:\/\/berberedesign.com\/es\/wp-json\/wp\/v2\/product\/91097","targetHints":{"allow":["GET"]}}],"collection":[{"href":"https:\/\/berberedesign.com\/es\/wp-json\/wp\/v2\/product"}],"about":[{"href":"https:\/\/berberedesign.com\/es\/wp-json\/wp\/v2\/types\/product"}],"replies":[{"embeddable":true,"href":"https:\/\/berberedesign.com\/es\/wp-json\/wp\/v2\/comments?post=91097"}],"version-history":[{"count":1,"href":"https:\/\/berberedesign.com\/es\/wp-json\/wp\/v2\/product\/91097\/revisions"}],"predecessor-version":[{"id":105323,"href":"https:\/\/berberedesign.com\/es\/wp-json\/wp\/v2\/product\/91097\/revisions\/105323"}],"wp:featuredmedia":[{"embeddable":true,"href":"https:\/\/berberedesign.com\/es\/wp-json\/wp\/v2\/media\/101869"}],"wp:attachment":[{"href":"https:\/\/berberedesign.com\/es\/wp-json\/wp\/v2\/media?parent=91097"}],"wp:term":[{"taxonomy":"product_brand","embeddable":true,"href":"https:\/\/berberedesign.com\/es\/wp-json\/wp\/v2\/product_brand?post=91097"},{"taxonomy":"product_cat","embeddable":true,"href":"https:\/\/berberedesign.com\/es\/wp-json\/wp\/v2\/product_cat?post=91097"},{"taxonomy":"product_tag","embeddable":true,"href":"https:\/\/berberedesign.com\/es\/wp-json\/wp\/v2\/product_tag?post=91097"}],"curies":[{"name":"wp","href":"https:\/\/api.w.org\/{rel}","templated":true}]}}