{"id":105934,"date":"2025-01-28T23:53:45","date_gmt":"2025-01-28T23:53:45","guid":{"rendered":"https:\/\/berberedesign.com\/handmade-leather-tote-bag-durable-and-stylish\/"},"modified":"2025-02-22T17:23:55","modified_gmt":"2025-02-22T17:23:55","slug":"bolso-de-cuero-hecho-a-mano-duradero-y-elegante","status":"publish","type":"product","link":"https:\/\/berberedesign.com\/es\/bolso-de-cuero-hecho-a-mano-duradero-y-elegante\/","title":{"rendered":"Bolso de piel hecho a mano - Duradero y con estilo"},"content":{"rendered":"<h2>Bolso de piel hecho a mano - Duradero y con estilo<\/h2>\n<p>Mejora tu juego de accesorios con este magn\u00edfico bolso de piel hecho a mano. Hecho a mano con precisi\u00f3n y cuidado, este bolso ofrece:<\/p>\n<ul>\n<li><strong>Material de alta calidad:<\/strong> Fabricado en piel aut\u00e9ntica y resistente para un uso duradero.<\/li>\n<li><strong>Interior espacioso:<\/strong> Amplio espacio para guardar todo lo esencial, por lo que es perfecto para ir de compras, al trabajo o de viaje.<\/li>\n<li><strong>Ligero y c\u00f3modo:<\/strong> Las suaves correas de cuero garantizan la comodidad incluso en los d\u00edas m\u00e1s ajetreados.<\/li>\n<\/ul>\n<p>Su dise\u00f1o sencillo pero elegante garantiza que complemente cualquier atuendo. Cada bolso de mano est\u00e1 hecho a mano de forma \u00fanica, celebrando la artesan\u00eda y la funcionalidad. Ya sea para una salida informal o para uso profesional, este bolso de mano ser\u00e1 su compa\u00f1ero de confianza.<\/p>","protected":false},"excerpt":{"rendered":"<p>Elegante bolso tote de piel hecho a mano, dise\u00f1ado para ofrecer versatilidad y durabilidad. Espacioso y ligero, perfecto para el uso diario, ir de compras o viajar.<\/p>","protected":false},"featured_media":105935,"comment_status":"open","ping_status":"closed","template":"","meta":[],"product_brand":[],"product_cat":[303,301],"product_tag":[349],"class_list":{"0":"post-105934","1":"product","2":"type-product","3":"status-publish","4":"has-post-thumbnail","6":"product_cat-bags","7":"product_cat-leather","8":"product_tag-chair","9":"description-off","11":"first","12":"instock","13":"sale","14":"shipping-taxable","15":"purchasable","16":"product-type-simple"},"jetpack_sharing_enabled":true,"_links":{"self":[{"href":"https:\/\/berberedesign.com\/es\/wp-json\/wp\/v2\/product\/105934","targetHints":{"allow":["GET"]}}],"collection":[{"href":"https:\/\/berberedesign.com\/es\/wp-json\/wp\/v2\/product"}],"about":[{"href":"https:\/\/berberedesign.com\/es\/wp-json\/wp\/v2\/types\/product"}],"replies":[{"embeddable":true,"href":"https:\/\/berberedesign.com\/es\/wp-json\/wp\/v2\/comments?post=105934"}],"version-history":[{"count":1,"href":"https:\/\/berberedesign.com\/es\/wp-json\/wp\/v2\/product\/105934\/revisions"}],"predecessor-version":[{"id":106089,"href":"https:\/\/berberedesign.com\/es\/wp-json\/wp\/v2\/product\/105934\/revisions\/106089"}],"wp:featuredmedia":[{"embeddable":true,"href":"https:\/\/berberedesign.com\/es\/wp-json\/wp\/v2\/media\/105935"}],"wp:attachment":[{"href":"https:\/\/berberedesign.com\/es\/wp-json\/wp\/v2\/media?parent=105934"}],"wp:term":[{"taxonomy":"product_brand","embeddable":true,"href":"https:\/\/berberedesign.com\/es\/wp-json\/wp\/v2\/product_brand?post=105934"},{"taxonomy":"product_cat","embeddable":true,"href":"https:\/\/berberedesign.com\/es\/wp-json\/wp\/v2\/product_cat?post=105934"},{"taxonomy":"product_tag","embeddable":true,"href":"https:\/\/berberedesign.com\/es\/wp-json\/wp\/v2\/product_tag?post=105934"}],"curies":[{"name":"wp","href":"https:\/\/api.w.org\/{rel}","templated":true}]}}