{"id":105926,"date":"2025-01-28T23:53:43","date_gmt":"2025-01-28T23:53:43","guid":{"rendered":"https:\/\/berberedesign.com\/classic-handcrafted-leather-briefcase-timeless-elegance\/"},"modified":"2025-02-22T17:23:55","modified_gmt":"2025-02-22T17:23:55","slug":"maletin-clasico-de-piel-hecho-a-mano-elegancia-atemporal","status":"publish","type":"product","link":"https:\/\/berberedesign.com\/es\/maletin-clasico-de-piel-hecho-a-mano-elegancia-atemporal\/","title":{"rendered":"Malet\u00edn cl\u00e1sico de piel hecho a mano - Elegancia atemporal"},"content":{"rendered":"<h2>Malet\u00edn cl\u00e1sico de piel hecho a mano - Elegancia atemporal<\/h2>\n<p>\nActualice su vestuario profesional con este malet\u00edn de piel exquisitamente elaborado a mano. Este malet\u00edn est\u00e1 dise\u00f1ado para quienes valoran la sofisticaci\u00f3n, la funcionalidad y la durabilidad en sus accesorios cotidianos. Fabricado en piel aut\u00e9ntica 100% de primera calidad, ofrece una textura suave pero resistente, lo que garantiza un uso duradero a la vez que desarrolla una rica p\u00e1tina con el paso del tiempo.\n<\/p>\n<h3>Caracter\u00edsticas principales:<\/h3>\n<ul>\n<li><strong>Dise\u00f1o elegante:<\/strong> Un estilo atemporal con l\u00edneas limpias y un suave acabado en piel que realza cualquier atuendo profesional.<\/li>\n<li><strong>Amplio espacio de almacenamiento:<\/strong> Incluye amplios compartimentos para documentos, un port\u00e1til y objetos esenciales, junto con bolsillos seguros con cremallera para accesorios.<\/li>\n<li><strong>Herrajes duraderos:<\/strong> Equipada con robustas cremalleras de lat\u00f3n y trabillas met\u00e1licas para mayor durabilidad y encanto vintage.<\/li>\n<li><strong>C\u00f3modo de llevar:<\/strong> Dispone de asas de cuero resistentes para facilitar su transporte y una correa de hombro extra\u00edble para mayor versatilidad.<\/li>\n<\/ul>\n<p>\nPerfecto para profesionales, empresarios o estudiantes que buscan una mezcla de practicidad y elegancia. Tanto si te diriges a la oficina como a una reuni\u00f3n de negocios, este malet\u00edn de piel te garantiza una impresi\u00f3n duradera.\n<\/p>\n<h3>Especificaciones:<\/h3>\n<ul>\n<li>Material: Piel de plena flor de primera calidad<\/li>\n<li>Dimensiones: 16\u2033 x 12\u2033 x 4\u2033<\/li>\n<li>Color: Marr\u00f3n cl\u00e1sico<\/li>\n<li>Tipo de cierre: Cremallera<\/li>\n<\/ul>\n<p>\nExperimente el encanto de la aut\u00e9ntica artesan\u00eda del cuero con este elegante malet\u00edn. No es solo un malet\u00edn; es una declaraci\u00f3n de tu identidad profesional.<\/p>","protected":false},"excerpt":{"rendered":"<p>Eleve su estilo profesional con este malet\u00edn de piel hecho a mano, dise\u00f1ado para ofrecer funcionalidad y sofisticaci\u00f3n. Fabricado en piel aut\u00e9ntica de primera calidad, combina una est\u00e9tica cl\u00e1sica con una utilidad moderna.<\/p>","protected":false},"featured_media":105929,"comment_status":"open","ping_status":"closed","template":"","meta":[],"product_brand":[],"product_cat":[303,301],"product_tag":[349],"class_list":{"0":"post-105926","1":"product","2":"type-product","3":"status-publish","4":"has-post-thumbnail","6":"product_cat-bags","7":"product_cat-leather","8":"product_tag-chair","9":"description-off","11":"first","12":"instock","13":"sale","14":"shipping-taxable","15":"purchasable","16":"product-type-simple"},"jetpack_sharing_enabled":true,"_links":{"self":[{"href":"https:\/\/berberedesign.com\/es\/wp-json\/wp\/v2\/product\/105926","targetHints":{"allow":["GET"]}}],"collection":[{"href":"https:\/\/berberedesign.com\/es\/wp-json\/wp\/v2\/product"}],"about":[{"href":"https:\/\/berberedesign.com\/es\/wp-json\/wp\/v2\/types\/product"}],"replies":[{"embeddable":true,"href":"https:\/\/berberedesign.com\/es\/wp-json\/wp\/v2\/comments?post=105926"}],"version-history":[{"count":1,"href":"https:\/\/berberedesign.com\/es\/wp-json\/wp\/v2\/product\/105926\/revisions"}],"predecessor-version":[{"id":106090,"href":"https:\/\/berberedesign.com\/es\/wp-json\/wp\/v2\/product\/105926\/revisions\/106090"}],"wp:featuredmedia":[{"embeddable":true,"href":"https:\/\/berberedesign.com\/es\/wp-json\/wp\/v2\/media\/105929"}],"wp:attachment":[{"href":"https:\/\/berberedesign.com\/es\/wp-json\/wp\/v2\/media?parent=105926"}],"wp:term":[{"taxonomy":"product_brand","embeddable":true,"href":"https:\/\/berberedesign.com\/es\/wp-json\/wp\/v2\/product_brand?post=105926"},{"taxonomy":"product_cat","embeddable":true,"href":"https:\/\/berberedesign.com\/es\/wp-json\/wp\/v2\/product_cat?post=105926"},{"taxonomy":"product_tag","embeddable":true,"href":"https:\/\/berberedesign.com\/es\/wp-json\/wp\/v2\/product_tag?post=105926"}],"curies":[{"name":"wp","href":"https:\/\/api.w.org\/{rel}","templated":true}]}}