{"id":105912,"date":"2025-01-28T23:53:38","date_gmt":"2025-01-28T23:53:38","guid":{"rendered":"https:\/\/berberedesign.com\/classic-handmade-leather-duffel-bag\/"},"modified":"2025-02-12T18:44:00","modified_gmt":"2025-02-12T18:44:00","slug":"bolsa-de-viaje-clasica-de-cuero-hecha-a-mano","status":"publish","type":"product","link":"https:\/\/berberedesign.com\/es\/bolsa-de-viaje-clasica-de-cuero-hecha-a-mano\/","title":{"rendered":"Bolsa de viaje cl\u00e1sica de piel hecha a mano"},"content":{"rendered":"<div>\n<h1>Bolsa de viaje cl\u00e1sica de piel hecha a mano<\/h1>\n<p><img decoding=\"async\" src=\"https:\/\/berberedesign.com\/wp-content\/uploads\/2025\/01\/Untitled-2-03-5-13.webp\" alt=\"Bolsa de viaje cl\u00e1sica de piel hecha a mano\" title=\"\"><\/p>\n<p>Experimente la combinaci\u00f3n perfecta de estilo y utilidad con nuestra Bolsa de viaje cl\u00e1sica de piel hecha a mano. Meticulosamente confeccionada en piel de alta calidad, esta bolsa es un accesorio vers\u00e1til dise\u00f1ado para satisfacer tus necesidades diarias o de viaje. Su rica textura y sus tonos naturales ofrecen una est\u00e9tica elegante, convirti\u00e9ndola en una sofisticada compa\u00f1era para cualquier ocasi\u00f3n.<\/p>\n<p>La bolsa de viaje tiene un interior espacioso en el que caben todas tus pertenencias, y est\u00e1 protegida por una resistente cremallera. Las c\u00f3modas asas de piel facilitan el transporte, mientras que los herrajes de lat\u00f3n reforzado a\u00f1aden un toque de durabilidad y encanto vintage. Dise\u00f1ada para el aventurero moderno, esta bolsa es un testimonio de artesan\u00eda tradicional y practicidad.<\/p>\n<p>Ya sea para ir al gimnasio, para una escapada de fin de semana o para el trabajo, esta bolsa de cuero est\u00e1 hecha para durar y envejecer a la perfecci\u00f3n con el paso del tiempo. Eleva tu estilo mientras mantienes tus pertenencias organizadas con esta pieza atemporal.<\/p>\n<\/div>","protected":false},"excerpt":{"rendered":"<p>Fabricada en piel de primera calidad, esta bolsa de viaje hecha a mano combina dise\u00f1o atemporal y funcionalidad. Perfecta para viajar o para el d\u00eda a d\u00eda, cuenta con asas robustas, una cremallera resistente y compartimentos espaciosos.<\/p>","protected":false},"featured_media":105913,"comment_status":"open","ping_status":"closed","template":"","meta":[],"product_brand":[],"product_cat":[303,301],"product_tag":[349],"class_list":{"0":"post-105912","1":"product","2":"type-product","3":"status-publish","4":"has-post-thumbnail","6":"product_cat-bags","7":"product_cat-leather","8":"product_tag-chair","9":"description-off","11":"first","12":"instock","13":"sale","14":"shipping-taxable","15":"purchasable","16":"product-type-simple"},"jetpack_sharing_enabled":true,"_links":{"self":[{"href":"https:\/\/berberedesign.com\/es\/wp-json\/wp\/v2\/product\/105912","targetHints":{"allow":["GET"]}}],"collection":[{"href":"https:\/\/berberedesign.com\/es\/wp-json\/wp\/v2\/product"}],"about":[{"href":"https:\/\/berberedesign.com\/es\/wp-json\/wp\/v2\/types\/product"}],"replies":[{"embeddable":true,"href":"https:\/\/berberedesign.com\/es\/wp-json\/wp\/v2\/comments?post=105912"}],"version-history":[{"count":3,"href":"https:\/\/berberedesign.com\/es\/wp-json\/wp\/v2\/product\/105912\/revisions"}],"predecessor-version":[{"id":106590,"href":"https:\/\/berberedesign.com\/es\/wp-json\/wp\/v2\/product\/105912\/revisions\/106590"}],"wp:featuredmedia":[{"embeddable":true,"href":"https:\/\/berberedesign.com\/es\/wp-json\/wp\/v2\/media\/105913"}],"wp:attachment":[{"href":"https:\/\/berberedesign.com\/es\/wp-json\/wp\/v2\/media?parent=105912"}],"wp:term":[{"taxonomy":"product_brand","embeddable":true,"href":"https:\/\/berberedesign.com\/es\/wp-json\/wp\/v2\/product_brand?post=105912"},{"taxonomy":"product_cat","embeddable":true,"href":"https:\/\/berberedesign.com\/es\/wp-json\/wp\/v2\/product_cat?post=105912"},{"taxonomy":"product_tag","embeddable":true,"href":"https:\/\/berberedesign.com\/es\/wp-json\/wp\/v2\/product_tag?post=105912"}],"curies":[{"name":"wp","href":"https:\/\/api.w.org\/{rel}","templated":true}]}}