{"id":105743,"date":"2025-01-27T18:29:37","date_gmt":"2025-01-27T18:29:37","guid":{"rendered":"https:\/\/berberedesign.com\/multicolor-moroccan-leather-pouf\/"},"modified":"2025-02-23T14:23:27","modified_gmt":"2025-02-23T14:23:27","slug":"puf-de-cuero-marroqui-multicolor","status":"publish","type":"product","link":"https:\/\/berberedesign.com\/es\/puf-de-cuero-marroqui-multicolor\/","title":{"rendered":"Puf marroqu\u00ed de cuero multicolor"},"content":{"rendered":"<div>\n<h1>Puf marroqu\u00ed de cuero multicolor<\/h1>\n<p>&nbsp;<\/p>\n<p><strong>Transforme su espacio con un puf de cuero marroqu\u00ed hecho a mano: una fusi\u00f3n de color, cultura y artesan\u00eda<\/strong><\/p>\n<p>A\u00f1ada un toque vibrante de arte marroqu\u00ed a su hogar con este exquisito puf de cuero. Meticulosamente elaborado por expertos artesanos, este puf presenta un impresionante mosaico de coloridos paneles de cuero, cada uno de los cuales muestra la rica tradici\u00f3n y la excepcional artesan\u00eda de Marruecos. El intrincado bordado de la parte superior a\u00f1ade un toque de elegancia y autenticidad, convirti\u00e9ndolo en una pieza \u00fanica.<\/p>\n<p><strong>Dise\u00f1o vers\u00e1til y funcional<\/strong><br \/>\nPerfecto como reposapi\u00e9s, asiento adicional o elemento decorativo, este puf combina a la perfecci\u00f3n estilo y funcionalidad. Su duradera fabricaci\u00f3n en piel natural garantiza que resistir\u00e1 el paso del tiempo y desarrollar\u00e1 una hermosa p\u00e1tina a medida que envejece.<\/p>\n<p><strong>Confort personalizable<\/strong><br \/>\nEl puf viene sin relleno, lo que permite personalizar su firmeza rellen\u00e1ndolo con los materiales que prefiera: poli\u00e9ster, algod\u00f3n o incluso tejidos reciclados ecol\u00f3gicos.<\/p>\n<p><strong>Eleve la decoraci\u00f3n de su hogar<\/strong><br \/>\nYa sea colocado en su sal\u00f3n, dormitorio o estudio, este puf marroqu\u00ed de piel a\u00f1ade un toque cultural \u00fanico a cualquier espacio. Es m\u00e1s que un mueble, es una pieza de arte que aporta calidez, car\u00e1cter y encanto global a tu hogar.<\/p>\n<p><strong>\u00bfPor qu\u00e9 elegir este puf marroqu\u00ed de cuero?<\/strong><\/p>\n<ul>\n<li>Hecho a mano por artesanos marroqu\u00edes para un dise\u00f1o aut\u00e9ntico y de alta calidad<\/li>\n<li>Patchwork vibrante y bordados intrincados para un look atrevido y elegante<\/li>\n<li>Piel natural duradera que envejece maravillosamente con el tiempo<\/li>\n<li>Relleno personalizable para un confort personalizado<\/li>\n<li>Uso vers\u00e1til como reposapi\u00e9s, asiento o acento decorativo<\/li>\n<\/ul>\n<p>Llama la atenci\u00f3n con este puf de piel marroqu\u00ed \u00fanico en su especie. Perfecto para interiores bohemios, ecl\u00e9cticos o modernos, es imprescindible para cualquiera que desee infundir color, cultura y arte atemporal a su hogar. Compre ahora y lleve un trozo de Marruecos a su hogar.<\/p>\n<p><iframe title=\"Puf marroqu\u00ed de cuero multicolor\" width=\"1200\" height=\"675\" src=\"https:\/\/www.youtube.com\/embed\/cSiIPIHrtaM?feature=oembed&#038;enablejsapi=1&#038;origin=https:\/\/berberedesign.com\" frameborder=\"0\" allow=\"accelerometer; autoplay; clipboard-write; encrypted-media; gyroscope; picture-in-picture; web-share\" referrerpolicy=\"strict-origin-when-cross-origin\" allowfullscreen><\/iframe><\/p>\n<\/div>","protected":false},"excerpt":{"rendered":"<p>A\u00f1ada un color vibrante y aut\u00e9ntica artesan\u00eda marroqu\u00ed a su espacio con este puf de piel multicolor, hecho a mano con piel de primera calidad y cosido de forma intrincada para un acento \u00fanico y vers\u00e1til.<\/p>","protected":false},"featured_media":105748,"comment_status":"open","ping_status":"closed","template":"","meta":[],"product_brand":[],"product_cat":[234,301,302,292],"product_tag":[349],"class_list":{"0":"post-105743","1":"product","2":"type-product","3":"status-publish","4":"has-post-thumbnail","6":"product_cat-best-sellers","7":"product_cat-leather","8":"product_cat-leather-poufs","9":"product_cat-poufs","10":"product_tag-chair","11":"description-off","13":"first","14":"instock","15":"sale","16":"shipping-taxable","17":"purchasable","18":"product-type-variable"},"jetpack_sharing_enabled":true,"_links":{"self":[{"href":"https:\/\/berberedesign.com\/es\/wp-json\/wp\/v2\/product\/105743","targetHints":{"allow":["GET"]}}],"collection":[{"href":"https:\/\/berberedesign.com\/es\/wp-json\/wp\/v2\/product"}],"about":[{"href":"https:\/\/berberedesign.com\/es\/wp-json\/wp\/v2\/types\/product"}],"replies":[{"embeddable":true,"href":"https:\/\/berberedesign.com\/es\/wp-json\/wp\/v2\/comments?post=105743"}],"version-history":[{"count":5,"href":"https:\/\/berberedesign.com\/es\/wp-json\/wp\/v2\/product\/105743\/revisions"}],"predecessor-version":[{"id":106856,"href":"https:\/\/berberedesign.com\/es\/wp-json\/wp\/v2\/product\/105743\/revisions\/106856"}],"wp:featuredmedia":[{"embeddable":true,"href":"https:\/\/berberedesign.com\/es\/wp-json\/wp\/v2\/media\/105748"}],"wp:attachment":[{"href":"https:\/\/berberedesign.com\/es\/wp-json\/wp\/v2\/media?parent=105743"}],"wp:term":[{"taxonomy":"product_brand","embeddable":true,"href":"https:\/\/berberedesign.com\/es\/wp-json\/wp\/v2\/product_brand?post=105743"},{"taxonomy":"product_cat","embeddable":true,"href":"https:\/\/berberedesign.com\/es\/wp-json\/wp\/v2\/product_cat?post=105743"},{"taxonomy":"product_tag","embeddable":true,"href":"https:\/\/berberedesign.com\/es\/wp-json\/wp\/v2\/product_tag?post=105743"}],"curies":[{"name":"wp","href":"https:\/\/api.w.org\/{rel}","templated":true}]}}