{"id":105736,"date":"2025-01-27T18:29:34","date_gmt":"2025-01-27T18:29:34","guid":{"rendered":"https:\/\/berberedesign.com\/handcrafted-black-and-beige-pouf-with-intricate-patterns\/"},"modified":"2025-02-23T14:00:59","modified_gmt":"2025-02-23T14:00:59","slug":"puf-artesanal-negro-y-beige-con-motivos-intrincados","status":"publish","type":"product","link":"https:\/\/berberedesign.com\/es\/puf-artesanal-negro-y-beige-con-motivos-intrincados\/","title":{"rendered":"Puf artesanal negro y beige con intrincados dibujos"},"content":{"rendered":"<div>\n<h1>Puf artesanal negro y beige con intrincados dibujos<\/h1>\n<p>&nbsp;<\/p>\n<p>Aporte un toque de encanto artesanal a su hogar con este puf \u00fanico. Con un sofisticado estampado en negro y beige, este puf est\u00e1 elaborado con meticulosa atenci\u00f3n al detalle, mostrando la belleza atemporal del tejido a mano. Su dise\u00f1o vers\u00e1til lo hace perfecto como asiento adicional, reposapi\u00e9s o elemento decorativo en su sal\u00f3n, dormitorio o estudio.<\/p>\n<p>La base de cuero a\u00f1ade durabilidad y un toque de lujo, garantizando que este puf no s\u00f3lo realce la est\u00e9tica de su espacio, sino que tambi\u00e9n ofrezca una funcionalidad duradera. Dise\u00f1ado para encajar a la perfecci\u00f3n en ambientes modernos y tradicionales por igual, este puf es un testimonio de la exquisita artesan\u00eda de los artesanos marroqu\u00edes.<\/p>\n<p><strong>Dimensiones:<\/strong> Aproximadamente 20\u2033 de di\u00e1metro x 14\u2033 de altura (50 cm x 35 cm).<br \/>\n<strong>Material:<\/strong> Tejido a mano (mezcla de algod\u00f3n y lana) con base de cuero aut\u00e9ntico.<br \/>\n<strong>Instrucciones de cuidado:<\/strong> Limpiar con un pa\u00f1o h\u00famedo. Evite la exposici\u00f3n directa a la luz solar para mantener la viveza de los colores.<\/p>\n<p>A\u00f1ada hoy mismo este puf artesanal a su colecci\u00f3n y disfrute de la fusi\u00f3n de arte y funcionalidad en su hogar.<\/p>\n<p><iframe title=\"Puf artesanal negro y beige con intrincados dibujos\" width=\"1200\" height=\"675\" src=\"https:\/\/www.youtube.com\/embed\/0AwjO_ntT2A?feature=oembed&#038;enablejsapi=1&#038;origin=https:\/\/berberedesign.com\" frameborder=\"0\" allow=\"accelerometer; autoplay; clipboard-write; encrypted-media; gyroscope; picture-in-picture; web-share\" referrerpolicy=\"strict-origin-when-cross-origin\" allowfullscreen><\/iframe><\/p>\n<\/div>","protected":false},"excerpt":{"rendered":"<p>Eleve su espacio vital con este puf de dise\u00f1o \u00fanico, que presenta un intrincado estampado negro y beige en tela tejida a mano, complementado con una resistente base de cuero.<\/p>","protected":false},"featured_media":105737,"comment_status":"open","ping_status":"closed","template":"","meta":[],"product_brand":[],"product_cat":[301,302,292,299],"product_tag":[349],"class_list":{"0":"post-105736","1":"product","2":"type-product","3":"status-publish","4":"has-post-thumbnail","6":"product_cat-leather","7":"product_cat-leather-poufs","8":"product_cat-poufs","9":"product_cat-wool-poufs","10":"product_tag-chair","11":"description-off","13":"first","14":"instock","15":"sale","16":"shipping-taxable","17":"purchasable","18":"product-type-variable"},"jetpack_sharing_enabled":true,"_links":{"self":[{"href":"https:\/\/berberedesign.com\/es\/wp-json\/wp\/v2\/product\/105736","targetHints":{"allow":["GET"]}}],"collection":[{"href":"https:\/\/berberedesign.com\/es\/wp-json\/wp\/v2\/product"}],"about":[{"href":"https:\/\/berberedesign.com\/es\/wp-json\/wp\/v2\/types\/product"}],"replies":[{"embeddable":true,"href":"https:\/\/berberedesign.com\/es\/wp-json\/wp\/v2\/comments?post=105736"}],"version-history":[{"count":4,"href":"https:\/\/berberedesign.com\/es\/wp-json\/wp\/v2\/product\/105736\/revisions"}],"predecessor-version":[{"id":106852,"href":"https:\/\/berberedesign.com\/es\/wp-json\/wp\/v2\/product\/105736\/revisions\/106852"}],"wp:featuredmedia":[{"embeddable":true,"href":"https:\/\/berberedesign.com\/es\/wp-json\/wp\/v2\/media\/105737"}],"wp:attachment":[{"href":"https:\/\/berberedesign.com\/es\/wp-json\/wp\/v2\/media?parent=105736"}],"wp:term":[{"taxonomy":"product_brand","embeddable":true,"href":"https:\/\/berberedesign.com\/es\/wp-json\/wp\/v2\/product_brand?post=105736"},{"taxonomy":"product_cat","embeddable":true,"href":"https:\/\/berberedesign.com\/es\/wp-json\/wp\/v2\/product_cat?post=105736"},{"taxonomy":"product_tag","embeddable":true,"href":"https:\/\/berberedesign.com\/es\/wp-json\/wp\/v2\/product_tag?post=105736"}],"curies":[{"name":"wp","href":"https:\/\/api.w.org\/{rel}","templated":true}]}}