{"id":105622,"date":"2025-01-23T20:28:13","date_gmt":"2025-01-23T20:28:13","guid":{"rendered":"https:\/\/berberedesign.com\/vivid-yellow-and-turquoise-handwoven-armchair\/"},"modified":"2025-02-04T20:12:10","modified_gmt":"2025-02-04T20:12:10","slug":"sillon-tejido-a-mano-amarillo-vivo-y-turquesa","status":"publish","type":"product","link":"https:\/\/berberedesign.com\/es\/sillon-tejido-a-mano-amarillo-vivo-y-turquesa\/","title":{"rendered":"Sill\u00f3n tejido a mano en amarillo vivo y turquesa"},"content":{"rendered":"<div data-elementor-type=\"product-post\" data-elementor-id=\"105622\" class=\"elementor elementor-105622\" data-elementor-post-type=\"product\">\n\t\t\t\t<div class=\"elementor-element elementor-element-7065c929 e-flex e-con-boxed e-con e-parent\" data-id=\"7065c929\" data-element_type=\"container\">\n\t\t\t\t\t<div class=\"e-con-inner\">\n\t\t\t\t<div class=\"elementor-element elementor-element-73474eab elementor-widget elementor-widget-text-editor\" data-id=\"73474eab\" data-element_type=\"widget\" data-widget_type=\"text-editor.default\">\n\t\t\t\t<div class=\"elementor-widget-container\">\n\t\t\t\t\t\t\t\t\t<div>\n<h1>Sill\u00f3n tejido a mano en amarillo vivo y turquesa<\/h1>\n<\/div>\n&nbsp;\n\n<iframe title=\"Reproductor de v\u00eddeo YouTube\" src=\"https:\/\/www.youtube.com\/embed\/wb1S79lXnQo?si=jP4U2bp3tGLdqGfo\" width=\"560\" height=\"315\" frameborder=\"0\" allowfullscreen=\"allowfullscreen\"><\/iframe>\n<div>\n\nA\u00f1ada un toque de color y elegancia a su interior con este impresionante sill\u00f3n tejido a mano. Con una v\u00edvida combinaci\u00f3n de tonos amarillos y turquesas, la tapicer\u00eda texturizada est\u00e1 hecha a mano utilizando t\u00e9cnicas de tejido tradicionales, ofreciendo una armoniosa mezcla de arte cultural y estilo contempor\u00e1neo. La estructura de madera maciza del sill\u00f3n proporciona una durabilidad excepcional y una comodidad ergon\u00f3mica, lo que garantiza que sirva tanto como elemento funcional como decorativo. Sus reposabrazos curvados y su asiento de felpa realzan la sensaci\u00f3n acogedora y lujosa, por lo que es ideal para momentos de relax o como pieza central destacada en su sala de estar.\n\nYa sea colocada en el sal\u00f3n, el dormitorio o el estudio, esta silla \u00fanica realza sin esfuerzo el ambiente, aportando calidez e individualidad a la decoraci\u00f3n de su hogar. Celebre la belleza atemporal de la artesan\u00eda tejida a mano con esta pieza excepcional.\n\n<\/div>\t\t\t\t\t\t\t\t<\/div>\n\t\t\t\t<\/div>\n\t\t\t\t\t<\/div>\n\t\t\t\t<\/div>\n\t\t\t\t<\/div>","protected":false},"excerpt":{"rendered":"<p>Una vibrante fusi\u00f3n de atrevidos tonos amarillos y turquesas con una exclusiva tapicer\u00eda tejida a mano, sobre un robusto armaz\u00f3n de madera que aporta un toque de encanto artesanal y confort moderno.<\/p>","protected":false},"featured_media":105623,"comment_status":"open","ping_status":"closed","template":"","meta":[],"product_brand":[],"product_cat":[15,351],"product_tag":[],"class_list":{"0":"post-105622","1":"product","2":"type-product","3":"status-publish","4":"has-post-thumbnail","6":"product_cat-uncategorized","7":"product_cat-chair","9":"first","10":"instock","11":"sale","12":"shipping-taxable","13":"purchasable","14":"product-type-simple"},"jetpack_sharing_enabled":true,"_links":{"self":[{"href":"https:\/\/berberedesign.com\/es\/wp-json\/wp\/v2\/product\/105622","targetHints":{"allow":["GET"]}}],"collection":[{"href":"https:\/\/berberedesign.com\/es\/wp-json\/wp\/v2\/product"}],"about":[{"href":"https:\/\/berberedesign.com\/es\/wp-json\/wp\/v2\/types\/product"}],"replies":[{"embeddable":true,"href":"https:\/\/berberedesign.com\/es\/wp-json\/wp\/v2\/comments?post=105622"}],"version-history":[{"count":9,"href":"https:\/\/berberedesign.com\/es\/wp-json\/wp\/v2\/product\/105622\/revisions"}],"predecessor-version":[{"id":106199,"href":"https:\/\/berberedesign.com\/es\/wp-json\/wp\/v2\/product\/105622\/revisions\/106199"}],"wp:featuredmedia":[{"embeddable":true,"href":"https:\/\/berberedesign.com\/es\/wp-json\/wp\/v2\/media\/105623"}],"wp:attachment":[{"href":"https:\/\/berberedesign.com\/es\/wp-json\/wp\/v2\/media?parent=105622"}],"wp:term":[{"taxonomy":"product_brand","embeddable":true,"href":"https:\/\/berberedesign.com\/es\/wp-json\/wp\/v2\/product_brand?post=105622"},{"taxonomy":"product_cat","embeddable":true,"href":"https:\/\/berberedesign.com\/es\/wp-json\/wp\/v2\/product_cat?post=105622"},{"taxonomy":"product_tag","embeddable":true,"href":"https:\/\/berberedesign.com\/es\/wp-json\/wp\/v2\/product_tag?post=105622"}],"curies":[{"name":"wp","href":"https:\/\/api.w.org\/{rel}","templated":true}]}}