{"id":105612,"date":"2025-01-23T20:28:09","date_gmt":"2025-01-23T20:28:09","guid":{"rendered":"https:\/\/berberedesign.com\/orange-and-black-checkerboard-handmade-armchair\/"},"modified":"2025-03-19T11:58:30","modified_gmt":"2025-03-19T11:58:30","slug":"sillon-de-damero-naranja-y-negro-hecho-a-mano","status":"publish","type":"product","link":"https:\/\/berberedesign.com\/es\/sillon-de-damero-naranja-y-negro-hecho-a-mano\/","title":{"rendered":"Sill\u00f3n de cuadros naranja y negro hecho a mano"},"content":{"rendered":"<div data-elementor-type=\"product-post\" data-elementor-id=\"105612\" class=\"elementor elementor-105612\" data-elementor-post-type=\"product\">\n\t\t\t\t<div class=\"elementor-element elementor-element-67bb7f93 e-flex e-con-boxed e-con e-parent\" data-id=\"67bb7f93\" data-element_type=\"container\">\n\t\t\t\t\t<div class=\"e-con-inner\">\n\t\t\t\t<div class=\"elementor-element elementor-element-11df5bfa elementor-widget elementor-widget-text-editor\" data-id=\"11df5bfa\" data-element_type=\"widget\" data-widget_type=\"text-editor.default\">\n\t\t\t\t<div class=\"elementor-widget-container\">\n\t\t\t\t\t\t\t\t\t<div>\n<h1>Sill\u00f3n de cuadros naranja y negro hecho a mano<\/h1>\n<iframe title=\"Reproductor de v\u00eddeo YouTube\" src=\"https:\/\/www.youtube.com\/embed\/8vRBCzEH98o?si=aWAn_LJKCk-7TgmL\" width=\"560\" height=\"315\" frameborder=\"0\" allowfullscreen=\"allowfullscreen\"><\/iframe>\n\nDescubre la combinaci\u00f3n perfecta de dise\u00f1o atrevido, artesan\u00eda tradicional y comodidad con este sill\u00f3n naranja y negro de damero hecho a mano. El llamativo dise\u00f1o de tablero de damas, con vivos tonos naranja y negro intenso, ha sido tejido a mano por h\u00e1biles artesanos bereberes con lana marroqu\u00ed de alta calidad. Este intrincado tapizado no s\u00f3lo muestra un aut\u00e9ntico arte, sino que tambi\u00e9n aporta un toque de sofisticaci\u00f3n y calidez a cualquier espacio.\n\nEl robusto armaz\u00f3n de madera de la silla est\u00e1 cuidadosamente elaborado a mano para proporcionar durabilidad y soporte ergon\u00f3mico. Su acabado suave y natural complementa el llamativo tapizado, asegurando que destaque como una pieza central \u00fanica en su hogar. Ya sea en el sal\u00f3n, el dormitorio o el estudio, esta silla ofrece un atractivo visual y una comodidad inigualable.\n\nCada sill\u00f3n es \u00fanico, resultado de un meticuloso trabajo artesanal que honra las tradiciones marroqu\u00edes a la vez que satisface los gustos modernos. Perfecto para rincones acogedores, rincones de lectura, o como una pieza de declaraci\u00f3n en una habitaci\u00f3n m\u00e1s grande, que a\u00f1ade un sentido de encanto atemporal a cualquier interior.\n\nDisfrute de la singularidad de los muebles hechos a mano con este sill\u00f3n de damero naranja y negro. No s\u00f3lo es una opci\u00f3n de asiento funcional, sino tambi\u00e9n una obra de arte que cuenta una historia de herencia, artesan\u00eda y estilo.\n\n<\/div>\t\t\t\t\t\t\t\t<\/div>\n\t\t\t\t<\/div>\n\t\t\t\t\t<\/div>\n\t\t\t\t<\/div>\n\t\t\t\t<\/div>","protected":false},"excerpt":{"rendered":"<p>Este atrevido sill\u00f3n presenta una vibrante tapicer\u00eda tejida a mano en damero naranja y negro, combinada con una robusta estructura de madera para lograr una mezcla perfecta de arte y comodidad.<\/p>","protected":false},"featured_media":105613,"comment_status":"open","ping_status":"closed","template":"","meta":[],"product_brand":[],"product_cat":[15,351],"product_tag":[],"class_list":{"0":"post-105612","1":"product","2":"type-product","3":"status-publish","4":"has-post-thumbnail","6":"product_cat-uncategorized","7":"product_cat-chair","9":"first","10":"instock","11":"sale","12":"shipping-taxable","13":"purchasable","14":"product-type-simple"},"jetpack_sharing_enabled":true,"_links":{"self":[{"href":"https:\/\/berberedesign.com\/es\/wp-json\/wp\/v2\/product\/105612","targetHints":{"allow":["GET"]}}],"collection":[{"href":"https:\/\/berberedesign.com\/es\/wp-json\/wp\/v2\/product"}],"about":[{"href":"https:\/\/berberedesign.com\/es\/wp-json\/wp\/v2\/types\/product"}],"replies":[{"embeddable":true,"href":"https:\/\/berberedesign.com\/es\/wp-json\/wp\/v2\/comments?post=105612"}],"version-history":[{"count":4,"href":"https:\/\/berberedesign.com\/es\/wp-json\/wp\/v2\/product\/105612\/revisions"}],"predecessor-version":[{"id":106193,"href":"https:\/\/berberedesign.com\/es\/wp-json\/wp\/v2\/product\/105612\/revisions\/106193"}],"wp:featuredmedia":[{"embeddable":true,"href":"https:\/\/berberedesign.com\/es\/wp-json\/wp\/v2\/media\/105613"}],"wp:attachment":[{"href":"https:\/\/berberedesign.com\/es\/wp-json\/wp\/v2\/media?parent=105612"}],"wp:term":[{"taxonomy":"product_brand","embeddable":true,"href":"https:\/\/berberedesign.com\/es\/wp-json\/wp\/v2\/product_brand?post=105612"},{"taxonomy":"product_cat","embeddable":true,"href":"https:\/\/berberedesign.com\/es\/wp-json\/wp\/v2\/product_cat?post=105612"},{"taxonomy":"product_tag","embeddable":true,"href":"https:\/\/berberedesign.com\/es\/wp-json\/wp\/v2\/product_tag?post=105612"}],"curies":[{"name":"wp","href":"https:\/\/api.w.org\/{rel}","templated":true}]}}