{"id":105582,"date":"2025-01-23T20:28:01","date_gmt":"2025-01-23T20:28:01","guid":{"rendered":"https:\/\/berberedesign.com\/handcrafted-moroccan-boucle-armchair-with-chevron-design-and-yellow-accents\/"},"modified":"2025-02-22T17:24:20","modified_gmt":"2025-02-22T17:24:20","slug":"sillon-artesanal-marroqui-de-boucle-con-diseno-chevron-y-detalles-amarillos","status":"publish","type":"product","link":"https:\/\/berberedesign.com\/es\/sillon-artesanal-marroqui-de-boucle-con-diseno-chevron-y-detalles-amarillos\/","title":{"rendered":"Sill\u00f3n marroqu\u00ed hecho a mano con dise\u00f1o Chevron y detalles amarillos"},"content":{"rendered":"<div data-elementor-type=\"product-post\" data-elementor-id=\"105582\" class=\"elementor elementor-105582\" data-elementor-post-type=\"product\">\n\t\t\t\t<div class=\"elementor-element elementor-element-7f2faf77 e-flex e-con-boxed e-con e-parent\" data-id=\"7f2faf77\" data-element_type=\"container\">\n\t\t\t\t\t<div class=\"e-con-inner\">\n\t\t\t\t<div class=\"elementor-element elementor-element-abbf51b elementor-widget elementor-widget-text-editor\" data-id=\"abbf51b\" data-element_type=\"widget\" data-widget_type=\"text-editor.default\">\n\t\t\t\t<div class=\"elementor-widget-container\">\n\t\t\t\t\t\t\t\t\t<div>\n\nTransforme su espacio vital con este exquisito <strong>Sill\u00f3n marroqu\u00ed artesanal de boucle<\/strong>una obra maestra de artesan\u00eda tradicional y est\u00e9tica moderna. Caracter\u00edsticas del sill\u00f3n:\n<ul>\n \t<li>Llamativo dise\u00f1o chevron en tejido boucle blanco y negro.<\/li>\n \t<li>Detalles texturizados en amarillo vibrante para a\u00f1adir calidez y atractivo visual.<\/li>\n \t<li>Robustos reposabrazos circulares de madera tallada a mano para un toque arquitect\u00f3nico \u00fanico.<\/li>\n<\/ul>\n<iframe title=\"Reproductor de v\u00eddeo YouTube\" src=\"https:\/\/www.youtube.com\/embed\/ZKlDh5r98KE?si=GnMkC63b8Z7aDjXP\" width=\"560\" height=\"315\" frameborder=\"0\" allowfullscreen=\"allowfullscreen\"><\/iframe>\n\nEste sill\u00f3n est\u00e1 dise\u00f1ado para ofrecer comodidad y estilo, lo que lo convierte en la opci\u00f3n ideal para cualquier sal\u00f3n, dormitorio o estudio. Ya sea como pieza \u00fanica o integrado en su decoraci\u00f3n, aporta un toque de herencia marroqu\u00ed y energ\u00eda vibrante a su hogar.\n\n<\/div>\t\t\t\t\t\t\t\t<\/div>\n\t\t\t\t<\/div>\n\t\t\t\t\t<\/div>\n\t\t\t\t<\/div>\n\t\t\t\t<\/div>","protected":false},"excerpt":{"rendered":"<p>A\u00f1ade un toque atrevido y acogedor a tu hogar con este sill\u00f3n boucle marroqu\u00ed hecho a mano. Con un patr\u00f3n de chevron llamativo en blanco y negro, complementado con acentos amarillos vibrantes y un marco de madera maciza.<\/p>","protected":false},"featured_media":105583,"comment_status":"open","ping_status":"closed","template":"","meta":[],"product_brand":[],"product_cat":[15,351],"product_tag":[],"class_list":{"0":"post-105582","1":"product","2":"type-product","3":"status-publish","4":"has-post-thumbnail","6":"product_cat-uncategorized","7":"product_cat-chair","9":"first","10":"instock","11":"sale","12":"shipping-taxable","13":"purchasable","14":"product-type-simple"},"jetpack_sharing_enabled":true,"_links":{"self":[{"href":"https:\/\/berberedesign.com\/es\/wp-json\/wp\/v2\/product\/105582","targetHints":{"allow":["GET"]}}],"collection":[{"href":"https:\/\/berberedesign.com\/es\/wp-json\/wp\/v2\/product"}],"about":[{"href":"https:\/\/berberedesign.com\/es\/wp-json\/wp\/v2\/types\/product"}],"replies":[{"embeddable":true,"href":"https:\/\/berberedesign.com\/es\/wp-json\/wp\/v2\/comments?post=105582"}],"version-history":[{"count":4,"href":"https:\/\/berberedesign.com\/es\/wp-json\/wp\/v2\/product\/105582\/revisions"}],"predecessor-version":[{"id":106134,"href":"https:\/\/berberedesign.com\/es\/wp-json\/wp\/v2\/product\/105582\/revisions\/106134"}],"wp:featuredmedia":[{"embeddable":true,"href":"https:\/\/berberedesign.com\/es\/wp-json\/wp\/v2\/media\/105583"}],"wp:attachment":[{"href":"https:\/\/berberedesign.com\/es\/wp-json\/wp\/v2\/media?parent=105582"}],"wp:term":[{"taxonomy":"product_brand","embeddable":true,"href":"https:\/\/berberedesign.com\/es\/wp-json\/wp\/v2\/product_brand?post=105582"},{"taxonomy":"product_cat","embeddable":true,"href":"https:\/\/berberedesign.com\/es\/wp-json\/wp\/v2\/product_cat?post=105582"},{"taxonomy":"product_tag","embeddable":true,"href":"https:\/\/berberedesign.com\/es\/wp-json\/wp\/v2\/product_tag?post=105582"}],"curies":[{"name":"wp","href":"https:\/\/api.w.org\/{rel}","templated":true}]}}