{"id":105572,"date":"2025-01-23T20:27:57","date_gmt":"2025-01-23T20:27:57","guid":{"rendered":"https:\/\/berberedesign.com\/handcrafted-wool-berber-chair-with-orange-accents\/"},"modified":"2025-02-22T17:24:20","modified_gmt":"2025-02-22T17:24:20","slug":"silla-de-bereber-de-lana-hecha-a-mano-con-detalles-en-naranja","status":"publish","type":"product","link":"https:\/\/berberedesign.com\/es\/silla-de-bereber-de-lana-hecha-a-mano-con-detalles-en-naranja\/","title":{"rendered":"Silla bereber artesanal de lana con detalles naranjas"},"content":{"rendered":"<div data-elementor-type=\"product-post\" data-elementor-id=\"105572\" class=\"elementor elementor-105572\" data-elementor-post-type=\"product\">\n\t\t\t\t<div class=\"elementor-element elementor-element-54e98484 e-flex e-con-boxed e-con e-parent\" data-id=\"54e98484\" data-element_type=\"container\">\n\t\t\t\t\t<div class=\"e-con-inner\">\n\t\t\t\t<div class=\"elementor-element elementor-element-17ef3114 elementor-widget elementor-widget-text-editor\" data-id=\"17ef3114\" data-element_type=\"widget\" data-widget_type=\"text-editor.default\">\n\t\t\t\t<div class=\"elementor-widget-container\">\n\t\t\t\t\t\t\t\t\t<div>\n<h2>Silla bereber artesanal de lana con detalles naranjas<\/h2>\n<\/div>\n<iframe title=\"Reproductor de v\u00eddeo YouTube\" src=\"https:\/\/www.youtube.com\/embed\/ZUztyg22rxc?si=NbdjbkJtZ_a_aDoF\" width=\"560\" height=\"315\" frameborder=\"0\" allowfullscreen=\"allowfullscreen\"><\/iframe>\n<div>\n\nLleve un toque de artesan\u00eda marroqu\u00ed a su hogar con esta exquisita silla bereber de lana hecha a mano. El dise\u00f1o muestra una hermosa mezcla de lana natural con c\u00e1lidos detalles en naranja, creando una pieza que es a la vez elegante y acogedora. La estructura circular de madera a\u00f1ade un elemento arquitect\u00f3nico \u00fanico, convirti\u00e9ndola en un complemento destacado para cualquier habitaci\u00f3n.\n<ul>\n \t<li>Tapicer\u00eda de lana tejida a mano para mayor comodidad y durabilidad.<\/li>\n \t<li>Exclusivos detalles en naranja para un toque vibrante de dise\u00f1o marroqu\u00ed.<\/li>\n \t<li>Duradero marco de madera con un dise\u00f1o circular para un aspecto moderno y art\u00edstico.<\/li>\n<\/ul>\nEsta silla es algo m\u00e1s que un asiento: es una obra de arte que cuenta una historia de tradici\u00f3n y calidad. Perfecta para salones, rincones de lectura o como elemento decorativo en dormitorios.\n\n&nbsp;\n\n<\/div>\t\t\t\t\t\t\t\t<\/div>\n\t\t\t\t<\/div>\n\t\t\t\t\t<\/div>\n\t\t\t\t<\/div>\n\t\t\t\t<\/div>","protected":false},"excerpt":{"rendered":"<p>Impresionante silla bereber de lana hecha a mano con c\u00e1lidos detalles en naranja y un caracter\u00edstico marco circular de madera. Perfecta para a\u00f1adir encanto marroqu\u00ed a cualquier espacio.<\/p>","protected":false},"featured_media":105573,"comment_status":"open","ping_status":"closed","template":"","meta":[],"product_brand":[],"product_cat":[15,351],"product_tag":[],"class_list":{"0":"post-105572","1":"product","2":"type-product","3":"status-publish","4":"has-post-thumbnail","6":"product_cat-uncategorized","7":"product_cat-chair","9":"first","10":"instock","11":"sale","12":"shipping-taxable","13":"purchasable","14":"product-type-simple"},"jetpack_sharing_enabled":true,"_links":{"self":[{"href":"https:\/\/berberedesign.com\/es\/wp-json\/wp\/v2\/product\/105572","targetHints":{"allow":["GET"]}}],"collection":[{"href":"https:\/\/berberedesign.com\/es\/wp-json\/wp\/v2\/product"}],"about":[{"href":"https:\/\/berberedesign.com\/es\/wp-json\/wp\/v2\/types\/product"}],"replies":[{"embeddable":true,"href":"https:\/\/berberedesign.com\/es\/wp-json\/wp\/v2\/comments?post=105572"}],"version-history":[{"count":4,"href":"https:\/\/berberedesign.com\/es\/wp-json\/wp\/v2\/product\/105572\/revisions"}],"predecessor-version":[{"id":106138,"href":"https:\/\/berberedesign.com\/es\/wp-json\/wp\/v2\/product\/105572\/revisions\/106138"}],"wp:featuredmedia":[{"embeddable":true,"href":"https:\/\/berberedesign.com\/es\/wp-json\/wp\/v2\/media\/105573"}],"wp:attachment":[{"href":"https:\/\/berberedesign.com\/es\/wp-json\/wp\/v2\/media?parent=105572"}],"wp:term":[{"taxonomy":"product_brand","embeddable":true,"href":"https:\/\/berberedesign.com\/es\/wp-json\/wp\/v2\/product_brand?post=105572"},{"taxonomy":"product_cat","embeddable":true,"href":"https:\/\/berberedesign.com\/es\/wp-json\/wp\/v2\/product_cat?post=105572"},{"taxonomy":"product_tag","embeddable":true,"href":"https:\/\/berberedesign.com\/es\/wp-json\/wp\/v2\/product_tag?post=105572"}],"curies":[{"name":"wp","href":"https:\/\/api.w.org\/{rel}","templated":true}]}}