{"id":105564,"date":"2025-01-23T20:27:54","date_gmt":"2025-01-23T20:27:54","guid":{"rendered":"https:\/\/berberedesign.com\/handcrafted-moroccan-wool-accent-chair-in-earthy-orange-tones\/"},"modified":"2025-02-04T19:57:01","modified_gmt":"2025-02-04T19:57:01","slug":"silla-de-acento-artesanal-de-lana-marroqui-en-tonos-naranjas-terrosos","status":"publish","type":"product","link":"https:\/\/berberedesign.com\/es\/silla-de-acento-artesanal-de-lana-marroqui-en-tonos-naranjas-terrosos\/","title":{"rendered":"Silla acentuada artesanal marroqu\u00ed de lana en tonos naranjas terrosos"},"content":{"rendered":"<div data-elementor-type=\"product-post\" data-elementor-id=\"105564\" class=\"elementor elementor-105564\" data-elementor-post-type=\"product\">\n\t\t\t\t<div class=\"elementor-element elementor-element-5c1fb922 e-flex e-con-boxed e-con e-parent\" data-id=\"5c1fb922\" data-element_type=\"container\">\n\t\t\t\t\t<div class=\"e-con-inner\">\n\t\t\t\t<div class=\"elementor-element elementor-element-bd80eba elementor-widget elementor-widget-text-editor\" data-id=\"bd80eba\" data-element_type=\"widget\" data-widget_type=\"text-editor.default\">\n\t\t\t\t<div class=\"elementor-widget-container\">\n\t\t\t\t\t\t\t\t\t<div style=\"text-align: center;\"><\/div>\nLleve una pieza de artesan\u00eda marroqu\u00ed a su hogar con esta exclusiva silla de lana. Cuidadosamente dise\u00f1ada con un vibrante tono naranja y sutiles detalles diagonales en verde, esta silla encarna la calidez y la belleza artesanal. La cubierta de lana afelpada no s\u00f3lo es visualmente impresionante, sino que tambi\u00e9n ofrece una comodidad excepcional. Su robusto armaz\u00f3n circular de madera a\u00f1ade un toque moderno y r\u00fastico a la vez, garantizando durabilidad y elegancia atemporal.\n\n<iframe width=\"560\" height=\"315\" src=\"https:\/\/www.youtube.com\/embed\/svR8YBWxWYw?si=XeJiH-S-uWIocrOl\" title=\"Reproductor de v\u00eddeo YouTube\" frameborder=\"0\" allow=\"accelerometer; autoplay; clipboard-write; encrypted-media; gyroscope; picture-in-picture; web-share\" referrerpolicy=\"strict-origin-when-cross-origin\" allowfullscreen><\/iframe>&nbsp;\n\n&nbsp;\n\nYa sea en el sal\u00f3n, en el rinc\u00f3n de lectura o en el dormitorio, esta silla es una pieza que combina estilo, tradici\u00f3n y funcionalidad. Cada silla est\u00e1 hecha a mano por artesanos expertos, por lo que es una adici\u00f3n \u00fanica a su decoraci\u00f3n interior.\n\nExperimente el equilibrio perfecto entre tradici\u00f3n y modernidad con esta lujosa silla de lana marroqu\u00ed.\t\t\t\t\t\t\t\t<\/div>\n\t\t\t\t<\/div>\n\t\t\t\t\t<\/div>\n\t\t\t\t<\/div>\n\t\t\t\t<\/div>","protected":false},"excerpt":{"rendered":"<p>Eleve su espacio con esta silla de acento marroqu\u00ed hecha a mano con un dise\u00f1o suave y esponjoso de lana naranja y un robusto armaz\u00f3n circular de madera. Perfecta para a\u00f1adir calidez y encanto artesanal a tu hogar.<\/p>","protected":false},"featured_media":105565,"comment_status":"open","ping_status":"closed","template":"","meta":[],"product_brand":[],"product_cat":[15,351],"product_tag":[],"class_list":{"0":"post-105564","1":"product","2":"type-product","3":"status-publish","4":"has-post-thumbnail","6":"product_cat-uncategorized","7":"product_cat-chair","9":"first","10":"instock","11":"sale","12":"shipping-taxable","13":"purchasable","14":"product-type-simple"},"jetpack_sharing_enabled":true,"_links":{"self":[{"href":"https:\/\/berberedesign.com\/es\/wp-json\/wp\/v2\/product\/105564","targetHints":{"allow":["GET"]}}],"collection":[{"href":"https:\/\/berberedesign.com\/es\/wp-json\/wp\/v2\/product"}],"about":[{"href":"https:\/\/berberedesign.com\/es\/wp-json\/wp\/v2\/types\/product"}],"replies":[{"embeddable":true,"href":"https:\/\/berberedesign.com\/es\/wp-json\/wp\/v2\/comments?post=105564"}],"version-history":[{"count":4,"href":"https:\/\/berberedesign.com\/es\/wp-json\/wp\/v2\/product\/105564\/revisions"}],"predecessor-version":[{"id":106141,"href":"https:\/\/berberedesign.com\/es\/wp-json\/wp\/v2\/product\/105564\/revisions\/106141"}],"wp:featuredmedia":[{"embeddable":true,"href":"https:\/\/berberedesign.com\/es\/wp-json\/wp\/v2\/media\/105565"}],"wp:attachment":[{"href":"https:\/\/berberedesign.com\/es\/wp-json\/wp\/v2\/media?parent=105564"}],"wp:term":[{"taxonomy":"product_brand","embeddable":true,"href":"https:\/\/berberedesign.com\/es\/wp-json\/wp\/v2\/product_brand?post=105564"},{"taxonomy":"product_cat","embeddable":true,"href":"https:\/\/berberedesign.com\/es\/wp-json\/wp\/v2\/product_cat?post=105564"},{"taxonomy":"product_tag","embeddable":true,"href":"https:\/\/berberedesign.com\/es\/wp-json\/wp\/v2\/product_tag?post=105564"}],"curies":[{"name":"wp","href":"https:\/\/api.w.org\/{rel}","templated":true}]}}