{"id":105555,"date":"2025-01-23T20:27:52","date_gmt":"2025-01-23T20:27:52","guid":{"rendered":"https:\/\/berberedesign.com\/handcrafted-patchwork-berber-armchair-vibrant-multicolor-design\/"},"modified":"2025-02-04T20:10:02","modified_gmt":"2025-02-04T20:10:02","slug":"sillon-artesanal-patchwork-bereber-vibrante-diseno-multicolor","status":"publish","type":"product","link":"https:\/\/berberedesign.com\/es\/sillon-artesanal-patchwork-bereber-vibrante-diseno-multicolor\/","title":{"rendered":"Sill\u00f3n bereber de patchwork artesanal - Vibrante dise\u00f1o multicolor"},"content":{"rendered":"<div data-elementor-type=\"product-post\" data-elementor-id=\"105555\" class=\"elementor elementor-105555\" data-elementor-post-type=\"product\">\n\t\t\t\t<div class=\"elementor-element elementor-element-1a9d4861 e-flex e-con-boxed e-con e-parent\" data-id=\"1a9d4861\" data-element_type=\"container\">\n\t\t\t\t\t<div class=\"e-con-inner\">\n\t\t\t\t<div class=\"elementor-element elementor-element-33c48e9a elementor-widget elementor-widget-text-editor\" data-id=\"33c48e9a\" data-element_type=\"widget\" data-widget_type=\"text-editor.default\">\n\t\t\t\t<div class=\"elementor-widget-container\">\n\t\t\t\t\t\t\t\t\t<div>\n<h2>Sill\u00f3n bereber de patchwork artesanal<\/h2>\nEste impresionante sill\u00f3n aporta una explosi\u00f3n de color y autenticidad a su hogar. Hecho a mano por h\u00e1biles artesanos bereberes, el vibrante dise\u00f1o de patchwork refleja la rica herencia y creatividad de la artesan\u00eda marroqu\u00ed. Cada parche de tela est\u00e1 intrincadamente tejido con colores vivos y atrevidos, haciendo de este sill\u00f3n una obra maestra \u00fanica que ilumina cualquier espacio.\n\nLa estructura de madera elegantemente curvada no s\u00f3lo proporciona una excelente durabilidad, sino que tambi\u00e9n a\u00f1ade un toque de sofisticaci\u00f3n moderna. Su dise\u00f1o ergon\u00f3mico garantiza la m\u00e1xima comodidad, por lo que es el complemento perfecto para su sal\u00f3n, dormitorio o rinc\u00f3n de lectura.\n\n<\/div>\n<iframe title=\"Reproductor de v\u00eddeo YouTube\" src=\"https:\/\/www.youtube.com\/embed\/V6Qlm91IttA?si=ofbNTxa3lc_c0E8u\" width=\"560\" height=\"315\" frameborder=\"0\" allowfullscreen=\"allowfullscreen\"><\/iframe>\n<div>\n\n<strong>Caracter\u00edsticas principales:<\/strong>\n<ul>\n \t<li>Aut\u00e9ntica artesan\u00eda bereber marroqu\u00ed<\/li>\n \t<li>Tejido patchwork multicolor \u00fanico<\/li>\n \t<li>Marco de madera curvada, duradero y elegante<\/li>\n \t<li>Perfecto para realzar interiores modernos y tradicionales<\/li>\n<\/ul>\n&nbsp;\n\n<\/div>\t\t\t\t\t\t\t\t<\/div>\n\t\t\t\t<\/div>\n\t\t\t\t\t<\/div>\n\t\t\t\t<\/div>\n\t\t\t\t<\/div>","protected":false},"excerpt":{"rendered":"<p>Descubra la mezcla perfecta de tradici\u00f3n y modernidad con este sill\u00f3n bereber hecho a mano, adornado con un vibrante dise\u00f1o de patchwork multicolor y complementado con un armaz\u00f3n de madera curvada que aporta comodidad y estilo.<\/p>","protected":false},"featured_media":105556,"comment_status":"open","ping_status":"closed","template":"","meta":[],"product_brand":[],"product_cat":[15,351],"product_tag":[],"class_list":{"0":"post-105555","1":"product","2":"type-product","3":"status-publish","4":"has-post-thumbnail","6":"product_cat-uncategorized","7":"product_cat-chair","9":"first","10":"instock","11":"sale","12":"shipping-taxable","13":"purchasable","14":"product-type-simple"},"jetpack_sharing_enabled":true,"_links":{"self":[{"href":"https:\/\/berberedesign.com\/es\/wp-json\/wp\/v2\/product\/105555","targetHints":{"allow":["GET"]}}],"collection":[{"href":"https:\/\/berberedesign.com\/es\/wp-json\/wp\/v2\/product"}],"about":[{"href":"https:\/\/berberedesign.com\/es\/wp-json\/wp\/v2\/types\/product"}],"replies":[{"embeddable":true,"href":"https:\/\/berberedesign.com\/es\/wp-json\/wp\/v2\/comments?post=105555"}],"version-history":[{"count":4,"href":"https:\/\/berberedesign.com\/es\/wp-json\/wp\/v2\/product\/105555\/revisions"}],"predecessor-version":[{"id":106185,"href":"https:\/\/berberedesign.com\/es\/wp-json\/wp\/v2\/product\/105555\/revisions\/106185"}],"wp:featuredmedia":[{"embeddable":true,"href":"https:\/\/berberedesign.com\/es\/wp-json\/wp\/v2\/media\/105556"}],"wp:attachment":[{"href":"https:\/\/berberedesign.com\/es\/wp-json\/wp\/v2\/media?parent=105555"}],"wp:term":[{"taxonomy":"product_brand","embeddable":true,"href":"https:\/\/berberedesign.com\/es\/wp-json\/wp\/v2\/product_brand?post=105555"},{"taxonomy":"product_cat","embeddable":true,"href":"https:\/\/berberedesign.com\/es\/wp-json\/wp\/v2\/product_cat?post=105555"},{"taxonomy":"product_tag","embeddable":true,"href":"https:\/\/berberedesign.com\/es\/wp-json\/wp\/v2\/product_tag?post=105555"}],"curies":[{"name":"wp","href":"https:\/\/api.w.org\/{rel}","templated":true}]}}