{"id":105535,"date":"2025-01-23T20:27:47","date_gmt":"2025-01-23T20:27:47","guid":{"rendered":"https:\/\/berberedesign.com\/vintage-inspired-berber-armchair-with-geometric-tufted-fabric\/"},"modified":"2025-02-22T17:24:20","modified_gmt":"2025-02-22T17:24:20","slug":"sillon-bereber-de-inspiracion-vintage-con-mechon-geometrico","status":"publish","type":"product","link":"https:\/\/berberedesign.com\/es\/sillon-bereber-de-inspiracion-vintage-con-mechon-geometrico\/","title":{"rendered":"Sill\u00f3n bereber de inspiraci\u00f3n vintage con tejido geom\u00e9trico acolchado"},"content":{"rendered":"<div data-elementor-type=\"product-post\" data-elementor-id=\"105535\" class=\"elementor elementor-105535\" data-elementor-post-type=\"product\">\n\t\t\t\t<div class=\"elementor-element elementor-element-56e9c314 e-flex e-con-boxed e-con e-parent\" data-id=\"56e9c314\" data-element_type=\"container\">\n\t\t\t\t\t<div class=\"e-con-inner\">\n\t\t\t\t<div class=\"elementor-element elementor-element-43065a96 elementor-widget elementor-widget-text-editor\" data-id=\"43065a96\" data-element_type=\"widget\" data-widget_type=\"text-editor.default\">\n\t\t\t\t<div class=\"elementor-widget-container\">\n\t\t\t\t\t\t\t\t\t<div>\n<h2>Sill\u00f3n bereber de inspiraci\u00f3n vintage con tejido geom\u00e9trico acolchado<\/h2>\n<iframe title=\"Reproductor de v\u00eddeo YouTube\" src=\"https:\/\/www.youtube.com\/embed\/BnSNNAZJTCg?si=dSd5Ooa9tJSg-64A\" width=\"560\" height=\"315\" frameborder=\"0\" allowfullscreen=\"allowfullscreen\"><\/iframe>\n\nLleve el aut\u00e9ntico encanto marroqu\u00ed a su hogar con este exquisito sill\u00f3n bereber. Dise\u00f1ado para reflejar la artesan\u00eda tradicional, esta pieza cuenta con:\n<ul>\n \t<li><strong>Tejido copetudo de primera calidad:<\/strong> Adornado con motivos geom\u00e9tricos para un aspecto distintivo.<\/li>\n \t<li><strong>Robusto armaz\u00f3n de madera:<\/strong> El exclusivo dise\u00f1o circular a\u00f1ade un toque vintage a la vez que garantiza su durabilidad.<\/li>\n \t<li><strong>Complemento decorativo vers\u00e1til:<\/strong> Perfecto para salones, rincones de lectura o dormitorios.<\/li>\n<\/ul>\nCada sill\u00f3n est\u00e1 hecho a mano por h\u00e1biles artesanos marroqu\u00edes, combinando t\u00e9cnicas tradicionales con una est\u00e9tica moderna. Tanto si buscas realzar tu espacio con profundidad cultural como si simplemente buscas un asiento c\u00f3modo y con estilo, este sill\u00f3n bereber es la elecci\u00f3n perfecta.\n\n<\/div>\t\t\t\t\t\t\t\t<\/div>\n\t\t\t\t<\/div>\n\t\t\t\t\t<\/div>\n\t\t\t\t<\/div>\n\t\t\t\t<\/div>","protected":false},"excerpt":{"rendered":"<p>Experimenta la mezcla perfecta de comodidad y artesan\u00eda marroqu\u00ed con este sill\u00f3n bereber de inspiraci\u00f3n vintage. Con un dise\u00f1o geom\u00e9trico de tejido empenachado y un exclusivo armaz\u00f3n circular de madera, es una pieza \u00fanica para tu sal\u00f3n.<\/p>","protected":false},"featured_media":105536,"comment_status":"open","ping_status":"closed","template":"","meta":[],"product_brand":[],"product_cat":[15,351],"product_tag":[],"class_list":{"0":"post-105535","1":"product","2":"type-product","3":"status-publish","4":"has-post-thumbnail","6":"product_cat-uncategorized","7":"product_cat-chair","9":"first","10":"instock","11":"sale","12":"shipping-taxable","13":"purchasable","14":"product-type-simple"},"jetpack_sharing_enabled":true,"_links":{"self":[{"href":"https:\/\/berberedesign.com\/es\/wp-json\/wp\/v2\/product\/105535","targetHints":{"allow":["GET"]}}],"collection":[{"href":"https:\/\/berberedesign.com\/es\/wp-json\/wp\/v2\/product"}],"about":[{"href":"https:\/\/berberedesign.com\/es\/wp-json\/wp\/v2\/types\/product"}],"replies":[{"embeddable":true,"href":"https:\/\/berberedesign.com\/es\/wp-json\/wp\/v2\/comments?post=105535"}],"version-history":[{"count":4,"href":"https:\/\/berberedesign.com\/es\/wp-json\/wp\/v2\/product\/105535\/revisions"}],"predecessor-version":[{"id":106181,"href":"https:\/\/berberedesign.com\/es\/wp-json\/wp\/v2\/product\/105535\/revisions\/106181"}],"wp:featuredmedia":[{"embeddable":true,"href":"https:\/\/berberedesign.com\/es\/wp-json\/wp\/v2\/media\/105536"}],"wp:attachment":[{"href":"https:\/\/berberedesign.com\/es\/wp-json\/wp\/v2\/media?parent=105535"}],"wp:term":[{"taxonomy":"product_brand","embeddable":true,"href":"https:\/\/berberedesign.com\/es\/wp-json\/wp\/v2\/product_brand?post=105535"},{"taxonomy":"product_cat","embeddable":true,"href":"https:\/\/berberedesign.com\/es\/wp-json\/wp\/v2\/product_cat?post=105535"},{"taxonomy":"product_tag","embeddable":true,"href":"https:\/\/berberedesign.com\/es\/wp-json\/wp\/v2\/product_tag?post=105535"}],"curies":[{"name":"wp","href":"https:\/\/api.w.org\/{rel}","templated":true}]}}