{"id":105516,"date":"2025-01-23T20:27:42","date_gmt":"2025-01-23T20:27:42","guid":{"rendered":"https:\/\/berberedesign.com\/elegant-handmade-green-wool-armchair-with-solid-wood-frame\/"},"modified":"2025-04-02T11:04:01","modified_gmt":"2025-04-02T11:04:01","slug":"elegante-sillon-de-lana-verde-hecho-a-mano-con-estructura-de-madera-maciza","status":"publish","type":"product","link":"https:\/\/berberedesign.com\/es\/elegante-sillon-de-lana-verde-hecho-a-mano-con-estructura-de-madera-maciza\/","title":{"rendered":"Elegante sill\u00f3n de lana verde hecho a mano con estructura de madera maciza"},"content":{"rendered":"<div data-elementor-type=\"product-post\" data-elementor-id=\"105516\" class=\"elementor elementor-105516\" data-elementor-post-type=\"product\">\n\t\t\t\t<div class=\"elementor-element elementor-element-66ae3871 e-flex e-con-boxed e-con e-parent\" data-id=\"66ae3871\" data-element_type=\"container\">\n\t\t\t\t\t<div class=\"e-con-inner\">\n\t\t\t\t<div class=\"elementor-element elementor-element-13eb1e4 elementor-widget elementor-widget-text-editor\" data-id=\"13eb1e4\" data-element_type=\"widget\" data-widget_type=\"text-editor.default\">\n\t\t\t\t<div class=\"elementor-widget-container\">\n\t\t\t\t\t\t\t\t\t<h2>Elegante sill\u00f3n de lana verde hecho a mano<\/h2>\nAporte encanto y confort atemporales a su hogar con este exquisito <strong>sill\u00f3n artesanal<\/strong>. Tapizado con lana verde vibrante, esta silla ofrece una sensaci\u00f3n c\u00e1lida y acogedora, mientras que hace una declaraci\u00f3n de dise\u00f1o audaz. El marco de madera maciza muestra la artesan\u00eda, garantizando durabilidad y elegancia.\n\n<iframe title=\"Reproductor de v\u00eddeo YouTube\" src=\"https:\/\/www.youtube.com\/embed\/llLuzzCVG0A?si=vM6kSOE3SwVmVn1p\" width=\"560\" height=\"315\" frameborder=\"0\" allowfullscreen=\"allowfullscreen\"><\/iframe>\n\nTanto si busca una pieza de acento \u00fanica como un acogedor sill\u00f3n de lectura, este sill\u00f3n combina materiales tradicionales con una est\u00e9tica moderna. Las patas y los reposabrazos de madera meticulosamente elaborados resaltan la calidad del dise\u00f1o marroqu\u00ed, convirti\u00e9ndolo en una pieza destacada en cualquier ambiente.\n\n \n\nTransforme su espacio vital con este hermoso sill\u00f3n, dise\u00f1ado para ofrecer comodidad y estilo. Perfecto para salones, oficinas o espacios creativos, este sill\u00f3n seguro que le impresionar\u00e1.\n\n&nbsp;\t\t\t\t\t\t\t\t<\/div>\n\t\t\t\t<\/div>\n\t\t\t\t\t<\/div>\n\t\t\t\t<\/div>\n\t\t\t\t<\/div>","protected":false},"excerpt":{"rendered":"<p>Este elegante sill\u00f3n presenta una tapicer\u00eda de lana verde vibrante combinada con una robusta estructura de madera hecha a mano. Perfecto para a\u00f1adir un toque acogedor y sofisticado a tu sal\u00f3n.<\/p>","protected":false},"featured_media":105517,"comment_status":"open","ping_status":"closed","template":"","meta":[],"product_brand":[],"product_cat":[15,351],"product_tag":[],"class_list":{"0":"post-105516","1":"product","2":"type-product","3":"status-publish","4":"has-post-thumbnail","6":"product_cat-uncategorized","7":"product_cat-chair","9":"first","10":"instock","11":"sale","12":"shipping-taxable","13":"purchasable","14":"product-type-simple"},"jetpack_sharing_enabled":true,"_links":{"self":[{"href":"https:\/\/berberedesign.com\/es\/wp-json\/wp\/v2\/product\/105516","targetHints":{"allow":["GET"]}}],"collection":[{"href":"https:\/\/berberedesign.com\/es\/wp-json\/wp\/v2\/product"}],"about":[{"href":"https:\/\/berberedesign.com\/es\/wp-json\/wp\/v2\/types\/product"}],"replies":[{"embeddable":true,"href":"https:\/\/berberedesign.com\/es\/wp-json\/wp\/v2\/comments?post=105516"}],"version-history":[{"count":5,"href":"https:\/\/berberedesign.com\/es\/wp-json\/wp\/v2\/product\/105516\/revisions"}],"predecessor-version":[{"id":106178,"href":"https:\/\/berberedesign.com\/es\/wp-json\/wp\/v2\/product\/105516\/revisions\/106178"}],"wp:featuredmedia":[{"embeddable":true,"href":"https:\/\/berberedesign.com\/es\/wp-json\/wp\/v2\/media\/105517"}],"wp:attachment":[{"href":"https:\/\/berberedesign.com\/es\/wp-json\/wp\/v2\/media?parent=105516"}],"wp:term":[{"taxonomy":"product_brand","embeddable":true,"href":"https:\/\/berberedesign.com\/es\/wp-json\/wp\/v2\/product_brand?post=105516"},{"taxonomy":"product_cat","embeddable":true,"href":"https:\/\/berberedesign.com\/es\/wp-json\/wp\/v2\/product_cat?post=105516"},{"taxonomy":"product_tag","embeddable":true,"href":"https:\/\/berberedesign.com\/es\/wp-json\/wp\/v2\/product_tag?post=105516"}],"curies":[{"name":"wp","href":"https:\/\/api.w.org\/{rel}","templated":true}]}}