{"id":105508,"date":"2025-01-23T20:27:40","date_gmt":"2025-01-23T20:27:40","guid":{"rendered":"https:\/\/berberedesign.com\/vibrant-orange-checkered-handmade-chair\/"},"modified":"2025-02-04T20:00:16","modified_gmt":"2025-02-04T20:00:16","slug":"silla-de-cuadros-naranja-vibrante-hecha-a-mano","status":"publish","type":"product","link":"https:\/\/berberedesign.com\/es\/silla-de-cuadros-naranja-vibrante-hecha-a-mano\/","title":{"rendered":"Silla de cuadros naranja vibrante hecha a mano"},"content":{"rendered":"<div data-elementor-type=\"product-post\" data-elementor-id=\"105508\" class=\"elementor elementor-105508\" data-elementor-post-type=\"product\">\n\t\t\t\t<div class=\"elementor-element elementor-element-1d1ffa34 e-flex e-con-boxed e-con e-parent\" data-id=\"1d1ffa34\" data-element_type=\"container\">\n\t\t\t\t\t<div class=\"e-con-inner\">\n\t\t\t\t<div class=\"elementor-element elementor-element-4761d209 elementor-widget elementor-widget-text-editor\" data-id=\"4761d209\" data-element_type=\"widget\" data-widget_type=\"text-editor.default\">\n\t\t\t\t<div class=\"elementor-widget-container\">\n\t\t\t\t\t\t\t\t\t<div>\n<h2>Silla de cuadros naranja vibrante hecha a mano<\/h2>\n&nbsp;\n\nEsta impresionante silla hecha a mano presenta un atrevido dise\u00f1o a cuadros naranjas y blancos, que aporta energ\u00eda y encanto a cualquier habitaci\u00f3n. Tapizada con suave lana marroqu\u00ed tejida a mano, ofrece una experiencia de asiento acogedora y lujosa.\n\nEl armaz\u00f3n de madera est\u00e1 fabricado con madera duradera de origen \u00e9tico, lo que garantiza su estabilidad y longevidad. Perfecto para a\u00f1adir un toque de artesan\u00eda a su sal\u00f3n, dormitorio o estudio.\n<ul>\n \t<li>Hecho a mano con aut\u00e9ntica lana marroqu\u00ed<\/li>\n \t<li>Dise\u00f1o \u00fanico a cuadros para un toque atrevido<\/li>\n \t<li>Armaz\u00f3n de madera resistente y duradero<\/li>\n \t<li>Perfecto para interiores modernos, bohemios o ecl\u00e9cticos<\/li>\n<\/ul>\n<\/div>\n<iframe title=\"Reproductor de v\u00eddeo YouTube\" src=\"https:\/\/www.youtube.com\/embed\/Ok-VWXnA5lM?si=6asMuS8lJXtkTrLL\" width=\"560\" height=\"315\" frameborder=\"0\" allowfullscreen=\"allowfullscreen\"><\/iframe>\n<div>\n\nCelebre el arte de la artesan\u00eda marroqu\u00ed con este mueble \u00fanico. Transforma tu hogar en un espacio vibrante y acogedor.\n\n<\/div>\t\t\t\t\t\t\t\t<\/div>\n\t\t\t\t<\/div>\n\t\t\t\t\t<\/div>\n\t\t\t\t<\/div>\n\t\t\t\t<\/div>","protected":false},"excerpt":{"rendered":"<p>A\u00f1ade un toque de color a tu espacio con esta vibrante silla hecha a mano a cuadros naranjas y blancos. Hecha a mano con lana marroqu\u00ed de primera calidad y un robusto armaz\u00f3n de madera, es una mezcla perfecta de comodidad y estilo.<\/p>","protected":false},"featured_media":105509,"comment_status":"open","ping_status":"closed","template":"","meta":[],"product_brand":[],"product_cat":[15,351],"product_tag":[],"class_list":{"0":"post-105508","1":"product","2":"type-product","3":"status-publish","4":"has-post-thumbnail","6":"product_cat-uncategorized","7":"product_cat-chair","9":"first","10":"instock","11":"sale","12":"shipping-taxable","13":"purchasable","14":"product-type-simple"},"jetpack_sharing_enabled":true,"_links":{"self":[{"href":"https:\/\/berberedesign.com\/es\/wp-json\/wp\/v2\/product\/105508","targetHints":{"allow":["GET"]}}],"collection":[{"href":"https:\/\/berberedesign.com\/es\/wp-json\/wp\/v2\/product"}],"about":[{"href":"https:\/\/berberedesign.com\/es\/wp-json\/wp\/v2\/types\/product"}],"replies":[{"embeddable":true,"href":"https:\/\/berberedesign.com\/es\/wp-json\/wp\/v2\/comments?post=105508"}],"version-history":[{"count":4,"href":"https:\/\/berberedesign.com\/es\/wp-json\/wp\/v2\/product\/105508\/revisions"}],"predecessor-version":[{"id":106149,"href":"https:\/\/berberedesign.com\/es\/wp-json\/wp\/v2\/product\/105508\/revisions\/106149"}],"wp:featuredmedia":[{"embeddable":true,"href":"https:\/\/berberedesign.com\/es\/wp-json\/wp\/v2\/media\/105509"}],"wp:attachment":[{"href":"https:\/\/berberedesign.com\/es\/wp-json\/wp\/v2\/media?parent=105508"}],"wp:term":[{"taxonomy":"product_brand","embeddable":true,"href":"https:\/\/berberedesign.com\/es\/wp-json\/wp\/v2\/product_brand?post=105508"},{"taxonomy":"product_cat","embeddable":true,"href":"https:\/\/berberedesign.com\/es\/wp-json\/wp\/v2\/product_cat?post=105508"},{"taxonomy":"product_tag","embeddable":true,"href":"https:\/\/berberedesign.com\/es\/wp-json\/wp\/v2\/product_tag?post=105508"}],"curies":[{"name":"wp","href":"https:\/\/api.w.org\/{rel}","templated":true}]}}