{"id":105500,"date":"2025-01-23T20:27:38","date_gmt":"2025-01-23T20:27:38","guid":{"rendered":"https:\/\/berberedesign.com\/vintage-purple-boucle-moroccan-lounge-chair-handmade-comfort-and-style\/"},"modified":"2025-08-28T04:58:28","modified_gmt":"2025-08-28T04:58:28","slug":"sillon-marroqui-boucle-purpura-vintage-hecho-a-mano-comodidad-y-estilo","status":"publish","type":"product","link":"https:\/\/berberedesign.com\/es\/sillon-marroqui-boucle-purpura-vintage-hecho-a-mano-comodidad-y-estilo\/","title":{"rendered":"Silla de sal\u00f3n marroqu\u00ed Vintage Purple Boucle - Comodidad y estilo hechos a mano"},"content":{"rendered":"<div data-elementor-type=\"product-post\" data-elementor-id=\"105500\" class=\"elementor elementor-105500\" data-elementor-post-type=\"product\">\n\t\t\t\t<div class=\"elementor-element elementor-element-4c556d34 e-flex e-con-boxed e-con e-parent\" data-id=\"4c556d34\" data-element_type=\"container\">\n\t\t\t\t\t<div class=\"e-con-inner\">\n\t\t\t\t<div class=\"elementor-element elementor-element-1fe69589 elementor-widget elementor-widget-text-editor\" data-id=\"1fe69589\" data-element_type=\"widget\" data-widget_type=\"text-editor.default\">\n\t\t\t\t<div class=\"elementor-widget-container\">\n\t\t\t\t\t\t\t\t\t<div>\n<h2>Silla de sal\u00f3n marroqu\u00ed Vintage Purple Boucle<\/h2>\nA\u00f1ada un toque de color atrevido y lujosa textura a su espacio vital con este impresionante\n<strong>tumbona artesanal marroqu\u00ed<\/strong>. Con una cubierta de lana boucle p\u00farpura vibrante y un marco de madera curvada \u00fanica, esta silla es a la vez una pieza de la declaraci\u00f3n y un refugio acogedor.\n\n \n\nCada silla est\u00e1 hecha a mano por artesanos expertos, mezclando t\u00e9cnicas tradicionales marroqu\u00edes con elementos de dise\u00f1o moderno.\nLa tapicer\u00eda de lana boucle ofrece una rica textura y una excelente durabilidad, mientras que el dise\u00f1o ergon\u00f3mico garantiza una comodidad duradera.\n\n \n\nYa sea como elemento decorativo en el sal\u00f3n o como sill\u00f3n de lectura en un rinc\u00f3n acogedor, este sill\u00f3n ofrece estilo y funcionalidad.\nEs una verdadera encarnaci\u00f3n de la artesan\u00eda marroqu\u00ed, por lo que encaja perfectamente tanto en interiores contempor\u00e1neos como bohemios.\n\n<iframe title=\"Reproductor de v\u00eddeo YouTube\" src=\"https:\/\/www.youtube.com\/embed\/W0lNWRMsJkI?si=mRTVruFq3rbAFXnu\" width=\"560\" height=\"315\" frameborder=\"0\" allowfullscreen=\"allowfullscreen\"><\/iframe>\n\n<strong>Caracter\u00edsticas principales:<\/strong>\n<ul>\n \t<li>Tapicer\u00eda de lana boucle p\u00farpura tejida a mano<\/li>\n \t<li>Elegante marco curvado de madera<\/li>\n \t<li>Aut\u00e9ntica artesan\u00eda marroqu\u00ed<\/li>\n \t<li>Dise\u00f1o lujoso y duradero<\/li>\n<\/ul>\nLleve un toque de arte marroqu\u00ed a su hogar con este sill\u00f3n \u00fanico.\nSu llamativo dise\u00f1o y sus materiales de primera calidad har\u00e1n que sea un tema de conversaci\u00f3n durante a\u00f1os.\n\n<\/div>\t\t\t\t\t\t\t\t<\/div>\n\t\t\t\t<\/div>\n\t\t\t\t\t<\/div>\n\t\t\t\t<\/div>\n\t\t\t\t<\/div>","protected":false},"excerpt":{"rendered":"<p>Tumbona marroqu\u00ed hecha a mano con una llamativa funda de lana boucle morada y elegante estructura de madera. Perfecta para dar un toque lujoso y r\u00fastico a tu hogar.<\/p>","protected":false},"featured_media":105501,"comment_status":"open","ping_status":"closed","template":"","meta":[],"product_brand":[],"product_cat":[15,351],"product_tag":[],"class_list":{"0":"post-105500","1":"product","2":"type-product","3":"status-publish","4":"has-post-thumbnail","6":"product_cat-uncategorized","7":"product_cat-chair","9":"first","10":"instock","11":"sale","12":"shipping-taxable","13":"purchasable","14":"product-type-simple"},"jetpack_sharing_enabled":true,"_links":{"self":[{"href":"https:\/\/berberedesign.com\/es\/wp-json\/wp\/v2\/product\/105500","targetHints":{"allow":["GET"]}}],"collection":[{"href":"https:\/\/berberedesign.com\/es\/wp-json\/wp\/v2\/product"}],"about":[{"href":"https:\/\/berberedesign.com\/es\/wp-json\/wp\/v2\/types\/product"}],"replies":[{"embeddable":true,"href":"https:\/\/berberedesign.com\/es\/wp-json\/wp\/v2\/comments?post=105500"}],"version-history":[{"count":4,"href":"https:\/\/berberedesign.com\/es\/wp-json\/wp\/v2\/product\/105500\/revisions"}],"predecessor-version":[{"id":106157,"href":"https:\/\/berberedesign.com\/es\/wp-json\/wp\/v2\/product\/105500\/revisions\/106157"}],"wp:featuredmedia":[{"embeddable":true,"href":"https:\/\/berberedesign.com\/es\/wp-json\/wp\/v2\/media\/105501"}],"wp:attachment":[{"href":"https:\/\/berberedesign.com\/es\/wp-json\/wp\/v2\/media?parent=105500"}],"wp:term":[{"taxonomy":"product_brand","embeddable":true,"href":"https:\/\/berberedesign.com\/es\/wp-json\/wp\/v2\/product_brand?post=105500"},{"taxonomy":"product_cat","embeddable":true,"href":"https:\/\/berberedesign.com\/es\/wp-json\/wp\/v2\/product_cat?post=105500"},{"taxonomy":"product_tag","embeddable":true,"href":"https:\/\/berberedesign.com\/es\/wp-json\/wp\/v2\/product_tag?post=105500"}],"curies":[{"name":"wp","href":"https:\/\/api.w.org\/{rel}","templated":true}]}}