{"id":105492,"date":"2025-01-23T20:27:36","date_gmt":"2025-01-23T20:27:36","guid":{"rendered":"https:\/\/berberedesign.com\/moroccan-wool-armchair-with-diamond-pattern\/"},"modified":"2025-02-04T20:06:31","modified_gmt":"2025-02-04T20:06:31","slug":"sillon-marroqui-de-lana-con-motivo-de-rombos","status":"publish","type":"product","link":"https:\/\/berberedesign.com\/es\/sillon-marroqui-de-lana-con-motivo-de-rombos\/","title":{"rendered":"Sill\u00f3n marroqu\u00ed de lana con estampado de rombos"},"content":{"rendered":"<div data-elementor-type=\"product-post\" data-elementor-id=\"105492\" class=\"elementor elementor-105492\" data-elementor-post-type=\"product\">\n\t\t\t\t<div class=\"elementor-element elementor-element-37742f99 e-flex e-con-boxed e-con e-parent\" data-id=\"37742f99\" data-element_type=\"container\">\n\t\t\t\t\t<div class=\"e-con-inner\">\n\t\t\t\t<div class=\"elementor-element elementor-element-6cb1c7af elementor-widget elementor-widget-text-editor\" data-id=\"6cb1c7af\" data-element_type=\"widget\" data-widget_type=\"text-editor.default\">\n\t\t\t\t<div class=\"elementor-widget-container\">\n\t\t\t\t\t\t\t\t\t<div>Transforme su espacio vital con este elegante <strong>Sill\u00f3n marroqu\u00ed de lana<\/strong>con un dise\u00f1o atemporal de rombos en blanco y negro. Fabricada a mano con lana natural de primera calidad, esta silla combina una textura lujosa con un trabajo artesanal, lo que la convierte en una pieza destacada para cualquier interior.<\/div>\n<iframe title=\"Reproductor de v\u00eddeo YouTube\" src=\"https:\/\/www.youtube.com\/embed\/hU58qrvK_4A?si=HXmrS5yR26wzYS8G\" width=\"560\" height=\"315\" frameborder=\"0\" allowfullscreen=\"allowfullscreen\"><\/iframe>\n\n&nbsp;\n<div>\n\nEl robusto armaz\u00f3n de madera del sill\u00f3n complementa su acogedora y suave tapicer\u00eda de lana, ofreciendo tanto durabilidad como una c\u00e1lida est\u00e9tica. Su dise\u00f1o ergon\u00f3mico garantiza una comodidad excepcional, por lo que es perfecto para relajarse o como sill\u00f3n de acento.\n\nRealce la decoraci\u00f3n de su hogar con esta combinaci\u00f3n \u00fanica de herencia marroqu\u00ed y elegancia moderna. Ideal para salones, dormitorios o cualquier espacio que necesite un toque de encanto.\n\n<\/div>\t\t\t\t\t\t\t\t<\/div>\n\t\t\t\t<\/div>\n\t\t\t\t\t<\/div>\n\t\t\t\t<\/div>\n\t\t\t\t<\/div>","protected":false},"excerpt":{"rendered":"<p>Un impresionante sill\u00f3n marroqu\u00ed de lana con un suave estampado de rombos en blanco y negro, fabricado para ofrecer comodidad y estilo con una duradera estructura de madera.<\/p>","protected":false},"featured_media":105493,"comment_status":"open","ping_status":"closed","template":"","meta":[],"product_brand":[],"product_cat":[15,351],"product_tag":[],"class_list":{"0":"post-105492","1":"product","2":"type-product","3":"status-publish","4":"has-post-thumbnail","6":"product_cat-uncategorized","7":"product_cat-chair","9":"first","10":"instock","11":"sale","12":"shipping-taxable","13":"purchasable","14":"product-type-simple"},"jetpack_sharing_enabled":true,"_links":{"self":[{"href":"https:\/\/berberedesign.com\/es\/wp-json\/wp\/v2\/product\/105492","targetHints":{"allow":["GET"]}}],"collection":[{"href":"https:\/\/berberedesign.com\/es\/wp-json\/wp\/v2\/product"}],"about":[{"href":"https:\/\/berberedesign.com\/es\/wp-json\/wp\/v2\/types\/product"}],"replies":[{"embeddable":true,"href":"https:\/\/berberedesign.com\/es\/wp-json\/wp\/v2\/comments?post=105492"}],"version-history":[{"count":4,"href":"https:\/\/berberedesign.com\/es\/wp-json\/wp\/v2\/product\/105492\/revisions"}],"predecessor-version":[{"id":106173,"href":"https:\/\/berberedesign.com\/es\/wp-json\/wp\/v2\/product\/105492\/revisions\/106173"}],"wp:featuredmedia":[{"embeddable":true,"href":"https:\/\/berberedesign.com\/es\/wp-json\/wp\/v2\/media\/105493"}],"wp:attachment":[{"href":"https:\/\/berberedesign.com\/es\/wp-json\/wp\/v2\/media?parent=105492"}],"wp:term":[{"taxonomy":"product_brand","embeddable":true,"href":"https:\/\/berberedesign.com\/es\/wp-json\/wp\/v2\/product_brand?post=105492"},{"taxonomy":"product_cat","embeddable":true,"href":"https:\/\/berberedesign.com\/es\/wp-json\/wp\/v2\/product_cat?post=105492"},{"taxonomy":"product_tag","embeddable":true,"href":"https:\/\/berberedesign.com\/es\/wp-json\/wp\/v2\/product_tag?post=105492"}],"curies":[{"name":"wp","href":"https:\/\/api.w.org\/{rel}","templated":true}]}}