{"id":105482,"date":"2025-01-23T20:27:33","date_gmt":"2025-01-23T20:27:33","guid":{"rendered":"https:\/\/berberedesign.com\/vibrant-yellow-wool-berber-armchair-with-walnut-wood-frame\/"},"modified":"2025-02-04T20:06:17","modified_gmt":"2025-02-04T20:06:17","slug":"sillon-bereber-de-lana-amarillo-vibrante-con-estructura-de-madera-de-nogal","status":"publish","type":"product","link":"https:\/\/berberedesign.com\/es\/sillon-bereber-de-lana-amarillo-vibrante-con-estructura-de-madera-de-nogal\/","title":{"rendered":"Sill\u00f3n bereber de lana amarilla vibrante con estructura de madera de nogal"},"content":{"rendered":"<div data-elementor-type=\"product-post\" data-elementor-id=\"105482\" class=\"elementor elementor-105482\" data-elementor-post-type=\"product\">\n\t\t\t\t<div class=\"elementor-element elementor-element-3bcca1fd e-flex e-con-boxed e-con e-parent\" data-id=\"3bcca1fd\" data-element_type=\"container\">\n\t\t\t\t\t<div class=\"e-con-inner\">\n\t\t\t\t<div class=\"elementor-element elementor-element-614bb2c5 elementor-widget elementor-widget-text-editor\" data-id=\"614bb2c5\" data-element_type=\"widget\" data-widget_type=\"text-editor.default\">\n\t\t\t\t<div class=\"elementor-widget-container\">\n\t\t\t\t\t\t\t\t\t<h1>Sill\u00f3n bereber de lana amarilla vibrante con estructura de madera de nogal<\/h1>\n<h2>Breve descripci\u00f3n:<\/h2>\nEleve su interior con este vibrante sill\u00f3n bereber de lana amarilla. Fabricado a mano con aut\u00e9ntica lana marroqu\u00ed y apoyado sobre una elegante estructura de madera de nogal, este sill\u00f3n combina un dise\u00f1o vibrante con un lujoso confort.\n<h2>Descripci\u00f3n:<\/h2>\nA\u00f1ade un toque de sol a tu sal\u00f3n con este <strong>Sill\u00f3n bereber de lana amarilla<\/strong>una impresionante combinaci\u00f3n de vibrante arte marroqu\u00ed y moderno dise\u00f1o de mobiliario. Tapizado con <strong>Lana marroqu\u00ed tejida a mano<\/strong>Esta silla luce una atrevida paleta de amarillos que crea un ambiente alegre y c\u00e1lido.\n\nEl sill\u00f3n <strong>marco ergon\u00f3mico de madera de nogal<\/strong> a\u00f1ade durabilidad y elegancia, con brazos suaves y curvados que proporcionan tanto un atractivo est\u00e9tico como un soporte resistente. La textura suave y esponjosa de la lana no s\u00f3lo aumenta la comodidad, sino que tambi\u00e9n habla de su <strong>aut\u00e9ntica artesan\u00eda bereber<\/strong>La ciudad, c\u00e9lebre por su atractivo tradicional y contempor\u00e1neo a la vez.\n\nYa sea en el sal\u00f3n, en el rinc\u00f3n de lectura o en el despacho, esta butaca se convierte en una <strong>centro de estilo y confort<\/strong>es perfecto para quienes aprecian los muebles \u00fanicos hechos a mano. Su dise\u00f1o minimalista permite que se integre a la perfecci\u00f3n en interiores modernos, bohemios o ecl\u00e9cticos.\n\n<iframe title=\"Reproductor de v\u00eddeo YouTube\" src=\"https:\/\/www.youtube.com\/embed\/CuduPBUIZxY?si=MoCamWNjlwG5qZNR\" width=\"560\" height=\"315\" frameborder=\"0\" allowfullscreen=\"allowfullscreen\"><\/iframe>\n<h3>Caracter\u00edsticas principales:<\/h3>\n<ul>\n \t<li>Tapizado con lana marroqu\u00ed amarilla vibrante tejida a mano.<\/li>\n \t<li>Robusta estructura de madera de nogal para mayor durabilidad y elegancia.<\/li>\n \t<li>Dise\u00f1o ergon\u00f3mico para mayor comodidad y sujeci\u00f3n.<\/li>\n \t<li>Una pieza atemporal que combina el arte bereber tradicional con la est\u00e9tica del mobiliario moderno.<\/li>\n<\/ul>\n&nbsp;\t\t\t\t\t\t\t\t<\/div>\n\t\t\t\t<\/div>\n\t\t\t\t\t<\/div>\n\t\t\t\t<\/div>\n\t\t\t\t<\/div>","protected":false},"excerpt":{"rendered":"<p>Eleve su interior con este vibrante sill\u00f3n bereber de lana amarilla. Fabricado a mano con aut\u00e9ntica lana marroqu\u00ed y apoyado sobre una elegante estructura de madera de nogal, este sill\u00f3n combina un dise\u00f1o vibrante con un lujoso confort.<\/p>","protected":false},"featured_media":105483,"comment_status":"open","ping_status":"closed","template":"","meta":[],"product_brand":[],"product_cat":[15,351],"product_tag":[],"class_list":{"0":"post-105482","1":"product","2":"type-product","3":"status-publish","4":"has-post-thumbnail","6":"product_cat-uncategorized","7":"product_cat-chair","9":"first","10":"instock","11":"sale","12":"shipping-taxable","13":"purchasable","14":"product-type-simple"},"jetpack_sharing_enabled":true,"_links":{"self":[{"href":"https:\/\/berberedesign.com\/es\/wp-json\/wp\/v2\/product\/105482","targetHints":{"allow":["GET"]}}],"collection":[{"href":"https:\/\/berberedesign.com\/es\/wp-json\/wp\/v2\/product"}],"about":[{"href":"https:\/\/berberedesign.com\/es\/wp-json\/wp\/v2\/types\/product"}],"replies":[{"embeddable":true,"href":"https:\/\/berberedesign.com\/es\/wp-json\/wp\/v2\/comments?post=105482"}],"version-history":[{"count":4,"href":"https:\/\/berberedesign.com\/es\/wp-json\/wp\/v2\/product\/105482\/revisions"}],"predecessor-version":[{"id":106170,"href":"https:\/\/berberedesign.com\/es\/wp-json\/wp\/v2\/product\/105482\/revisions\/106170"}],"wp:featuredmedia":[{"embeddable":true,"href":"https:\/\/berberedesign.com\/es\/wp-json\/wp\/v2\/media\/105483"}],"wp:attachment":[{"href":"https:\/\/berberedesign.com\/es\/wp-json\/wp\/v2\/media?parent=105482"}],"wp:term":[{"taxonomy":"product_brand","embeddable":true,"href":"https:\/\/berberedesign.com\/es\/wp-json\/wp\/v2\/product_brand?post=105482"},{"taxonomy":"product_cat","embeddable":true,"href":"https:\/\/berberedesign.com\/es\/wp-json\/wp\/v2\/product_cat?post=105482"},{"taxonomy":"product_tag","embeddable":true,"href":"https:\/\/berberedesign.com\/es\/wp-json\/wp\/v2\/product_tag?post=105482"}],"curies":[{"name":"wp","href":"https:\/\/api.w.org\/{rel}","templated":true}]}}