{"id":105473,"date":"2025-01-23T20:27:31","date_gmt":"2025-01-23T20:27:31","guid":{"rendered":"https:\/\/berberedesign.com\/handcrafted-patchwork-armchair-with-vibrant-wool-upholstery\/"},"modified":"2025-02-04T20:04:54","modified_gmt":"2025-02-04T20:04:54","slug":"sillon-patchwork-artesanal-con-tapiceria-de-lana-vibrante","status":"publish","type":"product","link":"https:\/\/berberedesign.com\/es\/sillon-patchwork-artesanal-con-tapiceria-de-lana-vibrante\/","title":{"rendered":"Sill\u00f3n Patchwork hecho a mano con tapicer\u00eda de lana vibrante"},"content":{"rendered":"<div data-elementor-type=\"product-post\" data-elementor-id=\"105473\" class=\"elementor elementor-105473\" data-elementor-post-type=\"product\">\n\t\t\t\t<div class=\"elementor-element elementor-element-5f235fa1 e-flex e-con-boxed e-con e-parent\" data-id=\"5f235fa1\" data-element_type=\"container\">\n\t\t\t\t\t<div class=\"e-con-inner\">\n\t\t\t\t<div class=\"elementor-element elementor-element-59bff678 elementor-widget elementor-widget-text-editor\" data-id=\"59bff678\" data-element_type=\"widget\" data-widget_type=\"text-editor.default\">\n\t\t\t\t<div class=\"elementor-widget-container\">\n\t\t\t\t\t\t\t\t\t<div>Transforme su espacio vital con este <strong>sill\u00f3n patchwork artesanal<\/strong>El tapiz de lana de esta colecci\u00f3n es una impresionante mezcla de vibrantes tonos naranja, azul oscuro y beige neutro.\nCada pieza est\u00e1 meticulosamente hecha a mano con tapicer\u00eda de lana suave, inspirada en los patrones bereberes tradicionales, por lo que es verdaderamente \u00fanica. El elegante armaz\u00f3n de madera aporta un toque c\u00e1lido y org\u00e1nico a la vez que garantiza una durabilidad duradera. El respaldo y el mullido acolchado del sill\u00f3n ofrecen la m\u00e1xima comodidad, por lo que resulta ideal para relajarse o recibir invitados.\n\nPerfecto para salones, rincones de lectura o espacios de trabajo creativo, este sill\u00f3n a\u00f1ade car\u00e1cter y encanto a cualquier ambiente. Tanto si realza una decoraci\u00f3n minimalista como si crea un ambiente bohemio, esta pieza se convertir\u00e1 en la pieza central de su hogar.\n\n<\/div>\n<iframe title=\"Reproductor de v\u00eddeo YouTube\" src=\"https:\/\/www.youtube.com\/embed\/i_oGLnVbN08?si=TmL3m9ExkEp48-Vn\" width=\"560\" height=\"315\" frameborder=\"0\" allowfullscreen=\"allowfullscreen\"><\/iframe>\n\n&nbsp;\n<div>\n\n<strong>Caracter\u00edsticas principales:<\/strong>\n<ul>\n \t<li>Tapicer\u00eda de lana tejida a mano en vibrantes tonos naranja y azul.<\/li>\n \t<li>Reposabrazos y patas de madera maciza para una durabilidad intemporal.<\/li>\n \t<li>Dise\u00f1o c\u00f3modo y de apoyo para el uso diario.<\/li>\n \t<li>Una pieza \u00fanica que combina tradici\u00f3n y modernidad.<\/li>\n<\/ul>\nLleve la elegancia de la artesan\u00eda marroqu\u00ed a su hogar con este impresionante sill\u00f3n. No pierda la oportunidad de poseer una obra de arte atemporal.\n\n<\/div>\t\t\t\t\t\t\t\t<\/div>\n\t\t\t\t<\/div>\n\t\t\t\t\t<\/div>\n\t\t\t\t<\/div>\n\t\t\t\t<\/div>","protected":false},"excerpt":{"rendered":"<p>Eleve su decoraci\u00f3n con este sill\u00f3n de patchwork hecho a mano, con tapicer\u00eda de lana de vibrantes colores naranja y azul y un robusto armaz\u00f3n de madera. Una mezcla perfecta de tradici\u00f3n marroqu\u00ed y elegancia moderna.<\/p>","protected":false},"featured_media":105474,"comment_status":"open","ping_status":"closed","template":"","meta":[],"product_brand":[],"product_cat":[15,351],"product_tag":[],"class_list":{"0":"post-105473","1":"product","2":"type-product","3":"status-publish","4":"has-post-thumbnail","6":"product_cat-uncategorized","7":"product_cat-chair","9":"first","10":"instock","11":"sale","12":"shipping-taxable","13":"purchasable","14":"product-type-simple"},"jetpack_sharing_enabled":true,"_links":{"self":[{"href":"https:\/\/berberedesign.com\/es\/wp-json\/wp\/v2\/product\/105473","targetHints":{"allow":["GET"]}}],"collection":[{"href":"https:\/\/berberedesign.com\/es\/wp-json\/wp\/v2\/product"}],"about":[{"href":"https:\/\/berberedesign.com\/es\/wp-json\/wp\/v2\/types\/product"}],"replies":[{"embeddable":true,"href":"https:\/\/berberedesign.com\/es\/wp-json\/wp\/v2\/comments?post=105473"}],"version-history":[{"count":4,"href":"https:\/\/berberedesign.com\/es\/wp-json\/wp\/v2\/product\/105473\/revisions"}],"predecessor-version":[{"id":106165,"href":"https:\/\/berberedesign.com\/es\/wp-json\/wp\/v2\/product\/105473\/revisions\/106165"}],"wp:featuredmedia":[{"embeddable":true,"href":"https:\/\/berberedesign.com\/es\/wp-json\/wp\/v2\/media\/105474"}],"wp:attachment":[{"href":"https:\/\/berberedesign.com\/es\/wp-json\/wp\/v2\/media?parent=105473"}],"wp:term":[{"taxonomy":"product_brand","embeddable":true,"href":"https:\/\/berberedesign.com\/es\/wp-json\/wp\/v2\/product_brand?post=105473"},{"taxonomy":"product_cat","embeddable":true,"href":"https:\/\/berberedesign.com\/es\/wp-json\/wp\/v2\/product_cat?post=105473"},{"taxonomy":"product_tag","embeddable":true,"href":"https:\/\/berberedesign.com\/es\/wp-json\/wp\/v2\/product_tag?post=105473"}],"curies":[{"name":"wp","href":"https:\/\/api.w.org\/{rel}","templated":true}]}}