{"id":105464,"date":"2025-01-23T20:27:28","date_gmt":"2025-01-23T20:27:28","guid":{"rendered":"https:\/\/berberedesign.com\/handmade-moroccan-chair-with-red-and-cream-wool-upholstery\/"},"modified":"2025-02-04T20:03:37","modified_gmt":"2025-02-04T20:03:37","slug":"silla-marroqui-hecha-a-mano-con-tapiceria-de-lana-roja-y-crema","status":"publish","type":"product","link":"https:\/\/berberedesign.com\/es\/silla-marroqui-hecha-a-mano-con-tapiceria-de-lana-roja-y-crema\/","title":{"rendered":"Silla marroqu\u00ed hecha a mano con tapicer\u00eda de lana roja y crema"},"content":{"rendered":"<div data-elementor-type=\"product-post\" data-elementor-id=\"105464\" class=\"elementor elementor-105464\" data-elementor-post-type=\"product\">\n\t\t\t\t<div class=\"elementor-element elementor-element-1951a47a e-flex e-con-boxed e-con e-parent\" data-id=\"1951a47a\" data-element_type=\"container\">\n\t\t\t\t\t<div class=\"e-con-inner\">\n\t\t\t\t<div class=\"elementor-element elementor-element-5adaa855 elementor-widget elementor-widget-text-editor\" data-id=\"5adaa855\" data-element_type=\"widget\" data-widget_type=\"text-editor.default\">\n\t\t\t\t<div class=\"elementor-widget-container\">\n\t\t\t\t\t\t\t\t\t<div>\n<h2>Silla marroqu\u00ed hecha a mano con tapicer\u00eda de lana roja y crema<\/h2>\nPonga un toque de elegancia marroqu\u00ed en su hogar con esta impresionante silla hecha a mano. Esta pieza \u00fanica combina la mejor artesan\u00eda tradicional con una est\u00e9tica moderna para crear un mueble que es tan c\u00f3modo como elegante.\n\n<strong>Caracter\u00edsticas:<\/strong>\n<ul>\n \t<li>Tapizado en lana marroqu\u00ed de alta calidad con un vibrante estampado rojo y crema.<\/li>\n \t<li>Estructura de madera hecha a mano que ofrece durabilidad y un dise\u00f1o atemporal.<\/li>\n \t<li>Perfecta para salones, rincones de lectura o como silla de acento en cualquier decoraci\u00f3n moderna o bohemia.<\/li>\n<\/ul>\nEl estampado rojo y crema de la tapicer\u00eda muestra el vibrante arte del dise\u00f1o textil marroqu\u00ed, mientras que la estructura de madera a\u00f1ade calidez y belleza natural. Cada silla se fabrica de forma \u00fanica, por lo que no hay dos piezas exactamente iguales.\n\nEsta silla es ideal para quienes aprecian los muebles artesanales de alta calidad que cuentan una historia. Util\u00edcela para a\u00f1adir un toque de color y cultura a su hogar u oficina.\n\n<\/div>\n&nbsp;\n\n<iframe title=\"Reproductor de v\u00eddeo YouTube\" src=\"https:\/\/www.youtube.com\/embed\/EQ36WwRDXK0?si=MxpBJ4us37DiPnCD\" width=\"560\" height=\"315\" frameborder=\"0\" allowfullscreen=\"allowfullscreen\"><\/iframe>\n\n&nbsp;\n<div>\n\n<strong>Instrucciones de cuidado:<\/strong> Limpie la tapicer\u00eda de lana cuando sea necesario. Evite exponer la estructura de madera a la humedad prolongada o a la luz solar directa para mantener su acabado natural.\n\n&nbsp;\n\n<\/div>\t\t\t\t\t\t\t\t<\/div>\n\t\t\t\t<\/div>\n\t\t\t\t\t<\/div>\n\t\t\t\t<\/div>\n\t\t\t\t<\/div>","protected":false},"excerpt":{"rendered":"<p>Realce su espacio con esta silla artesanal marroqu\u00ed, fabricada con una robusta estructura de madera y un lujoso y suave tapizado de lana roja y crema. Una mezcla perfecta de artesan\u00eda tradicional y dise\u00f1o moderno.<\/p>","protected":false},"featured_media":105465,"comment_status":"open","ping_status":"closed","template":"","meta":[],"product_brand":[],"product_cat":[15,351],"product_tag":[349],"class_list":{"0":"post-105464","1":"product","2":"type-product","3":"status-publish","4":"has-post-thumbnail","6":"product_cat-uncategorized","7":"product_cat-chair","8":"product_tag-chair","10":"first","11":"instock","12":"sale","13":"shipping-taxable","14":"purchasable","15":"product-type-simple"},"jetpack_sharing_enabled":true,"_links":{"self":[{"href":"https:\/\/berberedesign.com\/es\/wp-json\/wp\/v2\/product\/105464","targetHints":{"allow":["GET"]}}],"collection":[{"href":"https:\/\/berberedesign.com\/es\/wp-json\/wp\/v2\/product"}],"about":[{"href":"https:\/\/berberedesign.com\/es\/wp-json\/wp\/v2\/types\/product"}],"replies":[{"embeddable":true,"href":"https:\/\/berberedesign.com\/es\/wp-json\/wp\/v2\/comments?post=105464"}],"version-history":[{"count":4,"href":"https:\/\/berberedesign.com\/es\/wp-json\/wp\/v2\/product\/105464\/revisions"}],"predecessor-version":[{"id":106161,"href":"https:\/\/berberedesign.com\/es\/wp-json\/wp\/v2\/product\/105464\/revisions\/106161"}],"wp:featuredmedia":[{"embeddable":true,"href":"https:\/\/berberedesign.com\/es\/wp-json\/wp\/v2\/media\/105465"}],"wp:attachment":[{"href":"https:\/\/berberedesign.com\/es\/wp-json\/wp\/v2\/media?parent=105464"}],"wp:term":[{"taxonomy":"product_brand","embeddable":true,"href":"https:\/\/berberedesign.com\/es\/wp-json\/wp\/v2\/product_brand?post=105464"},{"taxonomy":"product_cat","embeddable":true,"href":"https:\/\/berberedesign.com\/es\/wp-json\/wp\/v2\/product_cat?post=105464"},{"taxonomy":"product_tag","embeddable":true,"href":"https:\/\/berberedesign.com\/es\/wp-json\/wp\/v2\/product_tag?post=105464"}],"curies":[{"name":"wp","href":"https:\/\/api.w.org\/{rel}","templated":true}]}}