{"id":105121,"date":"2025-01-22T17:58:16","date_gmt":"2025-01-22T17:58:16","guid":{"rendered":"https:\/\/berberedesign.com\/vibrant-green-moroccan-runner-rug\/"},"modified":"2025-02-14T16:16:45","modified_gmt":"2025-02-14T16:16:45","slug":"alfombra-marroqui-verde-vibrante","status":"publish","type":"product","link":"https:\/\/berberedesign.com\/es\/alfombra-marroqui-verde-vibrante\/","title":{"rendered":"Alfombra Verde Marroqu\u00ed"},"content":{"rendered":"<p>&lt;h2&gt;Tapis berb&egrave;re marocain vert - Artisanat authentique&lt;\/h2&gt;<br \/>\n&lt;p&gt;Sum&eacute;rgete en el universo del savoir-faire marroqu&iacute; con este hermoso tapiz bereber, dise&ntilde;ado a mano por artesanos de gran talento. Este tapiz de lino natural se distingue por su color verde vibrante, que evoca la frescura de los paisajes marroqu&iacute;es.&lt;\/p&gt;<\/p>\n<p>&lt;h3&gt;Caracter&iacute;sticas :&lt;\/h3&gt;<br \/>\n<ul><br \/>\n&lt;li&gt;&lt;strong&gt;Mat&eacute;riau :&lt;\/strong&gt; 100 % laine naturelle&lt;\/li&gt;<br \/>\n&lt;li&gt;&lt;strong&gt;Fabricaci&oacute;n :&lt;\/strong&gt; Tiss&eacute; &agrave; la main par des artisans berb&egrave;res&lt;\/li&gt;<br \/>\n&lt;li&gt;&lt;strong&gt;Couleur :&lt;\/strong&gt; Nuances de vert avec motifs subtils&lt;\/li&gt;<br \/>\n&lt;li&gt;&lt;strong&gt;Origen :&lt;\/strong&gt; Marruecos&lt;\/li&gt;<br \/>\n&lt;li&gt;&lt;strong&gt;Estilo :&lt;\/strong&gt; Boh&egrave;me, &eacute;tnica, tradicional&lt;\/li&gt;<br \/>\n<\/ul><\/p>\n<p>&lt;p&gt;Ideal para un sal&oacute;n, una habitaci&oacute;n o un despacho, este tapiz de madera aporta un toque c&aacute;lido y aut&eacute;ntico a cualquier tipo de interior. Su dise&ntilde;o intemporal y su tacto suave lo convierten en una pieza excepcional.&lt;\/p&gt;<\/p>\n<p>&lt;p&gt;Cada tapiz es &uacute;nico, fabricado seg&uacute;n las t&eacute;cnicas ancestrales transmitidas de generaci&oacute;n en generaci&oacute;n.&lt;\/p&gt;<\/p>\n<p>&lt;h3&gt;Entretien :&lt;\/h3&gt;<br \/>\n&lt;p&gt;Para conservar su belleza, aspire regularmente el tapiz sin escarcha y evite la exposici&oacute;n directa al sol.&lt;\/p&gt;<\/p>\n<p>&lt;p&gt;D&eacute;jese seducir por la elegancia marroqu&iacute; con este tapiz de madera refinado y aut&eacute;ntico.&lt;\/p&gt;<\/p>","protected":false},"excerpt":{"rendered":"<p>A\u00f1ada un toque de belleza natural a su hogar con esta alfombra marroqu\u00ed de color verde vibrante. Tejida a mano con t\u00e9cnicas bereberes tradicionales, su exuberante textura y sus tonos terrosos crean un ambiente sereno.<\/p>","protected":false},"featured_media":105122,"comment_status":"open","ping_status":"closed","template":"","meta":[],"product_brand":[],"product_cat":[190,319,318],"product_tag":[348],"class_list":{"0":"post-105121","1":"product","2":"type-product","3":"status-publish","4":"has-post-thumbnail","6":"product_cat-rugs","7":"product_cat-rugs-wool-handcrafted-benches","8":"product_cat-wool","9":"product_tag-rugs","10":"description-off","12":"first","13":"instock","14":"sale","15":"shipping-taxable","16":"purchasable","17":"product-type-variable"},"jetpack_sharing_enabled":true,"_links":{"self":[{"href":"https:\/\/berberedesign.com\/es\/wp-json\/wp\/v2\/product\/105121","targetHints":{"allow":["GET"]}}],"collection":[{"href":"https:\/\/berberedesign.com\/es\/wp-json\/wp\/v2\/product"}],"about":[{"href":"https:\/\/berberedesign.com\/es\/wp-json\/wp\/v2\/types\/product"}],"replies":[{"embeddable":true,"href":"https:\/\/berberedesign.com\/es\/wp-json\/wp\/v2\/comments?post=105121"}],"version-history":[{"count":3,"href":"https:\/\/berberedesign.com\/es\/wp-json\/wp\/v2\/product\/105121\/revisions"}],"predecessor-version":[{"id":106602,"href":"https:\/\/berberedesign.com\/es\/wp-json\/wp\/v2\/product\/105121\/revisions\/106602"}],"wp:featuredmedia":[{"embeddable":true,"href":"https:\/\/berberedesign.com\/es\/wp-json\/wp\/v2\/media\/105122"}],"wp:attachment":[{"href":"https:\/\/berberedesign.com\/es\/wp-json\/wp\/v2\/media?parent=105121"}],"wp:term":[{"taxonomy":"product_brand","embeddable":true,"href":"https:\/\/berberedesign.com\/es\/wp-json\/wp\/v2\/product_brand?post=105121"},{"taxonomy":"product_cat","embeddable":true,"href":"https:\/\/berberedesign.com\/es\/wp-json\/wp\/v2\/product_cat?post=105121"},{"taxonomy":"product_tag","embeddable":true,"href":"https:\/\/berberedesign.com\/es\/wp-json\/wp\/v2\/product_tag?post=105121"}],"curies":[{"name":"wp","href":"https:\/\/api.w.org\/{rel}","templated":true}]}}