{"id":104741,"date":"2025-01-21T23:21:10","date_gmt":"2025-01-21T23:21:10","guid":{"rendered":"https:\/\/berberedesign.com\/traditional-moroccan-diamond-pattern-wool-rug\/"},"modified":"2025-02-01T15:46:12","modified_gmt":"2025-02-01T15:46:12","slug":"alfombra-tradicional-marroqui-de-lana-con-rombos","status":"publish","type":"product","link":"https:\/\/berberedesign.com\/es\/alfombra-tradicional-marroqui-de-lana-con-rombos\/","title":{"rendered":"Alfombra tradicional marroqu\u00ed de lana con dise\u00f1o de rombos"},"content":{"rendered":"<p>\nLleve la belleza atemporal del arte marroqu\u00ed a su hogar con este <strong>Alfombra tradicional de lana con dise\u00f1o de rombos<\/strong>. Meticulosamente tejida a mano por h\u00e1biles artesanos, esta alfombra muestra un delicado dise\u00f1o de rombos acentuado por tonos naturales y terrosos. La textura afelpada de la lana aut\u00e9ntica proporciona una comodidad y durabilidad excepcionales, garantizando una combinaci\u00f3n perfecta de funcionalidad y est\u00e9tica.\n<\/p>\n<p>\nEsta alfombra marroqu\u00ed es un complemento ideal para su sal\u00f3n, dormitorio o estudio, ya que desprende calidez y elegancia. Su dise\u00f1o vers\u00e1til complementa tanto interiores modernos como tradicionales, convirti\u00e9ndola en una pieza destacada en cualquier ambiente. Experimente la herencia de la artesan\u00eda marroqu\u00ed con esta exquisita alfombra de lana.\n<\/p>\n<ul>\n<li><strong>Material:<\/strong> 100% Lana aut\u00e9ntica<\/li>\n<li><strong>Patr\u00f3n:<\/strong> Motivo de diamantes con detalles<\/li>\n<li><strong>Cuidado:<\/strong> Se recomienda limpiar las manchas o limpiar la alfombra profesionalmente<\/li>\n<\/ul>\n<p>Transforme su espacio con una pieza de la tradici\u00f3n marroqu\u00ed. \u00a1Pida el suyo hoy mismo!<\/p>","protected":false},"excerpt":{"rendered":"<p>Eleve su espacio vital con esta alfombra de lana marroqu\u00ed tejida a mano con un cl\u00e1sico dise\u00f1o de rombos. Sus tonos naturales e intrincados detalles reflejan una aut\u00e9ntica artesan\u00eda, perfecta para a\u00f1adir calidez y encanto a cualquier decoraci\u00f3n.<\/p>","protected":false},"featured_media":104849,"comment_status":"open","ping_status":"closed","template":"","meta":[],"product_brand":[],"product_cat":[190,319,318],"product_tag":[348],"class_list":{"0":"post-104741","1":"product","2":"type-product","3":"status-publish","4":"has-post-thumbnail","6":"product_cat-rugs","7":"product_cat-rugs-wool-handcrafted-benches","8":"product_cat-wool","9":"product_tag-rugs","10":"description-off","12":"first","13":"instock","14":"sale","15":"shipping-taxable","16":"purchasable","17":"product-type-variable"},"jetpack_sharing_enabled":true,"_links":{"self":[{"href":"https:\/\/berberedesign.com\/es\/wp-json\/wp\/v2\/product\/104741","targetHints":{"allow":["GET"]}}],"collection":[{"href":"https:\/\/berberedesign.com\/es\/wp-json\/wp\/v2\/product"}],"about":[{"href":"https:\/\/berberedesign.com\/es\/wp-json\/wp\/v2\/types\/product"}],"replies":[{"embeddable":true,"href":"https:\/\/berberedesign.com\/es\/wp-json\/wp\/v2\/comments?post=104741"}],"version-history":[{"count":1,"href":"https:\/\/berberedesign.com\/es\/wp-json\/wp\/v2\/product\/104741\/revisions"}],"predecessor-version":[{"id":104848,"href":"https:\/\/berberedesign.com\/es\/wp-json\/wp\/v2\/product\/104741\/revisions\/104848"}],"wp:featuredmedia":[{"embeddable":true,"href":"https:\/\/berberedesign.com\/es\/wp-json\/wp\/v2\/media\/104849"}],"wp:attachment":[{"href":"https:\/\/berberedesign.com\/es\/wp-json\/wp\/v2\/media?parent=104741"}],"wp:term":[{"taxonomy":"product_brand","embeddable":true,"href":"https:\/\/berberedesign.com\/es\/wp-json\/wp\/v2\/product_brand?post=104741"},{"taxonomy":"product_cat","embeddable":true,"href":"https:\/\/berberedesign.com\/es\/wp-json\/wp\/v2\/product_cat?post=104741"},{"taxonomy":"product_tag","embeddable":true,"href":"https:\/\/berberedesign.com\/es\/wp-json\/wp\/v2\/product_tag?post=104741"}],"curies":[{"name":"wp","href":"https:\/\/api.w.org\/{rel}","templated":true}]}}