{"id":104674,"date":"2025-01-21T23:20:54","date_gmt":"2025-01-21T23:20:54","guid":{"rendered":"https:\/\/berberedesign.com\/handwoven-moroccan-wool-rug-cream-with-subtle-pink-accents\/"},"modified":"2025-02-15T18:15:23","modified_gmt":"2025-02-15T18:15:23","slug":"alfombra-de-lana-marroqui-tejida-a-mano-crema-con-sutiles-toques-rosas","status":"publish","type":"product","link":"https:\/\/berberedesign.com\/es\/alfombra-de-lana-marroqui-tejida-a-mano-crema-con-sutiles-toques-rosas\/","title":{"rendered":"Alfombra de lana marroqu\u00ed tejida a mano - Crema con sutiles toques rosas"},"content":{"rendered":"<h1>Alfombra de lana marroqu\u00ed tejida a mano - Crema con sutiles toques rosas<\/h1>\n<p><strong>Transforme su espacio con la belleza de la artesan\u00eda marroqu\u00ed. Esta alfombra de lana tejida a mano presenta una suave base crema con delicados toques rosas, creando una mezcla perfecta de tradici\u00f3n y elegancia moderna.<\/strong><\/p>\n<p>Esta alfombra de lana marroqu\u00ed, elaborada por expertos artesanos, aporta un toque de calidez y sofisticaci\u00f3n a cualquier hogar. Su intrincado estampado y su sutil paleta de colores la convierten en un complemento vers\u00e1til tanto para interiores contempor\u00e1neos como tradicionales.<\/p>\n<ul>\n<li><strong>Aut\u00e9ntica artesan\u00eda:<\/strong> Tejido a mano por artesanos marroqu\u00edes con t\u00e9cnicas tradicionales.<\/li>\n<li><strong>Material de primera calidad:<\/strong> Fabricada con lana natural 100%, ofrece durabilidad y suavidad.<\/li>\n<li><strong>Dise\u00f1o elegante:<\/strong> Presenta una base de color crema con delicados detalles rosas y borlas trenzadas que le a\u00f1aden encanto.<\/li>\n<li><strong>Tama\u00f1o vers\u00e1til:<\/strong> Ideal para salones, dormitorios o como elemento decorativo en cualquier espacio.<\/li>\n<\/ul>\n<p>&nbsp;<\/p>\n<p><iframe title=\"Alfombra de lana marroqu\u00ed tejida a mano - Crema con sutiles toques rosas\" width=\"1200\" height=\"675\" src=\"https:\/\/www.youtube.com\/embed\/X2tyfIlocNg?feature=oembed&#038;enablejsapi=1&#038;origin=https:\/\/berberedesign.com\" frameborder=\"0\" allow=\"accelerometer; autoplay; clipboard-write; encrypted-media; gyroscope; picture-in-picture; web-share\" referrerpolicy=\"strict-origin-when-cross-origin\" allowfullscreen><\/iframe><\/p>\n<p>Adopte la elegancia y la tradici\u00f3n del dise\u00f1o marroqu\u00ed con esta alfombra de lana tejida a mano. Su estilo atemporal y su calidad premium la convierten en el complemento perfecto para la decoraci\u00f3n de tu hogar.<\/p>","protected":false},"excerpt":{"rendered":"<p>Eleve su espacio vital con esta alfombra de lana marroqu\u00ed tejida a mano. Con una suave base de color crema y sutiles detalles en rosa, aporta calidez y elegancia a cualquier habitaci\u00f3n.<\/p>","protected":false},"featured_media":104782,"comment_status":"open","ping_status":"closed","template":"","meta":[],"product_brand":[],"product_cat":[190,319,318],"product_tag":[348],"class_list":{"0":"post-104674","1":"product","2":"type-product","3":"status-publish","4":"has-post-thumbnail","6":"product_cat-rugs","7":"product_cat-rugs-wool-handcrafted-benches","8":"product_cat-wool","9":"product_tag-rugs","10":"description-off","12":"first","13":"instock","14":"sale","15":"shipping-taxable","16":"purchasable","17":"product-type-variable"},"jetpack_sharing_enabled":true,"_links":{"self":[{"href":"https:\/\/berberedesign.com\/es\/wp-json\/wp\/v2\/product\/104674","targetHints":{"allow":["GET"]}}],"collection":[{"href":"https:\/\/berberedesign.com\/es\/wp-json\/wp\/v2\/product"}],"about":[{"href":"https:\/\/berberedesign.com\/es\/wp-json\/wp\/v2\/types\/product"}],"replies":[{"embeddable":true,"href":"https:\/\/berberedesign.com\/es\/wp-json\/wp\/v2\/comments?post=104674"}],"version-history":[{"count":2,"href":"https:\/\/berberedesign.com\/es\/wp-json\/wp\/v2\/product\/104674\/revisions"}],"predecessor-version":[{"id":106661,"href":"https:\/\/berberedesign.com\/es\/wp-json\/wp\/v2\/product\/104674\/revisions\/106661"}],"wp:featuredmedia":[{"embeddable":true,"href":"https:\/\/berberedesign.com\/es\/wp-json\/wp\/v2\/media\/104782"}],"wp:attachment":[{"href":"https:\/\/berberedesign.com\/es\/wp-json\/wp\/v2\/media?parent=104674"}],"wp:term":[{"taxonomy":"product_brand","embeddable":true,"href":"https:\/\/berberedesign.com\/es\/wp-json\/wp\/v2\/product_brand?post=104674"},{"taxonomy":"product_cat","embeddable":true,"href":"https:\/\/berberedesign.com\/es\/wp-json\/wp\/v2\/product_cat?post=104674"},{"taxonomy":"product_tag","embeddable":true,"href":"https:\/\/berberedesign.com\/es\/wp-json\/wp\/v2\/product_tag?post=104674"}],"curies":[{"name":"wp","href":"https:\/\/api.w.org\/{rel}","templated":true}]}}