{"id":104446,"date":"2025-01-05T16:32:15","date_gmt":"2025-01-05T16:32:15","guid":{"rendered":"https:\/\/berberedesign.com\/handcrafted-moroccan-berber-babouches-a-vibrant-tribute-to-heritage\/"},"modified":"2025-03-16T11:33:56","modified_gmt":"2025-03-16T11:33:56","slug":"babuchas-artesanales-bereberes-marroquies-un-vibrante-homenaje-al-patrimonio","status":"publish","type":"product","link":"https:\/\/berberedesign.com\/es\/babuchas-artesanales-bereberes-marroquies-un-vibrante-homenaje-al-patrimonio\/","title":{"rendered":"Babuchas bereberes marroqu\u00edes artesanales: un vibrante homenaje al patrimonio"},"content":{"rendered":"<p>Experimente la esencia de la artesan\u00eda bereber con estos coloridos y vibrantes babuchas marroqu\u00edes. Cada par est\u00e1 meticulosamente hecho a mano por artesanos expertos, con intrincados dise\u00f1os inspirados en la cultura bereber tradicional.<\/p>\n<p>Aut\u00e9ntica artesan\u00eda bereber: Hecho a mano por artesanos marroqu\u00edes, celebrando tradiciones bereberes centenarias.<br \/>\nMateriales de alta calidad: Fabricado con cuero resistente y adornado con bordados vibrantes y duraderos.<br \/>\nDise\u00f1o llamativo: Patrones intrincados y colores llamativos que capturan la esencia del arte bereber marroqu\u00ed.<br \/>\nLa comodidad se une al estilo: Ligero y vers\u00e1til, ideal para el uso diario, eventos culturales, o como un regalo \u00fanico.<br \/>\nAd\u00e9ntrese en un mundo de herencia marroqu\u00ed con estos impresionantes babuchas bereberes. Perfectos para quienes valoran la autenticidad, la artesan\u00eda y la belleza cultural.<\/p>\n<p>&nbsp;<\/p>","protected":false},"excerpt":{"rendered":"<p>Ad\u00e9ntrese en la tradici\u00f3n con estos babuchas bereberes marroqu\u00edes maravillosamente hechas a mano. Sus vibrantes bordados y su dise\u00f1o aut\u00e9ntico los convierten en una mezcla perfecta de cultura y estilo.<\/p>","protected":false},"featured_media":104447,"comment_status":"open","ping_status":"closed","template":"","meta":[],"product_brand":[],"product_cat":[301,305,341],"product_tag":[],"class_list":{"0":"post-104446","1":"product","2":"type-product","3":"status-publish","4":"has-post-thumbnail","6":"product_cat-leather","7":"product_cat-shoes","8":"product_cat-shoes-2","9":"description-off","11":"first","12":"instock","13":"sale","14":"featured","15":"shipping-taxable","16":"purchasable","17":"product-type-variable"},"jetpack_sharing_enabled":true,"_links":{"self":[{"href":"https:\/\/berberedesign.com\/es\/wp-json\/wp\/v2\/product\/104446","targetHints":{"allow":["GET"]}}],"collection":[{"href":"https:\/\/berberedesign.com\/es\/wp-json\/wp\/v2\/product"}],"about":[{"href":"https:\/\/berberedesign.com\/es\/wp-json\/wp\/v2\/types\/product"}],"replies":[{"embeddable":true,"href":"https:\/\/berberedesign.com\/es\/wp-json\/wp\/v2\/comments?post=104446"}],"version-history":[{"count":2,"href":"https:\/\/berberedesign.com\/es\/wp-json\/wp\/v2\/product\/104446\/revisions"}],"predecessor-version":[{"id":104512,"href":"https:\/\/berberedesign.com\/es\/wp-json\/wp\/v2\/product\/104446\/revisions\/104512"}],"wp:featuredmedia":[{"embeddable":true,"href":"https:\/\/berberedesign.com\/es\/wp-json\/wp\/v2\/media\/104447"}],"wp:attachment":[{"href":"https:\/\/berberedesign.com\/es\/wp-json\/wp\/v2\/media?parent=104446"}],"wp:term":[{"taxonomy":"product_brand","embeddable":true,"href":"https:\/\/berberedesign.com\/es\/wp-json\/wp\/v2\/product_brand?post=104446"},{"taxonomy":"product_cat","embeddable":true,"href":"https:\/\/berberedesign.com\/es\/wp-json\/wp\/v2\/product_cat?post=104446"},{"taxonomy":"product_tag","embeddable":true,"href":"https:\/\/berberedesign.com\/es\/wp-json\/wp\/v2\/product_tag?post=104446"}],"curies":[{"name":"wp","href":"https:\/\/api.w.org\/{rel}","templated":true}]}}