{"id":104254,"date":"2025-01-04T19:09:25","date_gmt":"2025-01-04T19:09:25","guid":{"rendered":"https:\/\/berberedesign.com\/handcrafted-moroccan-leather-babouches-vibrant-yellow-elegance\/"},"modified":"2025-02-28T16:43:41","modified_gmt":"2025-02-28T16:43:41","slug":"babuchas-artesanales-de-cuero-marroqui-elegancia-amarillo-vibrante","status":"publish","type":"product","link":"https:\/\/berberedesign.com\/es\/babuchas-artesanales-de-cuero-marroqui-elegancia-amarillo-vibrante\/","title":{"rendered":"Babuchas artesanales marroqu\u00edes de cuero - Elegancia amarilla vibrante"},"content":{"rendered":"<h1>Babuchas artesanales marroqu\u00edes de cuero - Elegancia amarilla vibrante<\/h1>\n<p><strong>Disfrute de la comodidad y el estilo con estos babuchas marroqu\u00edes de cuero amarillo intenso. Hechos a mano por artesanos expertos, son perfectos para a\u00f1adir un toque de color a cualquier atuendo.<\/strong><\/p>\n<p>Celebre la artesan\u00eda marroqu\u00ed con estos impresionantes babuchas de cuero amarillo. Elaborados a mano con precisi\u00f3n y esmero, estos zapatos combinan tradici\u00f3n y estilo contempor\u00e1neo, lo que los convierte en imprescindibles para quienes valoran tanto la comodidad como la est\u00e9tica.<\/p>\n<ul>\n<li><strong>Dise\u00f1o aut\u00e9ntico:<\/strong> Fabricado por artesanos marroqu\u00edes con t\u00e9cnicas tradicionales transmitidas de generaci\u00f3n en generaci\u00f3n.<\/li>\n<li><strong>Materiales de primera calidad:<\/strong> Fabricado con piel suave y resistente para un confort duradero.<\/li>\n<li><strong>Color vibrante:<\/strong> El atrevido tono amarillo a\u00f1ade un toque \u00fanico y alegre a tu vestuario.<\/li>\n<li><strong>Uso vers\u00e1til:<\/strong> Perfecta para ropa informal, para descansar o como regalo con estilo.<\/li>\n<\/ul>\n<p><iframe title=\"&quot;C\u00f3mo hacer Babuchas Tradicionales Marroqu\u00edes: Tutorial paso a paso&quot;\" width=\"1200\" height=\"675\" src=\"https:\/\/www.youtube.com\/embed\/D22ZUZB0_wI?feature=oembed&#038;enablejsapi=1&#038;origin=https:\/\/berberedesign.com\" frameborder=\"0\" allow=\"accelerometer; autoplay; clipboard-write; encrypted-media; gyroscope; picture-in-picture; web-share\" referrerpolicy=\"strict-origin-when-cross-origin\" allowfullscreen><\/iframe><\/p>\n<p>Lleve un pedazo de Marruecos a su vida con estos excepcionales babuchas artesanales, que combinan la herencia cultural con un toque moderno.<\/p>","protected":false},"excerpt":{"rendered":"<p>Disfrute de la comodidad y el estilo con estos babuchas marroqu\u00edes de cuero amarillo intenso. Hechos a mano por artesanos expertos, son perfectos para a\u00f1adir un toque de color a cualquier atuendo.<\/p>","protected":false},"featured_media":104259,"comment_status":"open","ping_status":"closed","template":"","meta":[],"product_brand":[],"product_cat":[301,305,341],"product_tag":[],"class_list":{"0":"post-104254","1":"product","2":"type-product","3":"status-publish","4":"has-post-thumbnail","6":"product_cat-leather","7":"product_cat-shoes","8":"product_cat-shoes-2","9":"pa_size-330","10":"pa_size-331","11":"pa_size-332","12":"pa_size-333","13":"pa_size-344","14":"pa_size-345","15":"pa_size-346","16":"description-off","18":"first","19":"instock","20":"sale","21":"featured","22":"shipping-taxable","23":"purchasable","24":"product-type-variable"},"jetpack_sharing_enabled":true,"_links":{"self":[{"href":"https:\/\/berberedesign.com\/es\/wp-json\/wp\/v2\/product\/104254","targetHints":{"allow":["GET"]}}],"collection":[{"href":"https:\/\/berberedesign.com\/es\/wp-json\/wp\/v2\/product"}],"about":[{"href":"https:\/\/berberedesign.com\/es\/wp-json\/wp\/v2\/types\/product"}],"replies":[{"embeddable":true,"href":"https:\/\/berberedesign.com\/es\/wp-json\/wp\/v2\/comments?post=104254"}],"version-history":[{"count":10,"href":"https:\/\/berberedesign.com\/es\/wp-json\/wp\/v2\/product\/104254\/revisions"}],"predecessor-version":[{"id":106620,"href":"https:\/\/berberedesign.com\/es\/wp-json\/wp\/v2\/product\/104254\/revisions\/106620"}],"wp:featuredmedia":[{"embeddable":true,"href":"https:\/\/berberedesign.com\/es\/wp-json\/wp\/v2\/media\/104259"}],"wp:attachment":[{"href":"https:\/\/berberedesign.com\/es\/wp-json\/wp\/v2\/media?parent=104254"}],"wp:term":[{"taxonomy":"product_brand","embeddable":true,"href":"https:\/\/berberedesign.com\/es\/wp-json\/wp\/v2\/product_brand?post=104254"},{"taxonomy":"product_cat","embeddable":true,"href":"https:\/\/berberedesign.com\/es\/wp-json\/wp\/v2\/product_cat?post=104254"},{"taxonomy":"product_tag","embeddable":true,"href":"https:\/\/berberedesign.com\/es\/wp-json\/wp\/v2\/product_tag?post=104254"}],"curies":[{"name":"wp","href":"https:\/\/api.w.org\/{rel}","templated":true}]}}