{"id":103475,"date":"2024-12-27T20:41:09","date_gmt":"2024-12-27T20:41:09","guid":{"rendered":"https:\/\/berberedesign.com\/handmade-moroccan-mens-loafers-purple-and-beige-woven-design-with-leather-lining\/"},"modified":"2025-02-22T14:36:27","modified_gmt":"2025-02-22T14:36:27","slug":"mocasines-marroquies-hechos-a-mano-diseno-tejido-purpura-y-beige-con-forro-de-cuero","status":"publish","type":"product","link":"https:\/\/berberedesign.com\/es\/mocasines-marroquies-hechos-a-mano-diseno-tejido-purpura-y-beige-con-forro-de-cuero\/","title":{"rendered":"Mocasines marroqu\u00edes hechos a mano para hombre - Dise\u00f1o tejido p\u00farpura y beige con forro de piel"},"content":{"rendered":"<p>\n    Ad\u00e9ntrese en la sofisticaci\u00f3n atemporal con estos mocasines marroqu\u00edes hechos a mano para hombre, elaborados con una llamativa mezcla de tonos morados y beige. Con intrincados detalles tejidos y un lujoso forro de piel, estos mocasines muestran la artesan\u00eda tradicional marroqu\u00ed con un dise\u00f1o moderno y vers\u00e1til. Perfectos para salidas informales, eventos veraniegos u ocasiones formales, estos zapatos son una mezcla perfecta de estilo, comodidad y practicidad.\n<\/p>\n<p>\n    El forro de piel de primera calidad a\u00f1ade una capa de confort, garantizando una sensaci\u00f3n suave y transpirable para llevarlos todo el d\u00eda. Ligeros y duraderos, estos mocasines est\u00e1n dise\u00f1ados para proporcionar una elegancia y funcionalidad inigualables. Los materiales sostenibles y el meticuloso trabajo artesanal los convierten en una elecci\u00f3n con estilo y respetuosa con el medio ambiente.\n<\/p>\n<p>\n    Eleve su colecci\u00f3n de calzado con estos mocasines marroqu\u00edes para hombre hechos a mano. Ideales para quienes aprecian los zapatos hechos a mano de alta calidad que equilibran la tradici\u00f3n con la moda contempor\u00e1nea.\n<\/p>\n<p><img decoding=\"async\" src=\"https:\/\/berberedesign.com\/wp-content\/uploads\/2024\/12\/resized_image_1-1-1.jpg\" alt=\"Mocasines marroqu\u00edes hechos a mano en morado y beige con forro de piel - Vista superior\" style=\"width:100%;max-width:600px;\" title=\"\"><br \/>\n<img decoding=\"async\" src=\"https:\/\/berberedesign.com\/wp-content\/uploads\/2024\/12\/resized_image_6-1.jpg\" alt=\"Mocasines marroqu\u00edes hechos a mano en morado y beige con forro de piel - Vista lateral\" style=\"width:100%;max-width:600px;\" title=\"\"><\/p>","protected":false},"excerpt":{"rendered":"<p>Elegantes mocasines para hombre que presentan una mezcla de tonos morados y beige con intrincados detalles tejidos y un forro de piel de primera calidad. Ligeros, duraderos y perfectos para ocasiones informales y formales.<\/p>","protected":false},"featured_media":103476,"comment_status":"open","ping_status":"closed","template":"","meta":[],"product_brand":[],"product_cat":[307,309,341],"product_tag":[],"class_list":{"0":"post-103475","1":"product","2":"type-product","3":"status-publish","4":"has-post-thumbnail","6":"product_cat-rafia","7":"product_cat-shoes-rafia","8":"product_cat-shoes-2","9":"description-off","11":"first","12":"instock","13":"sale","14":"featured","15":"shipping-taxable","16":"purchasable","17":"product-type-variable"},"jetpack_sharing_enabled":true,"_links":{"self":[{"href":"https:\/\/berberedesign.com\/es\/wp-json\/wp\/v2\/product\/103475","targetHints":{"allow":["GET"]}}],"collection":[{"href":"https:\/\/berberedesign.com\/es\/wp-json\/wp\/v2\/product"}],"about":[{"href":"https:\/\/berberedesign.com\/es\/wp-json\/wp\/v2\/types\/product"}],"replies":[{"embeddable":true,"href":"https:\/\/berberedesign.com\/es\/wp-json\/wp\/v2\/comments?post=103475"}],"version-history":[{"count":2,"href":"https:\/\/berberedesign.com\/es\/wp-json\/wp\/v2\/product\/103475\/revisions"}],"predecessor-version":[{"id":103515,"href":"https:\/\/berberedesign.com\/es\/wp-json\/wp\/v2\/product\/103475\/revisions\/103515"}],"wp:featuredmedia":[{"embeddable":true,"href":"https:\/\/berberedesign.com\/es\/wp-json\/wp\/v2\/media\/103476"}],"wp:attachment":[{"href":"https:\/\/berberedesign.com\/es\/wp-json\/wp\/v2\/media?parent=103475"}],"wp:term":[{"taxonomy":"product_brand","embeddable":true,"href":"https:\/\/berberedesign.com\/es\/wp-json\/wp\/v2\/product_brand?post=103475"},{"taxonomy":"product_cat","embeddable":true,"href":"https:\/\/berberedesign.com\/es\/wp-json\/wp\/v2\/product_cat?post=103475"},{"taxonomy":"product_tag","embeddable":true,"href":"https:\/\/berberedesign.com\/es\/wp-json\/wp\/v2\/product_tag?post=103475"}],"curies":[{"name":"wp","href":"https:\/\/api.w.org\/{rel}","templated":true}]}}