{"id":103153,"date":"2024-12-26T14:49:01","date_gmt":"2024-12-26T14:49:01","guid":{"rendered":"https:\/\/berberedesign.com\/handmade-moroccan-straw-wedge-sandals-natural-beige-with-elevated-comfort\/"},"modified":"2025-02-22T15:19:01","modified_gmt":"2025-02-22T15:19:01","slug":"sandalias-de-cuna-de-paja-marroqui-hechas-a-mano-beige-natural-con-elevado-confort","status":"publish","type":"product","link":"https:\/\/berberedesign.com\/es\/sandalias-de-cuna-de-paja-marroqui-hechas-a-mano-beige-natural-con-elevado-confort\/","title":{"rendered":"Sandalias de cu\u00f1a de paja marroqu\u00edes hechas a mano - Beige natural con confort elevado"},"content":{"rendered":"<p>\n    Ad\u00e9ntrese en la elegancia atemporal con estas sandalias de cu\u00f1a de paja marroqu\u00ed hechas a mano en un tono beige natural. Meticulosamente elaboradas por h\u00e1biles artesanos, estas sandalias combinan la sencillez de los materiales naturales con un dise\u00f1o de cu\u00f1a elevada para mayor comodidad y sofisticaci\u00f3n. El intrincado tejido muestra la belleza de la artesan\u00eda tradicional marroqu\u00ed, haciendo que cada par sea \u00fanico.\n<\/p>\n<p>\n    Estas sandalias son ligeras y transpirables, perfectas para los c\u00e1lidos d\u00edas de verano. Ya sea paseando por un mercado, asistiendo a una reuni\u00f3n informal o disfrutando de una velada junto a la playa, estas cu\u00f1as artesanales ofrecen practicidad y estilo. Fabricadas con materiales sostenibles, son una opci\u00f3n perfecta para los entusiastas de la moda con conciencia ecol\u00f3gica.\n<\/p>\n<p>\n    A\u00f1ada estas vers\u00e1tiles cu\u00f1as a su colecci\u00f3n para disfrutar de una mezcla de tradici\u00f3n, comodidad y encanto contempor\u00e1neo. Son el calzado ideal para cualquiera que valore los dise\u00f1os artesanales de alta calidad con un toque de arte marroqu\u00ed.\n<\/p>\n<p><img decoding=\"async\" src=\"https:\/\/berberedesign.com\/wp-content\/uploads\/2024\/12\/DSC09099.jpg\" alt=\"Sandalias marroqu\u00edes de paja con cu\u00f1a hechas a mano - Vista lateral\" style=\"width:100%;max-width:600px\" title=\"\"><br \/>\n<img decoding=\"async\" src=\"https:\/\/berberedesign.com\/wp-content\/uploads\/2024\/12\/DSC09091.jpg\" alt=\"Sandalias marroqu\u00edes de paja con cu\u00f1a hechas a mano - Vista frontal\" style=\"width:100%;max-width:600px\" title=\"\"><\/p>","protected":false},"excerpt":{"rendered":"<p>Elegantes sandalias de cu\u00f1a marroqu\u00edes en beige natural. Ligeras, transpirables y dise\u00f1adas para ofrecer estilo y un elevado confort.<\/p>","protected":false},"featured_media":103154,"comment_status":"open","ping_status":"closed","template":"","meta":[],"product_brand":[],"product_cat":[307,336],"product_tag":[],"class_list":{"0":"post-103153","1":"product","2":"type-product","3":"status-publish","4":"has-post-thumbnail","6":"product_cat-rafia","7":"product_cat-sandal","8":"description-off","10":"first","11":"instock","12":"sale","13":"featured","14":"shipping-taxable","15":"purchasable","16":"product-type-variable"},"jetpack_sharing_enabled":true,"_links":{"self":[{"href":"https:\/\/berberedesign.com\/es\/wp-json\/wp\/v2\/product\/103153","targetHints":{"allow":["GET"]}}],"collection":[{"href":"https:\/\/berberedesign.com\/es\/wp-json\/wp\/v2\/product"}],"about":[{"href":"https:\/\/berberedesign.com\/es\/wp-json\/wp\/v2\/types\/product"}],"replies":[{"embeddable":true,"href":"https:\/\/berberedesign.com\/es\/wp-json\/wp\/v2\/comments?post=103153"}],"version-history":[{"count":2,"href":"https:\/\/berberedesign.com\/es\/wp-json\/wp\/v2\/product\/103153\/revisions"}],"predecessor-version":[{"id":106347,"href":"https:\/\/berberedesign.com\/es\/wp-json\/wp\/v2\/product\/103153\/revisions\/106347"}],"wp:featuredmedia":[{"embeddable":true,"href":"https:\/\/berberedesign.com\/es\/wp-json\/wp\/v2\/media\/103154"}],"wp:attachment":[{"href":"https:\/\/berberedesign.com\/es\/wp-json\/wp\/v2\/media?parent=103153"}],"wp:term":[{"taxonomy":"product_brand","embeddable":true,"href":"https:\/\/berberedesign.com\/es\/wp-json\/wp\/v2\/product_brand?post=103153"},{"taxonomy":"product_cat","embeddable":true,"href":"https:\/\/berberedesign.com\/es\/wp-json\/wp\/v2\/product_cat?post=103153"},{"taxonomy":"product_tag","embeddable":true,"href":"https:\/\/berberedesign.com\/es\/wp-json\/wp\/v2\/product_tag?post=103153"}],"curies":[{"name":"wp","href":"https:\/\/api.w.org\/{rel}","templated":true}]}}