{"id":103146,"date":"2024-12-26T14:49:00","date_gmt":"2024-12-26T14:49:00","guid":{"rendered":"https:\/\/berberedesign.com\/handmade-moroccan-beige-and-purple-straw-sandals-elegant-and-versatile\/"},"modified":"2025-11-18T20:03:30","modified_gmt":"2025-11-18T20:03:30","slug":"sandalias-marroquies-de-paja-beige-y-moradas-hechas-a-mano-elegantes-y-versatiles","status":"publish","type":"product","link":"https:\/\/berberedesign.com\/es\/sandalias-marroquies-de-paja-beige-y-moradas-hechas-a-mano-elegantes-y-versatiles\/","title":{"rendered":"Sandalias marroqu\u00edes de paja beige y morado hechas a mano - Elegantes y vers\u00e1tiles"},"content":{"rendered":"<p>\n    Ad\u00e9ntrese en la belleza de la artesan\u00eda marroqu\u00ed con estas exquisitas sandalias de paja hechas a mano. Con una combinaci\u00f3n \u00fanica de tonos beige y morado, estas sandalias aportan un toque de elegancia y tradici\u00f3n a su colecci\u00f3n de calzado. El intrincado dise\u00f1o tejido pone de relieve la habilidad y el arte de los artesanos marroqu\u00edes, haciendo de cada par una aut\u00e9ntica obra maestra.\n<\/p>\n<p>\n    Ligeras y transpirables, estas sandalias son ideales para los d\u00edas c\u00e1lidos de verano. Perfectas para salidas informales, paseos por la playa o reuniones relajantes, ofrecen una mezcla de comodidad y sofisticaci\u00f3n. Fabricadas con materiales sostenibles, representan la moda ecol\u00f3gica sin renunciar a la durabilidad ni al estilo.\n<\/p>\n<p>\n    Estas sandalias artesanales son una opci\u00f3n vers\u00e1til y elegante, tanto si desea ampliar su colecci\u00f3n personal como si busca un regalo original. Adopta el encanto atemporal de la tradici\u00f3n marroqu\u00ed y a\u00f1ade un toque de color a tu armario de verano con este impresionante par.\n<\/p>\n<p><img decoding=\"async\" src=\"https:\/\/berberedesign.com\/wp-content\/uploads\/2024\/12\/resized_4.jpg\" alt=\"Sandalias marroqu\u00edes de paja beige y morado hechas a mano\" style=\"width:100%;max-width:600px;\" title=\"\"><\/p>","protected":false},"excerpt":{"rendered":"<p>Preciosas sandalias marroqu\u00edes de paja en tonos beige y morado. Ligeras, transpirables y perfectas para salidas veraniegas o ropa informal.<\/p>","protected":false},"featured_media":103147,"comment_status":"open","ping_status":"closed","template":"","meta":[],"product_brand":[],"product_cat":[307,336],"product_tag":[],"class_list":{"0":"post-103146","1":"product","2":"type-product","3":"status-publish","4":"has-post-thumbnail","6":"product_cat-rafia","7":"product_cat-sandal","8":"description-off","10":"first","11":"instock","12":"sale","13":"featured","14":"shipping-taxable","15":"purchasable","16":"product-type-variable"},"jetpack_sharing_enabled":true,"_links":{"self":[{"href":"https:\/\/berberedesign.com\/es\/wp-json\/wp\/v2\/product\/103146","targetHints":{"allow":["GET"]}}],"collection":[{"href":"https:\/\/berberedesign.com\/es\/wp-json\/wp\/v2\/product"}],"about":[{"href":"https:\/\/berberedesign.com\/es\/wp-json\/wp\/v2\/types\/product"}],"replies":[{"embeddable":true,"href":"https:\/\/berberedesign.com\/es\/wp-json\/wp\/v2\/comments?post=103146"}],"version-history":[{"count":1,"href":"https:\/\/berberedesign.com\/es\/wp-json\/wp\/v2\/product\/103146\/revisions"}],"predecessor-version":[{"id":103198,"href":"https:\/\/berberedesign.com\/es\/wp-json\/wp\/v2\/product\/103146\/revisions\/103198"}],"wp:featuredmedia":[{"embeddable":true,"href":"https:\/\/berberedesign.com\/es\/wp-json\/wp\/v2\/media\/103147"}],"wp:attachment":[{"href":"https:\/\/berberedesign.com\/es\/wp-json\/wp\/v2\/media?parent=103146"}],"wp:term":[{"taxonomy":"product_brand","embeddable":true,"href":"https:\/\/berberedesign.com\/es\/wp-json\/wp\/v2\/product_brand?post=103146"},{"taxonomy":"product_cat","embeddable":true,"href":"https:\/\/berberedesign.com\/es\/wp-json\/wp\/v2\/product_cat?post=103146"},{"taxonomy":"product_tag","embeddable":true,"href":"https:\/\/berberedesign.com\/es\/wp-json\/wp\/v2\/product_tag?post=103146"}],"curies":[{"name":"wp","href":"https:\/\/api.w.org\/{rel}","templated":true}]}}