{"id":102502,"date":"2024-10-21T19:05:44","date_gmt":"2024-10-21T19:05:44","guid":{"rendered":"https:\/\/berberedesign.com\/full-white-leather-pouf-elegant-versatility-for-your-home\/"},"modified":"2025-02-28T16:43:32","modified_gmt":"2025-02-28T16:43:32","slug":"pouf-completo-de-cuero-blanco-elegante-versatilidad-para-su-hogar","status":"publish","type":"product","link":"https:\/\/berberedesign.com\/es\/pouf-completo-de-cuero-blanco-elegante-versatilidad-para-su-hogar\/","title":{"rendered":"Puf de cuero blanco: versatilidad elegante para su hogar"},"content":{"rendered":"<div data-elementor-type=\"product-post\" data-elementor-id=\"102502\" class=\"elementor elementor-102502\" data-elementor-post-type=\"product\">\n\t\t\t\t<div class=\"elementor-element elementor-element-15ef188 e-flex e-con-boxed e-con e-parent\" data-id=\"15ef188\" data-element_type=\"container\">\n\t\t\t\t\t<div class=\"e-con-inner\">\n\t\t\t\t<div class=\"elementor-element elementor-element-4998f51 elementor-widget elementor-widget-text-editor\" data-id=\"4998f51\" data-element_type=\"widget\" data-widget_type=\"text-editor.default\">\n\t\t\t\t<div class=\"elementor-widget-container\">\n\t\t\t\t\t\t\t\t\t<p>Transforme su espacio vital con nuestro exquisito puf de cuero blanco, dise\u00f1ado para a\u00f1adir un toque de elegancia y versatilidad a cualquier habitaci\u00f3n. Fabricado en piel duradera de alta calidad, este puf no solo es una elegante pieza decorativa, sino que tambi\u00e9n cumple m\u00faltiples funciones: perfecto como asiento adicional, como un acogedor reposapi\u00e9s o como un elegante elemento decorativo.<\/p><p>Caracter\u00edsticas principales:<\/p><p>- Calidad superior: Fabricado en piel suave y flexible que ofrece tanto comodidad como durabilidad, garantizando que resista el uso diario.<\/p><p>- Dise\u00f1o vers\u00e1til: El elegante acabado blanco complementa a la perfecci\u00f3n una gran variedad de estilos de interior, desde moderno a minimalista, por lo que es un complemento ideal para la decoraci\u00f3n de su hogar.<\/p><p>- F\u00e1cil de limpiar: Limpiar con un pa\u00f1o h\u00famedo para mantener su apariencia pr\u00edstina, asegurando que su puf se mantiene fresco y nuevo.<\/p><p>Ya sea que est\u00e9 buscando mejorar su sala de estar, dormitorio o espacio al aire libre, nuestro puf de cuero blanco es la elecci\u00f3n perfecta. Eleve la decoraci\u00f3n de su hogar y cree un ambiente elegante y acogedor con esta elegante pieza.<\/p>\t\t\t\t\t\t\t\t<\/div>\n\t\t\t\t<\/div>\n\t\t\t\t\t<\/div>\n\t\t\t\t<\/div>\n\t\t\t\t<\/div>","protected":false},"excerpt":{"rendered":"<p>Eleve su espacio con nuestro puf de cuero blanco. Hecho a mano de cuero de alta calidad, esta pieza elegante y vers\u00e1til sirve como asiento extra, un reposapi\u00e9s acogedor, o un acento elegante. Su elegante acabado en blanco complementa cualquier estilo de decoraci\u00f3n, por lo que es un complemento perfecto para su hogar. Transforme su sal\u00f3n con este elegante y funcional puf hoy mismo.<\/p>\n<p>https:\/\/www.youtube.com\/watch?v=c_10xM47nDw<\/p>","protected":false},"featured_media":102496,"comment_status":"open","ping_status":"closed","template":"","meta":[],"product_brand":[],"product_cat":[234,301,302,204,232,236],"product_tag":[],"class_list":{"0":"post-102502","1":"product","2":"type-product","3":"status-publish","4":"has-post-thumbnail","6":"product_cat-best-sellers","7":"product_cat-leather","8":"product_cat-leather-poufs","9":"product_cat-moroccan-poufs","10":"product_cat-new-arrivals","11":"product_cat-sale-items","13":"first","14":"instock","15":"sale","16":"shipping-taxable","17":"purchasable","18":"product-type-variable"},"jetpack_sharing_enabled":true,"_links":{"self":[{"href":"https:\/\/berberedesign.com\/es\/wp-json\/wp\/v2\/product\/102502","targetHints":{"allow":["GET"]}}],"collection":[{"href":"https:\/\/berberedesign.com\/es\/wp-json\/wp\/v2\/product"}],"about":[{"href":"https:\/\/berberedesign.com\/es\/wp-json\/wp\/v2\/types\/product"}],"replies":[{"embeddable":true,"href":"https:\/\/berberedesign.com\/es\/wp-json\/wp\/v2\/comments?post=102502"}],"version-history":[{"count":7,"href":"https:\/\/berberedesign.com\/es\/wp-json\/wp\/v2\/product\/102502\/revisions"}],"predecessor-version":[{"id":106805,"href":"https:\/\/berberedesign.com\/es\/wp-json\/wp\/v2\/product\/102502\/revisions\/106805"}],"wp:featuredmedia":[{"embeddable":true,"href":"https:\/\/berberedesign.com\/es\/wp-json\/wp\/v2\/media\/102496"}],"wp:attachment":[{"href":"https:\/\/berberedesign.com\/es\/wp-json\/wp\/v2\/media?parent=102502"}],"wp:term":[{"taxonomy":"product_brand","embeddable":true,"href":"https:\/\/berberedesign.com\/es\/wp-json\/wp\/v2\/product_brand?post=102502"},{"taxonomy":"product_cat","embeddable":true,"href":"https:\/\/berberedesign.com\/es\/wp-json\/wp\/v2\/product_cat?post=102502"},{"taxonomy":"product_tag","embeddable":true,"href":"https:\/\/berberedesign.com\/es\/wp-json\/wp\/v2\/product_tag?post=102502"}],"curies":[{"name":"wp","href":"https:\/\/api.w.org\/{rel}","templated":true}]}}