{"id":102287,"date":"2024-04-11T23:34:02","date_gmt":"2024-04-11T23:34:02","guid":{"rendered":"https:\/\/berberedesign.com\/?post_type=product&#038;p=102287"},"modified":"2026-03-10T11:14:06","modified_gmt":"2026-03-10T11:14:06","slug":"puf-redondo-negro-marroqui","status":"publish","type":"product","link":"https:\/\/berberedesign.com\/es\/puf-redondo-negro-marroqui\/","title":{"rendered":"Eclipse sahariano : Puf redondo negro marroqu\u00ed"},"content":{"rendered":"<p>A\u00f1ada un toque de sofisticaci\u00f3n atemporal a su sal\u00f3n con este puf redondo de piel marroqu\u00ed hecho a mano. Hecho a mano por artesanos expertos, este puf cuenta con cuero genuino de primera calidad en un tono negro cl\u00e1sico. Ya sea como reposapi\u00e9s, como asiento adicional o como elemento decorativo, su dise\u00f1o elegante y su fabricaci\u00f3n duradera lo convierten en el complemento perfecto para interiores modernos o tradicionales.<\/p>\n<ul>\n<li><strong>Aut\u00e9ntica artesan\u00eda:<\/strong> Hecho a mano por artesanos marroqu\u00edes con precisi\u00f3n y esmero.<\/li>\n<li><strong>Acabado negro cl\u00e1sico:<\/strong> Un tono elegante y neutro que complementa cualquier estilo decorativo.<\/li>\n<li><strong>Funcionalidad vers\u00e1til:<\/strong> Ideal como reposapi\u00e9s, asiento adicional o elegante centro de mesa.<\/li>\n<li><strong>Duradero y de larga duraci\u00f3n:<\/strong> Fabricado en piel aut\u00e9ntica de alta calidad para garantizar a\u00f1os de uso.<\/li>\n<li><strong>Dise\u00f1o sofisticado:<\/strong> Una pieza minimalista pero elegante que mezcla tradici\u00f3n y modernidad.<\/li>\n<\/ul>\n<p>Realce su hogar con este puf negro de cuero marroqu\u00ed, una mezcla perfecta de estilo, practicidad y herencia cultural.<\/p>\n<p><iframe title=\"Un talento de la artesan\u00eda marroqu\u00ed\" width=\"1200\" height=\"675\" src=\"https:\/\/www.youtube.com\/embed\/c_10xM47nDw?feature=oembed&#038;enablejsapi=1&#038;origin=https:\/\/berberedesign.com\" frameborder=\"0\" allow=\"accelerometer; autoplay; clipboard-write; encrypted-media; gyroscope; picture-in-picture; web-share\" referrerpolicy=\"strict-origin-when-cross-origin\" allowfullscreen><\/iframe><\/p>\n<p>&nbsp;<\/p>","protected":false},"excerpt":{"rendered":"<p>Experimente la elegancia del arte marroqu\u00ed con nuestro Eclipse Sahariano: Puf Marroqu\u00ed Redondo Negro. Perfectamente hecho a mano, este puf es m\u00e1s que un simple asiento; es una declaraci\u00f3n de sofisticaci\u00f3n. Su vers\u00e1til tono negro y su duradera construcci\u00f3n lo convierten en la opci\u00f3n ideal para cualquier espacio, ya sea como asiento, reposapi\u00e9s o elegante mesa auxiliar. Realce su hogar con esta pieza atemporal que encarna la rica herencia de Marruecos.<\/p>","protected":false},"featured_media":102400,"comment_status":"open","ping_status":"closed","template":"","meta":[],"product_brand":[],"product_cat":[234,202,302,204,232,236],"product_tag":[139,140],"class_list":{"0":"post-102287","1":"product","2":"type-product","3":"status-publish","4":"has-post-thumbnail","6":"product_cat-best-sellers","7":"product_cat-home-decor","8":"product_cat-leather-poufs","9":"product_cat-moroccan-poufs","10":"product_cat-new-arrivals","11":"product_cat-sale-items","12":"product_tag-moroccan-leather-pouf-cream","13":"product_tag-pouf-cream-moroccan-leather","14":"product_shipping_class-free","15":"description-off","17":"first","18":"instock","19":"sale","20":"shipping-taxable","21":"purchasable","22":"product-type-variable"},"jetpack_sharing_enabled":true,"_links":{"self":[{"href":"https:\/\/berberedesign.com\/es\/wp-json\/wp\/v2\/product\/102287","targetHints":{"allow":["GET"]}}],"collection":[{"href":"https:\/\/berberedesign.com\/es\/wp-json\/wp\/v2\/product"}],"about":[{"href":"https:\/\/berberedesign.com\/es\/wp-json\/wp\/v2\/types\/product"}],"replies":[{"embeddable":true,"href":"https:\/\/berberedesign.com\/es\/wp-json\/wp\/v2\/comments?post=102287"}],"version-history":[{"count":2,"href":"https:\/\/berberedesign.com\/es\/wp-json\/wp\/v2\/product\/102287\/revisions"}],"predecessor-version":[{"id":106810,"href":"https:\/\/berberedesign.com\/es\/wp-json\/wp\/v2\/product\/102287\/revisions\/106810"}],"wp:featuredmedia":[{"embeddable":true,"href":"https:\/\/berberedesign.com\/es\/wp-json\/wp\/v2\/media\/102400"}],"wp:attachment":[{"href":"https:\/\/berberedesign.com\/es\/wp-json\/wp\/v2\/media?parent=102287"}],"wp:term":[{"taxonomy":"product_brand","embeddable":true,"href":"https:\/\/berberedesign.com\/es\/wp-json\/wp\/v2\/product_brand?post=102287"},{"taxonomy":"product_cat","embeddable":true,"href":"https:\/\/berberedesign.com\/es\/wp-json\/wp\/v2\/product_cat?post=102287"},{"taxonomy":"product_tag","embeddable":true,"href":"https:\/\/berberedesign.com\/es\/wp-json\/wp\/v2\/product_tag?post=102287"}],"curies":[{"name":"wp","href":"https:\/\/api.w.org\/{rel}","templated":true}]}}