{"id":102280,"date":"2024-04-11T22:15:33","date_gmt":"2024-04-11T22:15:33","guid":{"rendered":"https:\/\/berberedesign.com\/?post_type=product&#038;p=102280"},"modified":"2025-07-22T01:34:01","modified_gmt":"2025-07-22T01:34:01","slug":"puf-marroqui-azul-marino","status":"publish","type":"product","link":"https:\/\/berberedesign.com\/es\/puf-marroqui-azul-marino\/","title":{"rendered":"Vers\u00e1til y con estilo: Nuestro puf marroqu\u00ed azul marino es imprescindible"},"content":{"rendered":"<p>A\u00f1ada un toque de sofisticaci\u00f3n a su sal\u00f3n con este puf de cuero marroqu\u00ed azul marino hecho a mano. Dise\u00f1ado por h\u00e1biles artesanos, este puf est\u00e1 fabricado en piel aut\u00e9ntica de alta calidad, ofreciendo un complemento duradero y elegante a su decoraci\u00f3n. Su profundo tono azul marino a\u00f1ade un toque contempor\u00e1neo pero atemporal, por lo que es una opci\u00f3n perfecta para cualquier habitaci\u00f3n.<\/p>\n<ul>\n<li><strong>Aut\u00e9ntica artesan\u00eda:<\/strong> Hecho a mano por artesanos marroqu\u00edes con t\u00e9cnicas tradicionales y cuero aut\u00e9ntico de primera calidad.<\/li>\n<li><strong>Color Azul Marino Profundo:<\/strong> Un tono atrevido y elegante que realza cualquier dise\u00f1o de interior.<\/li>\n<li><strong>Funcionalidad vers\u00e1til:<\/strong> Ideal como reposapi\u00e9s, asiento extra o pieza decorativa \u00fanica.<\/li>\n<li><strong>Duradero y resistente:<\/strong> Fabricado para durar con piel de alta calidad y mano de obra experta.<\/li>\n<li><strong>Dise\u00f1o moderno y atemporal:<\/strong> Perfecto para combinar la est\u00e9tica tradicional marroqu\u00ed con los interiores modernos.<\/li>\n<\/ul>\n<p>Transforme su hogar con este puf marroqu\u00ed de piel azul marino, una hermosa mezcla de comodidad, estilo y herencia marroqu\u00ed.<\/p>\n<p><iframe title=\"Un talento de la artesan\u00eda marroqu\u00ed\" width=\"1200\" height=\"675\" src=\"https:\/\/www.youtube.com\/embed\/c_10xM47nDw?feature=oembed&#038;enablejsapi=1&#038;origin=https:\/\/berberedesign.com\" frameborder=\"0\" allow=\"accelerometer; autoplay; clipboard-write; encrypted-media; gyroscope; picture-in-picture; web-share\" referrerpolicy=\"strict-origin-when-cross-origin\" allowfullscreen><\/iframe><\/p>","protected":false},"excerpt":{"rendered":"<p>Sum\u00e9rjase en la rica cultura y tradici\u00f3n de Marruecos con nuestro Puf Tradicional Marroqu\u00ed Azul Marino. Esta exquisita pieza es un testimonio de la belleza atemporal de la artesan\u00eda marroqu\u00ed, aportando un toque ex\u00f3tico a su decoraci\u00f3n interior. Hecho a mano en la bulliciosa ciudad de Marrakech por h\u00e1biles artesanos, cada puf es una pieza de arte \u00fanica, que encarna el esp\u00edritu de la herencia marroqu\u00ed.<\/p>","protected":false},"featured_media":102519,"comment_status":"open","ping_status":"closed","template":"","meta":[],"product_brand":[],"product_cat":[234,202,302,204,232,236],"product_tag":[139,140],"class_list":{"0":"post-102280","1":"product","2":"type-product","3":"status-publish","4":"has-post-thumbnail","6":"product_cat-best-sellers","7":"product_cat-home-decor","8":"product_cat-leather-poufs","9":"product_cat-moroccan-poufs","10":"product_cat-new-arrivals","11":"product_cat-sale-items","12":"product_tag-moroccan-leather-pouf-cream","13":"product_tag-pouf-cream-moroccan-leather","14":"product_shipping_class-free","15":"description-off","17":"first","18":"instock","19":"sale","20":"shipping-taxable","21":"purchasable","22":"product-type-variable"},"jetpack_sharing_enabled":true,"_links":{"self":[{"href":"https:\/\/berberedesign.com\/es\/wp-json\/wp\/v2\/product\/102280","targetHints":{"allow":["GET"]}}],"collection":[{"href":"https:\/\/berberedesign.com\/es\/wp-json\/wp\/v2\/product"}],"about":[{"href":"https:\/\/berberedesign.com\/es\/wp-json\/wp\/v2\/types\/product"}],"replies":[{"embeddable":true,"href":"https:\/\/berberedesign.com\/es\/wp-json\/wp\/v2\/comments?post=102280"}],"version-history":[{"count":3,"href":"https:\/\/berberedesign.com\/es\/wp-json\/wp\/v2\/product\/102280\/revisions"}],"predecessor-version":[{"id":106811,"href":"https:\/\/berberedesign.com\/es\/wp-json\/wp\/v2\/product\/102280\/revisions\/106811"}],"wp:featuredmedia":[{"embeddable":true,"href":"https:\/\/berberedesign.com\/es\/wp-json\/wp\/v2\/media\/102519"}],"wp:attachment":[{"href":"https:\/\/berberedesign.com\/es\/wp-json\/wp\/v2\/media?parent=102280"}],"wp:term":[{"taxonomy":"product_brand","embeddable":true,"href":"https:\/\/berberedesign.com\/es\/wp-json\/wp\/v2\/product_brand?post=102280"},{"taxonomy":"product_cat","embeddable":true,"href":"https:\/\/berberedesign.com\/es\/wp-json\/wp\/v2\/product_cat?post=102280"},{"taxonomy":"product_tag","embeddable":true,"href":"https:\/\/berberedesign.com\/es\/wp-json\/wp\/v2\/product_tag?post=102280"}],"curies":[{"name":"wp","href":"https:\/\/api.w.org\/{rel}","templated":true}]}}