{"id":102242,"date":"2024-03-31T20:16:16","date_gmt":"2024-03-31T20:16:16","guid":{"rendered":"https:\/\/berberedesign.com\/?post_type=product&#038;p=102242"},"modified":"2025-02-28T16:40:12","modified_gmt":"2025-02-28T16:40:12","slug":"puf-amarillo-de-cuero-marroqui-autentico","status":"publish","type":"product","link":"https:\/\/berberedesign.com\/es\/puf-amarillo-de-cuero-marroqui-autentico\/","title":{"rendered":"Transforme su espacio: Aut\u00e9ntico puf marroqu\u00ed de cuero amarillo"},"content":{"rendered":"<p>A\u00f1ada un toque de color a su hogar con este aut\u00e9ntico puf de cuero marroqu\u00ed hecho a mano. Fabricado en piel aut\u00e9ntica de primera calidad, este vibrante puf amarillo est\u00e1 meticulosamente dise\u00f1ado por expertos artesanos para aportar un toque de encanto marroqu\u00ed a cualquier espacio. Perfecto para usarlo como reposapi\u00e9s, como asiento extra o como acento decorativo, es una pieza audaz para su interior.<\/p>\n<ul>\n<li><strong>Aut\u00e9ntica artesan\u00eda:<\/strong> Hecho a mano por artesanos marroqu\u00edes con t\u00e9cnicas tradicionales y materiales de alta calidad.<\/li>\n<li><strong>Color amarillo vibrante:<\/strong> Un tono atrevido y alegre que anima al instante cualquier habitaci\u00f3n.<\/li>\n<li><strong>Funcionalidad vers\u00e1til:<\/strong> Util\u00edcelo como reposapi\u00e9s, asiento adicional o elemento decorativo.<\/li>\n<li><strong>Duradero y de larga duraci\u00f3n:<\/strong> Fabricado en piel aut\u00e9ntica y resistente para garantizar a\u00f1os de uso.<\/li>\n<li><strong>Patrimonio cultural:<\/strong> Una hermosa combinaci\u00f3n de dise\u00f1o tradicional marroqu\u00ed y atractivo moderno.<\/li>\n<\/ul>\n<p>Lleve la vitalidad del dise\u00f1o marroqu\u00ed a su hogar con este puf de cuero amarillo, una mezcla perfecta de elegancia, utilidad y tradici\u00f3n.<\/p>\n<p><iframe title=\"Un talento de la artesan\u00eda marroqu\u00ed\" width=\"1200\" height=\"675\" src=\"https:\/\/www.youtube.com\/embed\/c_10xM47nDw?feature=oembed&#038;enablejsapi=1&#038;origin=https:\/\/berberedesign.com\" frameborder=\"0\" allow=\"accelerometer; autoplay; clipboard-write; encrypted-media; gyroscope; picture-in-picture; web-share\" referrerpolicy=\"strict-origin-when-cross-origin\" allowfullscreen><\/iframe><\/p>","protected":false},"excerpt":{"rendered":"<p>Infunda a su hogar un toque de elegancia ex\u00f3tica con nuestro <strong>Puf marroqu\u00ed de cuero amarillo<\/strong>. Aut\u00e9ntico testimonio de la artesan\u00eda marroqu\u00ed, este puf est\u00e1 meticulosamente elaborado a mano a partir de <strong>100% cuero plena flor<\/strong>Las piezas se fabrican directamente en las prestigiosas curtidur\u00edas de Marrakech y Fez. Cada pieza es \u00fanica, con sutiles variaciones que dan fe de su autenticidad y encanto.<\/p>","protected":false},"featured_media":102416,"comment_status":"open","ping_status":"closed","template":"","meta":[],"product_brand":[],"product_cat":[234,202,302,204,232,236],"product_tag":[139,140],"class_list":{"0":"post-102242","1":"product","2":"type-product","3":"status-publish","4":"has-post-thumbnail","6":"product_cat-best-sellers","7":"product_cat-home-decor","8":"product_cat-leather-poufs","9":"product_cat-moroccan-poufs","10":"product_cat-new-arrivals","11":"product_cat-sale-items","12":"product_tag-moroccan-leather-pouf-cream","13":"product_tag-pouf-cream-moroccan-leather","14":"product_shipping_class-free","15":"description-off","17":"first","18":"instock","19":"sale","20":"shipping-taxable","21":"purchasable","22":"product-type-variable"},"jetpack_sharing_enabled":true,"_links":{"self":[{"href":"https:\/\/berberedesign.com\/es\/wp-json\/wp\/v2\/product\/102242","targetHints":{"allow":["GET"]}}],"collection":[{"href":"https:\/\/berberedesign.com\/es\/wp-json\/wp\/v2\/product"}],"about":[{"href":"https:\/\/berberedesign.com\/es\/wp-json\/wp\/v2\/types\/product"}],"replies":[{"embeddable":true,"href":"https:\/\/berberedesign.com\/es\/wp-json\/wp\/v2\/comments?post=102242"}],"version-history":[{"count":2,"href":"https:\/\/berberedesign.com\/es\/wp-json\/wp\/v2\/product\/102242\/revisions"}],"predecessor-version":[{"id":106812,"href":"https:\/\/berberedesign.com\/es\/wp-json\/wp\/v2\/product\/102242\/revisions\/106812"}],"wp:featuredmedia":[{"embeddable":true,"href":"https:\/\/berberedesign.com\/es\/wp-json\/wp\/v2\/media\/102416"}],"wp:attachment":[{"href":"https:\/\/berberedesign.com\/es\/wp-json\/wp\/v2\/media?parent=102242"}],"wp:term":[{"taxonomy":"product_brand","embeddable":true,"href":"https:\/\/berberedesign.com\/es\/wp-json\/wp\/v2\/product_brand?post=102242"},{"taxonomy":"product_cat","embeddable":true,"href":"https:\/\/berberedesign.com\/es\/wp-json\/wp\/v2\/product_cat?post=102242"},{"taxonomy":"product_tag","embeddable":true,"href":"https:\/\/berberedesign.com\/es\/wp-json\/wp\/v2\/product_tag?post=102242"}],"curies":[{"name":"wp","href":"https:\/\/api.w.org\/{rel}","templated":true}]}}