{"id":101926,"date":"2023-07-20T21:53:16","date_gmt":"2023-07-20T21:53:16","guid":{"rendered":"https:\/\/berberedesign.com\/?post_type=product&#038;p=101926"},"modified":"2024-12-16T03:29:40","modified_gmt":"2024-12-16T03:29:40","slug":"cautivadora-funda-de-almohada-bereber-roja-marroqui-vintage","status":"publish","type":"product","link":"https:\/\/berberedesign.com\/es\/cautivadora-funda-de-almohada-bereber-roja-marroqui-vintage\/","title":{"rendered":"Cautivador Vintage rojo bereber marroqu\u00ed funda de almohada"},"content":{"rendered":"<h1>Cautivadora funda de coj\u00edn bereber marroqu\u00ed roja vintage: Elegancia atemporal y herencia cultural<\/h1>\n<p>La Funda de Almohada Bereber Marroqu\u00ed Rojo Vintage es un accesorio \u00fanico y cautivador que aporta un toque de historia y herencia cultural a su espacio vital. Esta funda de almohada est\u00e1 meticulosamente elaborada con una mezcla de t\u00e9cnicas y materiales tradicionales, capturando la esencia del arte bereber marroqu\u00ed. La funda tiene un tono rojo intenso que a\u00f1ade un toque de color a la decoraci\u00f3n. Su aspecto vintage aporta nostalgia y car\u00e1cter a cualquier habitaci\u00f3n. Los intrincados dise\u00f1os est\u00e1n inspirados en la cultura bereber e incorporan patrones geom\u00e9tricos, s\u00edmbolos y motivos que encierran significados simb\u00f3licos y cuentan historias del patrimonio de la regi\u00f3n.<\/p>\n<p><img fetchpriority=\"high\" decoding=\"async\" class=\"aligncenter wp-image-101012 size-large\" src=\"https:\/\/berberedesign.com\/wp-content\/uploads\/2023\/06\/NEW-Vintage-red-moroccan-berber-pillow-cover-1024x683.webp\" alt=\"NUEVO Vintage rojo bereber marroqu\u00ed funda de almohada\" width=\"1024\" height=\"683\" title=\"\" srcset=\"https:\/\/berberedesign.com\/wp-content\/uploads\/2023\/06\/NEW-Vintage-red-moroccan-berber-pillow-cover-1024x683.webp 1024w, https:\/\/berberedesign.com\/wp-content\/uploads\/2023\/06\/NEW-Vintage-red-moroccan-berber-pillow-cover-300x200.webp 300w, https:\/\/berberedesign.com\/wp-content\/uploads\/2023\/06\/NEW-Vintage-red-moroccan-berber-pillow-cover-768x512.webp 768w, https:\/\/berberedesign.com\/wp-content\/uploads\/2023\/06\/NEW-Vintage-red-moroccan-berber-pillow-cover-18x12.webp 18w, https:\/\/berberedesign.com\/wp-content\/uploads\/2023\/06\/NEW-Vintage-red-moroccan-berber-pillow-cover-1064x710.webp 1064w, https:\/\/berberedesign.com\/wp-content\/uploads\/2023\/06\/NEW-Vintage-red-moroccan-berber-pillow-cover-20x13.webp 20w, https:\/\/berberedesign.com\/wp-content\/uploads\/2023\/06\/NEW-Vintage-red-moroccan-berber-pillow-cover-64x43.webp 64w, https:\/\/berberedesign.com\/wp-content\/uploads\/2023\/06\/NEW-Vintage-red-moroccan-berber-pillow-cover-1080x721.webp 1080w, https:\/\/berberedesign.com\/wp-content\/uploads\/2023\/06\/NEW-Vintage-red-moroccan-berber-pillow-cover-980x654.webp 980w, https:\/\/berberedesign.com\/wp-content\/uploads\/2023\/06\/NEW-Vintage-red-moroccan-berber-pillow-cover-480x320.webp 480w, https:\/\/berberedesign.com\/wp-content\/uploads\/2023\/06\/NEW-Vintage-red-moroccan-berber-pillow-cover.webp 1280w\" sizes=\"(max-width: 1024px) 100vw, 1024px\"><\/p>\n<p>Fabricada con un tejido de alta calidad, la funda de almohada ofrece durabilidad y textura. Est\u00e1 cuidadosamente tejida, bordada o pintada a mano por artesanos expertos, lo que garantiza que cada pieza sea \u00fanica y muestre la artesan\u00eda transmitida de generaci\u00f3n en generaci\u00f3n. Esta vers\u00e1til funda de almohada est\u00e1 dise\u00f1ada para adaptarse a almohadas de tama\u00f1o est\u00e1ndar, lo que permite una f\u00e1cil integraci\u00f3n en su decoraci\u00f3n actual. Puede utilizarse para realzar el aspecto de su sof\u00e1, cama o sill\u00f3n, transformando al instante el ambiente de la habitaci\u00f3n.<\/p>\n<p>La Funda de Almohada Bereber Marroqu\u00ed Roja Vintage es una hermosa pieza que llama la atenci\u00f3n y entabla conversaci\u00f3n. Su atractivo atemporal y su significado cultural lo convierten en un preciado complemento para su hogar, evocando una sensaci\u00f3n de encanto ex\u00f3tico y calidez acogedora.<\/p>\n<p><img decoding=\"async\" class=\"aligncenter wp-image-101013 size-large\" src=\"https:\/\/berberedesign.com\/wp-content\/uploads\/2023\/06\/THE-NEW-Vintage-red-moroccan-berber-pillow-cover-1024x683.webp\" alt=\"LA NUEVA funda de almohada bereber marroqu\u00ed roja vintage\" width=\"1024\" height=\"683\" title=\"\" srcset=\"https:\/\/berberedesign.com\/wp-content\/uploads\/2023\/06\/THE-NEW-Vintage-red-moroccan-berber-pillow-cover-1024x683.webp 1024w, https:\/\/berberedesign.com\/wp-content\/uploads\/2023\/06\/THE-NEW-Vintage-red-moroccan-berber-pillow-cover-300x200.webp 300w, https:\/\/berberedesign.com\/wp-content\/uploads\/2023\/06\/THE-NEW-Vintage-red-moroccan-berber-pillow-cover-768x512.webp 768w, https:\/\/berberedesign.com\/wp-content\/uploads\/2023\/06\/THE-NEW-Vintage-red-moroccan-berber-pillow-cover-18x12.webp 18w, https:\/\/berberedesign.com\/wp-content\/uploads\/2023\/06\/THE-NEW-Vintage-red-moroccan-berber-pillow-cover-1064x710.webp 1064w, https:\/\/berberedesign.com\/wp-content\/uploads\/2023\/06\/THE-NEW-Vintage-red-moroccan-berber-pillow-cover-20x13.webp 20w, https:\/\/berberedesign.com\/wp-content\/uploads\/2023\/06\/THE-NEW-Vintage-red-moroccan-berber-pillow-cover-64x43.webp 64w, https:\/\/berberedesign.com\/wp-content\/uploads\/2023\/06\/THE-NEW-Vintage-red-moroccan-berber-pillow-cover-1080x721.webp 1080w, https:\/\/berberedesign.com\/wp-content\/uploads\/2023\/06\/THE-NEW-Vintage-red-moroccan-berber-pillow-cover-980x654.webp 980w, https:\/\/berberedesign.com\/wp-content\/uploads\/2023\/06\/THE-NEW-Vintage-red-moroccan-berber-pillow-cover-480x320.webp 480w, https:\/\/berberedesign.com\/wp-content\/uploads\/2023\/06\/THE-NEW-Vintage-red-moroccan-berber-pillow-cover.webp 1280w\" sizes=\"(max-width: 1024px) 100vw, 1024px\"><\/p>\n<p>Tenga en cuenta que este producto s\u00f3lo incluye la funda de almohada y no el relleno. Se recomienda utilizar una funda de almohada de 45 x 45 cm (18 x 18 pulgadas) o similar para que la almohada quede bien ajustada y llena.<\/p>","protected":false},"excerpt":{"rendered":"<p>La funda de coj\u00edn bereber marroqu\u00ed rojo vintage es un art\u00edculo de decoraci\u00f3n atemporal y aut\u00e9ntico que muestra un intenso color rojo y dise\u00f1os bereberes marroqu\u00edes tradicionales.<\/p>","protected":false},"featured_media":100949,"comment_status":"open","ping_status":"closed","template":"","meta":[],"product_brand":[],"product_cat":[234,198,197,199,232,196,200,236,201],"product_tag":[],"class_list":{"0":"post-101926","1":"product","2":"type-product","3":"status-publish","4":"has-post-thumbnail","6":"product_cat-best-sellers","7":"product_cat-embroidered-cushions","8":"product_cat-handwoven-berber-pillows","9":"product_cat-kilim-pillow-covers","10":"product_cat-new-arrivals","11":"product_cat-pillows-and-cushions","12":"product_cat-pom-pom-cushions","13":"product_cat-sale-items","14":"product_cat-vintage-berber-pillows","15":"product_shipping_class-free","16":"description-off","18":"first","19":"instock","20":"featured","21":"shipping-taxable","22":"purchasable","23":"product-type-simple"},"jetpack_sharing_enabled":true,"_links":{"self":[{"href":"https:\/\/berberedesign.com\/es\/wp-json\/wp\/v2\/product\/101926","targetHints":{"allow":["GET"]}}],"collection":[{"href":"https:\/\/berberedesign.com\/es\/wp-json\/wp\/v2\/product"}],"about":[{"href":"https:\/\/berberedesign.com\/es\/wp-json\/wp\/v2\/types\/product"}],"replies":[{"embeddable":true,"href":"https:\/\/berberedesign.com\/es\/wp-json\/wp\/v2\/comments?post=101926"}],"version-history":[{"count":0,"href":"https:\/\/berberedesign.com\/es\/wp-json\/wp\/v2\/product\/101926\/revisions"}],"wp:featuredmedia":[{"embeddable":true,"href":"https:\/\/berberedesign.com\/es\/wp-json\/wp\/v2\/media\/100949"}],"wp:attachment":[{"href":"https:\/\/berberedesign.com\/es\/wp-json\/wp\/v2\/media?parent=101926"}],"wp:term":[{"taxonomy":"product_brand","embeddable":true,"href":"https:\/\/berberedesign.com\/es\/wp-json\/wp\/v2\/product_brand?post=101926"},{"taxonomy":"product_cat","embeddable":true,"href":"https:\/\/berberedesign.com\/es\/wp-json\/wp\/v2\/product_cat?post=101926"},{"taxonomy":"product_tag","embeddable":true,"href":"https:\/\/berberedesign.com\/es\/wp-json\/wp\/v2\/product_tag?post=101926"}],"curies":[{"name":"wp","href":"https:\/\/api.w.org\/{rel}","templated":true}]}}