{"id":101918,"date":"2023-07-20T14:27:47","date_gmt":"2023-07-20T14:27:47","guid":{"rendered":"https:\/\/berberedesign.com\/?post_type=product&#038;p=101918"},"modified":"2025-02-28T16:43:41","modified_gmt":"2025-02-28T16:43:41","slug":"fundas-de-cojin-artesanales-de-color-rojo-marroqui","status":"publish","type":"product","link":"https:\/\/berberedesign.com\/es\/fundas-de-cojin-artesanales-de-color-rojo-marroqui\/","title":{"rendered":"Fundas de coj\u00edn artesanales de color rojo marroqu\u00ed | Comprar cojines decorativos a medida"},"content":{"rendered":"<p>Presentamos nuestra exquisita colecci\u00f3n de fundas de coj\u00edn rojas marroqu\u00edes hechas a mano, el complemento perfecto para realzar la decoraci\u00f3n de su hogar. Estas fundas \u00fanicas y de intrincado dise\u00f1o est\u00e1n meticulosamente elaboradas por h\u00e1biles artesanos, capturando la rica herencia cultural de Marruecos. Si desea a\u00f1adir un toque de elegancia a su sal\u00f3n, dormitorio o cualquier otro espacio, nuestros cojines personalizados son la elecci\u00f3n ideal.<\/p>\n<p>Cada funda de coj\u00edn est\u00e1 hecha a mano con materiales de primera calidad, cuidadosamente seleccionados para garantizar su durabilidad y longevidad. La destreza de los artesanos queda patente en los detalles, como los intrincados bordados, los vibrantes colores y los motivos tradicionales que muestran la belleza del arte marroqu\u00ed. Estas fundas son un verdadero testimonio del talento y la dedicaci\u00f3n de nuestros artesanos.<\/p>\n<p><img fetchpriority=\"high\" decoding=\"async\" class=\"aligncenter wp-image-101921 size-large\" src=\"https:\/\/berberedesign.com\/wp-content\/uploads\/2023\/07\/Handmade-Moroccan-Red-Cushion-Covers--1024x683.webp\" alt=\"Fundas de coj\u00edn marroqu\u00edes rojas hechas a mano \" width=\"1024\" height=\"683\" title=\"\"><\/p>\n<p>Nuestras fundas de coj\u00edn marroqu\u00edes no s\u00f3lo son visualmente atractivas, sino que tambi\u00e9n proporcionan una comodidad y un soporte excepcionales. Est\u00e1n dise\u00f1adas para adaptarse a cojines de tama\u00f1o est\u00e1ndar, por lo que es f\u00e1cil transformar sus cojines existentes en piezas cautivadoras. La textura suave y afelpada de las fundas a\u00f1ade un elemento acogedor y atractivo a cualquier habitaci\u00f3n, permiti\u00e9ndole relajarse y descansar con estilo.<\/p>\n<p>Lo que distingue a nuestras fundas de coj\u00edn marroqu\u00edes hechas a mano es su versatilidad. Combinan a la perfecci\u00f3n con una amplia gama de estilos de decoraci\u00f3n, desde el moderno y contempor\u00e1neo hasta el bohemio y ecl\u00e9ctico. Tanto si prefiere una est\u00e9tica minimalista como un aspecto m\u00e1s vibrante y ecl\u00e9ctico, nuestras fundas de coj\u00edn complementan sin esfuerzo su estilo personal y la decoraci\u00f3n de su hogar.<\/p>\n<p>En nuestra tienda, damos prioridad a la personalizaci\u00f3n para satisfacer sus preferencias \u00fanicas. Ofrecemos una amplia selecci\u00f3n de combinaciones de colores, dise\u00f1os y tama\u00f1os entre los que elegir, para garantizar que encuentre la combinaci\u00f3n perfecta para su visi\u00f3n del dise\u00f1o de interiores. Puede mezclar y combinar diferentes dise\u00f1os para crear un conjunto cautivador o elegir una \u00fanica pieza destacada que se convierta en el punto focal de su espacio.<\/p>\n<p>Al comprar nuestras fundas de coj\u00edn marroqu\u00edes hechas a mano, no s\u00f3lo est\u00e1 invirtiendo en un art\u00edculo decorativo, sino que est\u00e1 apoyando la artesan\u00eda tradicional y dando poder a los artesanos. Estamos comprometidos con las pr\u00e1cticas de comercio justo, garantizando que nuestros artesanos reciban una compensaci\u00f3n justa por sus excepcionales habilidades y su duro trabajo.<\/p>\n<p><img decoding=\"async\" class=\"aligncenter wp-image-101924 size-large\" src=\"https:\/\/berberedesign.com\/wp-content\/uploads\/2023\/07\/Handmade-Moroccan-Cushion-1024x683.webp\" alt=\"Coj\u00edn marroqu\u00ed hecho a mano\" width=\"1024\" height=\"683\" title=\"\"><\/p>\n<p>Revitalice su hogar con la elegancia atemporal del dise\u00f1o marroqu\u00ed a\u00f1adiendo a su colecci\u00f3n nuestras Fundas de Coj\u00edn Marroqu\u00edes Hechas a Mano. Con su exquisita artesan\u00eda, calidad superior y opciones personalizables, estas fundas de coj\u00edn son imprescindibles para cualquiera que busque crear un ambiente c\u00e1lido y acogedor en su espacio vital. Compre ahora y experimente la belleza del arte marroqu\u00ed en la comodidad de su hogar.<\/p>","protected":false},"excerpt":{"rendered":"<p>Eleve la decoraci\u00f3n de su hogar con nuestras fundas de coj\u00edn marroqu\u00edes hechas a mano. Estas fundas de coj\u00edn personalizadas cuentan con bordados intrincados, colores vibrantes y patrones tradicionales que capturan la belleza del arte marroqu\u00ed. Hechas con materiales de primera calidad, proporcionan comodidad y estilo, complementando sin esfuerzo cualquier dise\u00f1o interior. Elija entre una variedad de colores, dise\u00f1os y tama\u00f1os para crear un aspecto personalizado. Apoye las pr\u00e1cticas de comercio justo y potencie a los artesanos con cada compra. Transforma tu espacio con la elegancia atemporal de nuestras fundas de coj\u00edn marroqu\u00edes hechas a mano. Compre ahora y lleve el encanto de Marruecos a su hogar.<\/p>","protected":false},"featured_media":101919,"comment_status":"open","ping_status":"closed","template":"","meta":[],"product_brand":[],"product_cat":[234,198,197,199,232,196,200,236,201],"product_tag":[],"class_list":{"0":"post-101918","1":"product","2":"type-product","3":"status-publish","4":"has-post-thumbnail","6":"product_cat-best-sellers","7":"product_cat-embroidered-cushions","8":"product_cat-handwoven-berber-pillows","9":"product_cat-kilim-pillow-covers","10":"product_cat-new-arrivals","11":"product_cat-pillows-and-cushions","12":"product_cat-pom-pom-cushions","13":"product_cat-sale-items","14":"product_cat-vintage-berber-pillows","15":"product_shipping_class-free","16":"description-off","18":"first","19":"instock","20":"featured","21":"shipping-taxable","22":"purchasable","23":"product-type-simple"},"jetpack_sharing_enabled":true,"_links":{"self":[{"href":"https:\/\/berberedesign.com\/es\/wp-json\/wp\/v2\/product\/101918","targetHints":{"allow":["GET"]}}],"collection":[{"href":"https:\/\/berberedesign.com\/es\/wp-json\/wp\/v2\/product"}],"about":[{"href":"https:\/\/berberedesign.com\/es\/wp-json\/wp\/v2\/types\/product"}],"replies":[{"embeddable":true,"href":"https:\/\/berberedesign.com\/es\/wp-json\/wp\/v2\/comments?post=101918"}],"version-history":[{"count":0,"href":"https:\/\/berberedesign.com\/es\/wp-json\/wp\/v2\/product\/101918\/revisions"}],"wp:featuredmedia":[{"embeddable":true,"href":"https:\/\/berberedesign.com\/es\/wp-json\/wp\/v2\/media\/101919"}],"wp:attachment":[{"href":"https:\/\/berberedesign.com\/es\/wp-json\/wp\/v2\/media?parent=101918"}],"wp:term":[{"taxonomy":"product_brand","embeddable":true,"href":"https:\/\/berberedesign.com\/es\/wp-json\/wp\/v2\/product_brand?post=101918"},{"taxonomy":"product_cat","embeddable":true,"href":"https:\/\/berberedesign.com\/es\/wp-json\/wp\/v2\/product_cat?post=101918"},{"taxonomy":"product_tag","embeddable":true,"href":"https:\/\/berberedesign.com\/es\/wp-json\/wp\/v2\/product_tag?post=101918"}],"curies":[{"name":"wp","href":"https:\/\/api.w.org\/{rel}","templated":true}]}}